{"id":609,"date":"2024-02-11T11:23:38","date_gmt":"2024-02-11T11:23:38","guid":{"rendered":"https:\/\/txakoliarritxola.com\/?page_id=609"},"modified":"2024-02-11T11:25:36","modified_gmt":"2024-02-11T11:25:36","slug":"erreserbak-reservas-reservations-bookings","status":"publish","type":"page","link":"https:\/\/txakoliarritxola.com\/?page_id=609","title":{"rendered":"ERRESERBAK &#8211; RESERVAS &#8211; R\u00c9SERVATIONS &#8211; BOOKINGS"},"content":{"rendered":" <div id=\"form_id136783697897\"  class=\"wpbc_container wpbc_form wpbc_container_booking_form  \" ><form  id=\"booking_form1\"   class=\"booking_form vertical\" method=\"post\" action=\"\"><div id=\"ajax_respond_insert1\" class=\"ajax_respond_insert\" style=\"display:none;\"><\/div><a name=\"bklnk1\" id=\"bklnk1\"><\/a><div id=\"booking_form_div1\" class=\"booking_form_div\"><style type=\"text\/css\">.wpbc_container_booking_form .block_hints, .wpbc_booking_form_simple.wpbc_form_center .wpbc__form__div .wpbc__row.wpbc_r_calendar,  .wpbc_booking_form_simple .wpbc__form__div .wpbc__row:not(.wpbc_r_calendar){max-width:440px;} <\/style>\n<div class=\"wpbc_booking_form_simple \">\n   <div class=\"wpbc__form__div\">\n    <div class=\"wpbc_r_calendar wpbc__row\">\n      <div class=\"wpbc__field\"> <div class=\"wpbc_calendar_wraper wpbc_change_over_triangle\"><div class=\"wpbc_cal_container bk_calendar_frame wpbc_no_custom_width  months_num_in_row_ cal_month_num_3\" style=\"\"><div id=\"calendar_booking1\">Cargando Calendario...<\/div><\/div><div style=\"font-size:7px;text-align:left;margin:0 0 10px;text-shadow: none;\">Powered by <a href=\"https:\/\/wpbookingcalendar.com\" style=\"font-size:7px;\" target=\"_blank\" title=\"Booking Calendar plugin for WordPress\">Booking Calendar<\/a><\/div><textarea id=\"date_booking1\" name=\"date_booking1\" autocomplete=\"off\" style=\"display:none;\"><\/textarea><div class=\"block_hints datepick \"><div class=\"wpdev_hint_with_text\"><div class=\"block_free datepick-days-cell\"><a>&nbsp;<\/a><\/div><div class=\"block_text\">- <\/div><div class=\"block_text\">Disponible<\/div><\/div><div class=\"wpdev_hint_with_text\"><div class=\"block_booked date_approved\">&nbsp;<\/div><div class=\"block_text\">- <\/div><div class=\"block_text\">Reservado<\/div><\/div><div class=\"wpdev_hint_with_text\"><div class=\"block_pending date2approve\">&nbsp;<\/div><div class=\"block_text\">- <\/div><div class=\"block_text\">Pendiente<\/div><\/div><div class=\"wpdev_hint_with_text\"><div class=\"\"><span class=\" wpbc_change_over_triangle\"><div class=\"datepick-inline wpbc_calendar_legend_table_width_height\"><table class=\"datepick\" style=\"\"><tbody><tr><td class=\"datepick-days-cell date_available date2approve timespartly times_clock wpbc_calendar_legend_day_cell_height\"><div class=\"wpbc-cell-box\">\t<div class=\"wpbc-diagonal-el\">\t\t<div class=\"wpbc-co-out\"><svg height=\"100%\" width=\"100%\" viewBox=\"0 0 100 100\" preserveAspectRatio=\"none\"><polygon points=\"0,0 0,99 99,0\"><\/polygon><polygon points=\"0,0 0,100 49,100 49,0\"><\/polygon><\/svg><\/div>\t\t<div class=\"wpbc-co-in\"><svg height=\"100%\" width=\"100%\" viewBox=\"0 0 98 98\" preserveAspectRatio=\"none\"><polygon points=\"0,99 99,99 99,0\"><\/polygon><polygon points=\"50,98 98,98 98,0 50,0\"><\/polygon><\/svg><\/div>\t<\/div>\t<div class=\"date-cell-content\">\t\t<div class=\"date-content-top\"><div class=\"wpbc_time_dots\">\u00b7<\/div><\/div>\t\t<a>&nbsp;<\/a>\t\t<div class=\"date-content-bottom\"><\/div>\t<\/div><\/div><\/td><\/tr><\/tbody><\/table><\/div><\/span><\/div><div class=\"block_text\">- <\/div><div class=\"block_text\">Parcialmente reservado<\/div><\/div><\/div><\/div><\/div>\n    <\/div>\n    <div class=\"wpbc_r_rangetime wpbc__row\">\n      <div class=\"wpbc__field\">  <label for=\"rangetime1\">Hora vistita*:<\/label><br>   <select name=\"rangetime1\" id=\"rangetime1\" class=\"input-xlarge wpdev-validates-as-required\" >  <option value=\"09:15 - 10:00\" >9.15 a 10h<\/option>  <option value=\"10:15 - 11:00\" >10.15  11h<\/option>  <option value=\"11:15 - 12:00\" >11.15 a 12h<\/option>  <option value=\"12:15 - 13:00\" >12.15 a 13h<\/option>  <option value=\"16:15 - 17:00\" >16.15 a 17h<\/option>  <option value=\"17:15 - 18:00\" >17.15 a 18h<\/option>  <option value=\"18:15 - 19:00\" >18.15 a 19h<\/option>     <\/select><\/div>\n    <\/div>\n    <div class=\"wpbc_r_name wpbc__row\">\n      <div class=\"wpbc__field\">  <label for=\"name1\">Nombre*:<\/label><br>   <input type=\"text\" name=\"name1\" id=\"name1\" class=\"input-xlarge wpdev-validates-as-required\" \/><\/div>\n    <\/div>\n    <div class=\"wpbc_r_secondname wpbc__row\">\n      <div class=\"wpbc__field\">  <label for=\"secondname1\">Primer apellido*:<\/label><br>   <input type=\"text\" name=\"secondname1\" id=\"secondname1\" class=\"input-xlarge wpdev-validates-as-required\" \/><\/div>\n    <\/div>\n    <div class=\"wpbc_r_email wpbc__row\">\n      <div class=\"wpbc__field\">  <label for=\"email1\">Email*:<\/label><br>   <input type=\"text\" name=\"email1\" id=\"email1\" class=\"input-xlarge wpdev-validates-as-email wpdev-validates-as-required wpdev-validates-as-required\" \/><\/div>\n    <\/div>\n    <div class=\"wpbc_r_visitors wpbc__row\">\n      <div class=\"wpbc__field\">  <label for=\"visitors1\">Numero de visitantes (m\u00e1ximo 8 personas)*:<\/label><br>   <select name=\"visitors1\" id=\"visitors1\" class=\"input-xlarge wpdev-validates-as-required\" >  <option value=\"1\" >1<\/option>  <option value=\"2\" >2<\/option>  <option value=\"3\" >3<\/option>  <option value=\"4\" >4<\/option>  <option value=\"5\" >5<\/option>  <option value=\"6\" >6<\/option>  <option value=\"7\" >7<\/option>  <option value=\"8\" >8<\/option>     <\/select><\/div>\n    <\/div>\n    <div class=\"wpbc_r_phone wpbc__row\">\n      <div class=\"wpbc__field\">  <label for=\"phone1\">Tel\u00e9fono movil*:<\/label><br>   <input type=\"text\" name=\"phone1\" id=\"phone1\" class=\"input-xlarge wpdev-validates-as-required\" \/><\/div>\n    <\/div>\n    <div class=\"wpbc_r_details wpbc__row\">\n      <div class=\"wpbc__field\">  <label for=\"details1\">Comentarios*:<\/label><br>   <textarea  rows=\"3\" name=\"details1\" id=\"details1\" class=\"input-xlarge wpdev-validates-as-required\" ><\/textarea><\/div>\n    <\/div>\n    <div class=\"wpbc_r_captcha wpbc__row\">\n      <div class=\"wpbc__field\"> <\/div>\n    <\/div>\n    <div class=\"wpbc_r_submit wpbc__row\">\n      <div class=\"wpbc__field\"> <button class=\"wpbc_button_light\" type=\"button\" onclick=\"mybooking_submit(this.form,1,'es_ES');\" >Enviar formulario<\/button>\n<\/div>\n    <\/div>\n   <\/div>\n<\/div><input id=\"bk_type1\" name=\"bk_type1\" class=\"\" type=\"hidden\" value=\"1\" \/><\/div><div id=\"submiting1\"><\/div><div class=\"form_bk_messages\" id=\"form_bk_messages1\" ><\/div><input type=\"hidden\" id=\"wpbc_nonceCALCULATE_THE_COST1\" name=\"wpbc_nonceCALCULATE_THE_COST1\" value=\"1bb50449b5\" \/><input type=\"hidden\" name=\"_wp_http_referer\" value=\"\/index.php?rest_route=%2Fwp%2Fv2%2Fpages%2F609\" \/><\/form><\/div><div id=\"booking_form_garbage1\" class=\"booking_form_garbage\"><\/div><script type=\"text\/javascript\"> (function() { var a = setInterval( function() {  if ( ( 'undefined' === typeof jQuery ) || ! window.jQuery ) { return; } clearInterval( a ); jQuery( document ).ready( function (){ jQuery(\".widget_wpdev_booking .booking_form.form-horizontal\").removeClass(\"form-horizontal\");\n                                    var visible_calendars_count = _wpbc.get_other_param( \"calendars__on_this_page\" ).length;\n                                    if (visible_calendars_count !== null ) {\n                                        for (var i=0;i< visible_calendars_count ;i++){\n                                          if ( _wpbc.get_other_param( \"calendars__on_this_page\" )[i] === 1 ) {\n                                              document.getElementById(\"form_id136783697897\").innerHTML = \"<span style='color:#A00;font-size:10px;'>Advertencia! calendario de reserva para este recurso est\u00e1 adem\u00e1s en la p\u00e1gina, compruebe m\u00e1s acerca de este problema en esta p\u00e1gina: https:\/\/wpbookingcalendar.com\/faq\/why-the-booking-calendar-widget-not-show-on-page\/<\/span>\";                                                                                                  \n                                              jQuery(\"#form_id136783697897\").animate( {opacity: 1}, 10000 ).fadeOut(5000);\n                                              return;\n                                          }\n                                        }\n                                        _wpbc.get_other_param( \"calendars__on_this_page\" )[ visible_calendars_count ]=1;\n                                    } } ); }, 500 ); })();<\/script> <script type=\"text\/javascript\"> (function() { var a = setInterval( function() {  if ( ( 'undefined' === typeof jQuery ) || ! window.jQuery ) { return; } clearInterval( a ); jQuery( document ).ready( function (){ _wpbc.balancer__set_max_threads( 3 );  _wpbc.calendar__set_param_value( 1 , 'calendar_scroll_to' , false );  _wpbc.calendar__set_param_value( 1 , 'booking_max_monthes_in_calendar' , '1y' );  _wpbc.calendar__set_param_value( 1 , 'booking_start_day_weeek' , '1' );  _wpbc.calendar__set_param_value( 1 , 'calendar_number_of_months' , '3' );   _wpbc.calendar__set_param_value( 1, 'days_select_mode', 'single' );   _wpbc.calendar__set_param_value( 1, 'fixed__days_num', 0 );   _wpbc.calendar__set_param_value( 1, 'fixed__week_days__start',   [] );   _wpbc.calendar__set_param_value( 1, 'dynamic__days_min', 0 );   _wpbc.calendar__set_param_value( 1, 'dynamic__days_max', 0 );   _wpbc.calendar__set_param_value( 1, 'dynamic__days_specific',    [] );   _wpbc.calendar__set_param_value( 1, 'dynamic__week_days__start', [] );   _wpbc.calendar__set_param_value( 1, 'booking_date_format', 'j M Y' );   _wpbc.calendar__set_param_value( 1, 'booking_time_format', 'H:i' );   if ( 'function' === typeof ( wpbc__conditions__SAVE_INITIAL__days_selection_params__bm ) ){ wpbc__conditions__SAVE_INITIAL__days_selection_params__bm( 1 ); }   wpbc_calendar_show( '1' );   _wpbc.set_secure_param( 'nonce',   'd720b859fd' );   _wpbc.set_secure_param( 'user_id', '0' );   _wpbc.set_secure_param( 'locale',  'es_ES' );  wpbc_calendar__load_data__ajx( {\"resource_id\":1,\"booking_hash\":\"\",\"request_uri\":\"\\\/index.php?rest_route=%2Fwp%2Fv2%2Fpages%2F609\",\"custom_form\":\"standard\",\"aggregate_resource_id_str\":\"\",\"aggregate_type\":\"all\"} ); } ); }, 500 ); })();<\/script>\n","protected":false},"excerpt":{"rendered":"","protected":false},"author":1,"featured_media":0,"parent":0,"menu_order":0,"comment_status":"closed","ping_status":"closed","template":"page-templates\/page_fullwidth.php","meta":{"om_disable_all_campaigns":false,"_monsterinsights_skip_tracking":false,"_monsterinsights_sitenote_active":false,"_monsterinsights_sitenote_note":"","_monsterinsights_sitenote_category":0,"_uf_show_specific_survey":0,"_uf_disable_surveys":false,"footnotes":""},"class_list":["post-609","page","type-page","status-publish","hentry"],"aioseo_notices":[],"yoast_head":"<!-- This site is optimized with the Yoast SEO plugin v23.5 - https:\/\/yoast.com\/wordpress\/plugins\/seo\/ -->\n<title>ERRESERBAK - RESERVAS - R\u00c9SERVATIONS - BOOKINGS - Bodega Txakoli Arritxola upategia<\/title>\n<meta name=\"robots\" content=\"index, follow, max-snippet:-1, max-image-preview:large, max-video-preview:-1\" \/>\n<link rel=\"canonical\" href=\"https:\/\/txakoliarritxola.com\/?page_id=609\" \/>\n<meta property=\"og:locale\" content=\"es_ES\" \/>\n<meta property=\"og:type\" content=\"article\" \/>\n<meta property=\"og:title\" content=\"ERRESERBAK - RESERVAS - R\u00c9SERVATIONS - BOOKINGS - Bodega Txakoli Arritxola upategia\" \/>\n<meta property=\"og:url\" content=\"https:\/\/txakoliarritxola.com\/?page_id=609\" \/>\n<meta property=\"og:site_name\" content=\"Bodega Txakoli Arritxola upategia\" \/>\n<meta property=\"article:modified_time\" content=\"2024-02-11T11:25:36+00:00\" \/>\n<meta name=\"twitter:card\" content=\"summary_large_image\" \/>\n<meta name=\"twitter:label1\" content=\"Tiempo de lectura\" \/>\n\t<meta name=\"twitter:data1\" content=\"1 minuto\" \/>\n<script type=\"application\/ld+json\" class=\"yoast-schema-graph\">{\"@context\":\"https:\/\/schema.org\",\"@graph\":[{\"@type\":\"WebPage\",\"@id\":\"https:\/\/txakoliarritxola.com\/?page_id=609\",\"url\":\"https:\/\/txakoliarritxola.com\/?page_id=609\",\"name\":\"ERRESERBAK - RESERVAS - R\u00c9SERVATIONS - BOOKINGS - Bodega Txakoli Arritxola upategia\",\"isPartOf\":{\"@id\":\"https:\/\/txakoliarritxola.com\/#website\"},\"datePublished\":\"2024-02-11T11:23:38+00:00\",\"dateModified\":\"2024-02-11T11:25:36+00:00\",\"breadcrumb\":{\"@id\":\"https:\/\/txakoliarritxola.com\/?page_id=609#breadcrumb\"},\"inLanguage\":\"es\",\"potentialAction\":[{\"@type\":\"ReadAction\",\"target\":[\"https:\/\/txakoliarritxola.com\/?page_id=609\"]}]},{\"@type\":\"BreadcrumbList\",\"@id\":\"https:\/\/txakoliarritxola.com\/?page_id=609#breadcrumb\",\"itemListElement\":[{\"@type\":\"ListItem\",\"position\":1,\"name\":\"Portada\",\"item\":\"https:\/\/txakoliarritxola.com\/\"},{\"@type\":\"ListItem\",\"position\":2,\"name\":\"ERRESERBAK &#8211; RESERVAS &#8211; R\u00c9SERVATIONS &#8211; BOOKINGS\"}]},{\"@type\":\"WebSite\",\"@id\":\"https:\/\/txakoliarritxola.com\/#website\",\"url\":\"https:\/\/txakoliarritxola.com\/\",\"name\":\"Bodega Txakoli Arritxola upategia\",\"description\":\"Txakoli y destilados exclusivos en la Ribera del Ibaizabal\",\"potentialAction\":[{\"@type\":\"SearchAction\",\"target\":{\"@type\":\"EntryPoint\",\"urlTemplate\":\"https:\/\/txakoliarritxola.com\/?s={search_term_string}\"},\"query-input\":{\"@type\":\"PropertyValueSpecification\",\"valueRequired\":true,\"valueName\":\"search_term_string\"}}],\"inLanguage\":\"es\"}]}<\/script>\n<!-- \/ Yoast SEO plugin. -->","yoast_head_json":{"title":"ERRESERBAK - RESERVAS - R\u00c9SERVATIONS - BOOKINGS - Bodega Txakoli Arritxola upategia","robots":{"index":"index","follow":"follow","max-snippet":"max-snippet:-1","max-image-preview":"max-image-preview:large","max-video-preview":"max-video-preview:-1"},"canonical":"https:\/\/txakoliarritxola.com\/?page_id=609","og_locale":"es_ES","og_type":"article","og_title":"ERRESERBAK - RESERVAS - R\u00c9SERVATIONS - BOOKINGS - Bodega Txakoli Arritxola upategia","og_url":"https:\/\/txakoliarritxola.com\/?page_id=609","og_site_name":"Bodega Txakoli Arritxola upategia","article_modified_time":"2024-02-11T11:25:36+00:00","twitter_card":"summary_large_image","twitter_misc":{"Tiempo de lectura":"1 minuto"},"schema":{"@context":"https:\/\/schema.org","@graph":[{"@type":"WebPage","@id":"https:\/\/txakoliarritxola.com\/?page_id=609","url":"https:\/\/txakoliarritxola.com\/?page_id=609","name":"ERRESERBAK - RESERVAS - R\u00c9SERVATIONS - BOOKINGS - Bodega Txakoli Arritxola upategia","isPartOf":{"@id":"https:\/\/txakoliarritxola.com\/#website"},"datePublished":"2024-02-11T11:23:38+00:00","dateModified":"2024-02-11T11:25:36+00:00","breadcrumb":{"@id":"https:\/\/txakoliarritxola.com\/?page_id=609#breadcrumb"},"inLanguage":"es","potentialAction":[{"@type":"ReadAction","target":["https:\/\/txakoliarritxola.com\/?page_id=609"]}]},{"@type":"BreadcrumbList","@id":"https:\/\/txakoliarritxola.com\/?page_id=609#breadcrumb","itemListElement":[{"@type":"ListItem","position":1,"name":"Portada","item":"https:\/\/txakoliarritxola.com\/"},{"@type":"ListItem","position":2,"name":"ERRESERBAK &#8211; RESERVAS &#8211; R\u00c9SERVATIONS &#8211; BOOKINGS"}]},{"@type":"WebSite","@id":"https:\/\/txakoliarritxola.com\/#website","url":"https:\/\/txakoliarritxola.com\/","name":"Bodega Txakoli Arritxola upategia","description":"Txakoli y destilados exclusivos en la Ribera del Ibaizabal","potentialAction":[{"@type":"SearchAction","target":{"@type":"EntryPoint","urlTemplate":"https:\/\/txakoliarritxola.com\/?s={search_term_string}"},"query-input":{"@type":"PropertyValueSpecification","valueRequired":true,"valueName":"search_term_string"}}],"inLanguage":"es"}]}},"_links":{"self":[{"href":"https:\/\/txakoliarritxola.com\/index.php?rest_route=\/wp\/v2\/pages\/609"}],"collection":[{"href":"https:\/\/txakoliarritxola.com\/index.php?rest_route=\/wp\/v2\/pages"}],"about":[{"href":"https:\/\/txakoliarritxola.com\/index.php?rest_route=\/wp\/v2\/types\/page"}],"author":[{"embeddable":true,"href":"https:\/\/txakoliarritxola.com\/index.php?rest_route=\/wp\/v2\/users\/1"}],"replies":[{"embeddable":true,"href":"https:\/\/txakoliarritxola.com\/index.php?rest_route=%2Fwp%2Fv2%2Fcomments&post=609"}],"version-history":[{"count":1,"href":"https:\/\/txakoliarritxola.com\/index.php?rest_route=\/wp\/v2\/pages\/609\/revisions"}],"predecessor-version":[{"id":610,"href":"https:\/\/txakoliarritxola.com\/index.php?rest_route=\/wp\/v2\/pages\/609\/revisions\/610"}],"wp:attachment":[{"href":"https:\/\/txakoliarritxola.com\/index.php?rest_route=%2Fwp%2Fv2%2Fmedia&parent=609"}],"curies":[{"name":"wp","href":"https:\/\/api.w.org\/{rel}","templated":true}]}}