{"id":394,"date":"2020-04-19T23:16:41","date_gmt":"2020-04-19T23:16:41","guid":{"rendered":"https:\/\/txakoliarritxola.com\/?page_id=394"},"modified":"2023-01-13T07:05:48","modified_gmt":"2023-01-13T07:05:48","slug":"aviso-legal","status":"publish","type":"page","link":"https:\/\/txakoliarritxola.com\/?page_id=394","title":{"rendered":"Aviso Legal y Pol\u00edtica de Privacidad"},"content":{"rendered":"\t\t<div data-elementor-type=\"wp-page\" data-elementor-id=\"394\" class=\"elementor elementor-394\">\n\t\t\t\t\t\t<section class=\"elementor-section elementor-top-section elementor-element elementor-element-3ee7c1b elementor-section-boxed elementor-section-height-default elementor-section-height-default\" data-id=\"3ee7c1b\" data-element_type=\"section\">\n\t\t\t\t\t\t<div class=\"elementor-container elementor-column-gap-default\">\n\t\t\t\t\t<div class=\"elementor-column elementor-col-100 elementor-top-column elementor-element elementor-element-604d3ac\" data-id=\"604d3ac\" data-element_type=\"column\">\n\t\t\t<div class=\"elementor-widget-wrap elementor-element-populated\">\n\t\t\t\t\t\t<div class=\"elementor-element elementor-element-e305497 elementor-widget elementor-widget-heading\" data-id=\"e305497\" data-element_type=\"widget\" data-widget_type=\"heading.default\">\n\t\t\t\t<div class=\"elementor-widget-container\">\n\t\t\t<h2 class=\"elementor-heading-title elementor-size-xl\">AVISO LEGAL Y POL\u00cdTICA DE PRIVACIDAD<\/h2>\t\t<\/div>\n\t\t\t\t<\/div>\n\t\t\t\t\t<\/div>\n\t\t<\/div>\n\t\t\t\t\t<\/div>\n\t\t<\/section>\n\t\t\t\t<section class=\"elementor-section elementor-top-section elementor-element elementor-element-9ac5606 elementor-section-boxed elementor-section-height-default elementor-section-height-default\" data-id=\"9ac5606\" data-element_type=\"section\">\n\t\t\t\t\t\t<div class=\"elementor-container elementor-column-gap-default\">\n\t\t\t\t\t<div class=\"elementor-column elementor-col-100 elementor-top-column elementor-element elementor-element-1888e08e\" data-id=\"1888e08e\" data-element_type=\"column\">\n\t\t\t<div class=\"elementor-widget-wrap elementor-element-populated\">\n\t\t\t\t\t\t<div class=\"elementor-element elementor-element-5b8bb498 elementor-widget elementor-widget-text-editor\" data-id=\"5b8bb498\" data-element_type=\"widget\" data-widget_type=\"text-editor.default\">\n\t\t\t\t<div class=\"elementor-widget-container\">\n\t\t\t\t\t\t\t<p><strong>AVISO LEGAL Y POL\u00cdTICA DE PRIVACIDAD EN WEB<\/strong><\/p><p><strong>\u00a0<\/strong><strong>INFORMACI\u00d3N LEGAL LSSIYCE<\/strong><\/p><p>De acuerdo con las obligaciones previstas en la Ley 34\/2002, de servicios de la Sociedad de la Informaci\u00f3n y del comercio electr\u00f3nico (en adelante LSSIYCE), TXAKOLI ARRITXOLA CB que el dominio Txakoliarritxola.com propiedad de TXAKOLI ARRITXOLA CB, con CIF E95088357, y domicilio en Eguzkitza 20 de 48200 Durango (Bizkaia) y direcci\u00f3n de correo electr\u00f3nico txakoliarritxola@gmail.om<\/p><p>TXAKOLI ARRITXOLA CB no puede asumir ninguna responsabilidad derivada del uso incorrecto, inapropiado o il\u00edcito de la informaci\u00f3n aparecida en sus p\u00e1ginas.<\/p><p>Con los l\u00edmites establecidos en la ley, TXAKOLI ARRITXOLA CB no asume ninguna responsabilidad derivada de la falta de veracidad, integridad, actualizaci\u00f3n y precisi\u00f3n de los datos o informaciones que se contienen en sus p\u00e1ginas de Internet. Los contenidos e informaci\u00f3n de las p\u00e1ginas de Internet de TXAKOLI ARRITXOLA CB elaborados por profesionales debidamente cualificados para el ejercicio de su profesi\u00f3n. Sin embargo, los contenidos e informaci\u00f3n no vinculan a la susodicha, ni constituyen opiniones, consejos o asesoramiento legal de ning\u00fan tipo, pues se trata meramente de un servicio ofrecido con car\u00e1cter informativo y divulgativo.<\/p><p>Las p\u00e1ginas de Internet de TXAKOLI ARRITXOLA CB pueden contener enlaces (links) a otras p\u00e1ginas de terceras. Por lo tanto, \u00e9sta no puede asumir responsabilidades por el contenido que pueda aparecer en p\u00e1ginas de terceros. Los textos, im\u00e1genes, sonidos, animaciones, software y el resto de contenidos incluidos en este website son propiedad exclusiva de TXAKOLI ARRITXOLA CB o sus empresas asociadas. Cualquier acto de transmisi\u00f3n, distribuci\u00f3n, cesi\u00f3n, reproducci\u00f3n, almacenamiento o comunicaci\u00f3n p\u00fablica total o parcial, debe contar con el consentimiento expreso de TXAKOLI ARRITXOLA CB<\/p><p>PROTECCI\u00d3N DE DATOS PERSONALES<\/p><p>En virtud de la normativa de Protecci\u00f3n de Datos de Car\u00e1cter Personal, por la presente autoriza a que los datos personales facilitados sean incorporados en ficheros responsabilidad de TXAKOLI ARRITXOLA CB y domicilio\u00a0 en Eguzkitza 20 de 48200 Durango (Bizkaia)<\/p><ul><li>Formulario de Contacto: Sus datos ser\u00e1n incorporados en el fichero de Contactos con la finalidad de gestionar su petici\u00f3n y poderle dar respuesta. Sus datos ser\u00e1n conservados hasta que se resuelva la petici\u00f3n.<\/li><li>Registro: Sus datos ser\u00e1n incorporados en el fichero de Clientes con la finalidad de gestionar los productos adquiridos, as\u00ed como todo el procedimiento de venta y las posibles reclamaciones que se pudieran derivar.<\/li><\/ul><p>Se informa que los datos tan s\u00f3lo ser\u00e1n comunicados a las autoridades publicas competentes, los proveedores de los servicios de pago (entidades bancarias, pay pal o similares) y a la empresa Txampakoli SL con CIF B95352357 \u00a0que se encarga de la gesti\u00f3n de las ventas realizadas por estos medios.<\/p><p>En cualquier caso podr\u00e1 indicar la revocaci\u00f3n del consentimiento dado, as\u00ed como ejercitar los derechos de acceso, rectificaci\u00f3n o supresi\u00f3n, la limitaci\u00f3n del tratamiento u oponerse, as\u00ed como el derecho a la portabilidad de los datos. Estas peticiones deber\u00e1n realizarse en Eguzkitza 20 de 48200 Durango (Bizkaia) o en: <a href=\"mailto:txakoliarritxola@gmail.com\">txakoliarritxola@gmail.com<\/a><\/p><p>As\u00ed mismo tambi\u00e9n podr\u00e1 presentar una reclamaci\u00f3n ante la Agencia Espa\u00f1ola de Protecci\u00f3n de datos.<\/p><p><strong>PROPIEDAD INDUSTRIAL E INTELECTUAL<\/strong><\/p><p>Esta web es propiedad de TXAKOLI ARRITXOLA CB. Los derechos de Propiedad Intelectual y derechos de explotaci\u00f3n y reproducci\u00f3n de esta web, de sus p\u00e1ginas, pantallas, la Informaci\u00f3n que contienen, su apariencia y dise\u00f1o, as\u00ed como los v\u00ednculos (\u00abhiperlinks\u00bb) que se establezcan desde ella a otras p\u00e1ginas web de cualquier sociedad filial y\/o dominada de TXAKOLI ARRITXOLA CB son propiedad exclusiva de \u00e9sta, salvo que expresamente se especifique otra cosa.<\/p><p>Cualquier denominaci\u00f3n, dise\u00f1o y\/o logotipo, as\u00ed como cualquier producto o servicio ofrecidos y reflejados en esta p\u00e1gina web, son marcas debidamente registradas por TXAKOLI ARRITXOLA CB, por sus sociedades filiales y\/o dominadas o por terceros.<\/p><p>Cualquier uso indebido de las mismas por personas diferentes de su leg\u00edtimo titular y sin el consentimiento expreso e inequ\u00edvoco por parte de \u00e9ste podr\u00e1 ser denunciado y perseguido a trav\u00e9s de todos los medios legales existentes en el Ordenamiento Jur\u00eddico espa\u00f1ol y\/o comunitario.<\/p><p>Los derechos de propiedad intelectual y marcas de terceros est\u00e1n destacados convenientemente y deben ser respetados por todo aqu\u00e9l que acceda a esta p\u00e1gina, no siendo responsabilidad de TXAKOLI ARRITXOLA CB el uso que EL USUARIO pueda llevar a cabo al respecto, recayendo la responsabilidad exclusiva en su persona.<\/p><p>S\u00f3lo para uso personal y privado se permite descargar los contenidos, copiar o imprimir cualquier p\u00e1gina de esta web. Queda prohibido reproducir, transmitir, modificar o suprimir la informaci\u00f3n, contenido o advertencias de esta web sin la previa autorizaci\u00f3n por escrito de TXAKOLI ARRITXOLA CB<\/p><p>TXAKOLI ARRITXOLA CB no transfiere a los usuarios la propiedad de su software. El usuario es el propietario del soporte en el cual el software es grabado. TXAKOLI ARRITXOLA CB posee todos los derechos de propiedad industrial e intelectual, incluyendo el software. Si el usuario transfiere el software de este website a su terminal, no podr\u00e1 diseccionar para su estudio y descompilar, traducir la versi\u00f3n del c\u00f3digo objeto original o su lenguaje a otro c\u00f3digo o lenguaje.<\/p><p><strong>LEY APLICABLE Y JURISDICCI\u00d3N<\/strong><\/p><p>Las presentes condiciones generales se rigen por la Legislaci\u00f3n espa\u00f1ola, siendo competentes los Juzgados y Tribunales de Durango para conocer de cuantas cuestiones se susciten sobre la interpretaci\u00f3n, aplicaci\u00f3n y cumplimiento de las mismas. EL USUARIO, por virtud de su aceptaci\u00f3n a las condiciones generales recogidas en este aviso legal y siempre que esta sumisi\u00f3n sea posible, renuncia expresamente a cualquier fuero que, por aplicaci\u00f3n de la Ley de Enjuiciamiento Civil vigente pudiera corresponderle.<\/p>\t\t\t\t\t\t<\/div>\n\t\t\t\t<\/div>\n\t\t\t\t\t<\/div>\n\t\t<\/div>\n\t\t\t\t\t<\/div>\n\t\t<\/section>\n\t\t\t\t<\/div>\n\t\t","protected":false},"excerpt":{"rendered":"<p>AVISO LEGAL Y POL\u00cdTICA DE PRIVACIDAD AVISO LEGAL Y POL\u00cdTICA DE PRIVACIDAD EN WEB \u00a0INFORMACI\u00d3N LEGAL LSSIYCE De acuerdo con las obligaciones previstas en la Ley 34\/2002, de servicios de la Sociedad de la Informaci\u00f3n y del comercio electr\u00f3nico (en adelante LSSIYCE), TXAKOLI ARRITXOLA CB que el dominio Txakoliarritxola.com propiedad de TXAKOLI ARRITXOLA CB, con [&hellip;]<\/p>\n","protected":false},"author":1,"featured_media":0,"parent":0,"menu_order":0,"comment_status":"closed","ping_status":"closed","template":"elementor_header_footer","meta":{"om_disable_all_campaigns":false,"_monsterinsights_skip_tracking":false,"_monsterinsights_sitenote_active":false,"_monsterinsights_sitenote_note":"","_monsterinsights_sitenote_category":0,"_uf_show_specific_survey":0,"_uf_disable_surveys":false,"footnotes":""},"class_list":["post-394","page","type-page","status-publish","hentry"],"aioseo_notices":[],"yoast_head":"<!-- This site is optimized with the Yoast SEO plugin v23.5 - https:\/\/yoast.com\/wordpress\/plugins\/seo\/ -->\n<title>Aviso Legal y Pol\u00edtica de Privacidad - Bodega Txakoli Arritxola upategia<\/title>\n<meta name=\"robots\" content=\"index, follow, max-snippet:-1, max-image-preview:large, max-video-preview:-1\" \/>\n<link rel=\"canonical\" href=\"https:\/\/txakoliarritxola.com\/?page_id=394\" \/>\n<meta property=\"og:locale\" content=\"es_ES\" \/>\n<meta property=\"og:type\" content=\"article\" \/>\n<meta property=\"og:title\" content=\"Aviso Legal y Pol\u00edtica de Privacidad - Bodega Txakoli Arritxola upategia\" \/>\n<meta property=\"og:description\" content=\"AVISO LEGAL Y POL\u00cdTICA DE PRIVACIDAD AVISO LEGAL Y POL\u00cdTICA DE PRIVACIDAD EN WEB \u00a0INFORMACI\u00d3N LEGAL LSSIYCE De acuerdo con las obligaciones previstas en la Ley 34\/2002, de servicios de la Sociedad de la Informaci\u00f3n y del comercio electr\u00f3nico (en adelante LSSIYCE), TXAKOLI ARRITXOLA CB que el dominio Txakoliarritxola.com propiedad de TXAKOLI ARRITXOLA CB, con [&hellip;]\" \/>\n<meta property=\"og:url\" content=\"https:\/\/txakoliarritxola.com\/?page_id=394\" \/>\n<meta property=\"og:site_name\" content=\"Bodega Txakoli Arritxola upategia\" \/>\n<meta property=\"article:modified_time\" content=\"2023-01-13T07:05:48+00:00\" \/>\n<meta name=\"twitter:card\" content=\"summary_large_image\" \/>\n<meta name=\"twitter:label1\" content=\"Tiempo de lectura\" \/>\n\t<meta name=\"twitter:data1\" content=\"5 minutos\" \/>\n<script type=\"application\/ld+json\" class=\"yoast-schema-graph\">{\"@context\":\"https:\/\/schema.org\",\"@graph\":[{\"@type\":\"WebPage\",\"@id\":\"https:\/\/txakoliarritxola.com\/?page_id=394\",\"url\":\"https:\/\/txakoliarritxola.com\/?page_id=394\",\"name\":\"Aviso Legal y Pol\u00edtica de Privacidad - Bodega Txakoli Arritxola upategia\",\"isPartOf\":{\"@id\":\"https:\/\/txakoliarritxola.com\/#website\"},\"datePublished\":\"2020-04-19T23:16:41+00:00\",\"dateModified\":\"2023-01-13T07:05:48+00:00\",\"breadcrumb\":{\"@id\":\"https:\/\/txakoliarritxola.com\/?page_id=394#breadcrumb\"},\"inLanguage\":\"es\",\"potentialAction\":[{\"@type\":\"ReadAction\",\"target\":[\"https:\/\/txakoliarritxola.com\/?page_id=394\"]}]},{\"@type\":\"BreadcrumbList\",\"@id\":\"https:\/\/txakoliarritxola.com\/?page_id=394#breadcrumb\",\"itemListElement\":[{\"@type\":\"ListItem\",\"position\":1,\"name\":\"Portada\",\"item\":\"https:\/\/txakoliarritxola.com\/\"},{\"@type\":\"ListItem\",\"position\":2,\"name\":\"Aviso Legal y Pol\u00edtica de Privacidad\"}]},{\"@type\":\"WebSite\",\"@id\":\"https:\/\/txakoliarritxola.com\/#website\",\"url\":\"https:\/\/txakoliarritxola.com\/\",\"name\":\"Bodega Txakoli Arritxola upategia\",\"description\":\"Txakoli y destilados exclusivos en la Ribera del Ibaizabal\",\"potentialAction\":[{\"@type\":\"SearchAction\",\"target\":{\"@type\":\"EntryPoint\",\"urlTemplate\":\"https:\/\/txakoliarritxola.com\/?s={search_term_string}\"},\"query-input\":{\"@type\":\"PropertyValueSpecification\",\"valueRequired\":true,\"valueName\":\"search_term_string\"}}],\"inLanguage\":\"es\"}]}<\/script>\n<!-- \/ Yoast SEO plugin. -->","yoast_head_json":{"title":"Aviso Legal y Pol\u00edtica de Privacidad - Bodega Txakoli Arritxola upategia","robots":{"index":"index","follow":"follow","max-snippet":"max-snippet:-1","max-image-preview":"max-image-preview:large","max-video-preview":"max-video-preview:-1"},"canonical":"https:\/\/txakoliarritxola.com\/?page_id=394","og_locale":"es_ES","og_type":"article","og_title":"Aviso Legal y Pol\u00edtica de Privacidad - Bodega Txakoli Arritxola upategia","og_description":"AVISO LEGAL Y POL\u00cdTICA DE PRIVACIDAD AVISO LEGAL Y POL\u00cdTICA DE PRIVACIDAD EN WEB \u00a0INFORMACI\u00d3N LEGAL LSSIYCE De acuerdo con las obligaciones previstas en la Ley 34\/2002, de servicios de la Sociedad de la Informaci\u00f3n y del comercio electr\u00f3nico (en adelante LSSIYCE), TXAKOLI ARRITXOLA CB que el dominio Txakoliarritxola.com propiedad de TXAKOLI ARRITXOLA CB, con [&hellip;]","og_url":"https:\/\/txakoliarritxola.com\/?page_id=394","og_site_name":"Bodega Txakoli Arritxola upategia","article_modified_time":"2023-01-13T07:05:48+00:00","twitter_card":"summary_large_image","twitter_misc":{"Tiempo de lectura":"5 minutos"},"schema":{"@context":"https:\/\/schema.org","@graph":[{"@type":"WebPage","@id":"https:\/\/txakoliarritxola.com\/?page_id=394","url":"https:\/\/txakoliarritxola.com\/?page_id=394","name":"Aviso Legal y Pol\u00edtica de Privacidad - Bodega Txakoli Arritxola upategia","isPartOf":{"@id":"https:\/\/txakoliarritxola.com\/#website"},"datePublished":"2020-04-19T23:16:41+00:00","dateModified":"2023-01-13T07:05:48+00:00","breadcrumb":{"@id":"https:\/\/txakoliarritxola.com\/?page_id=394#breadcrumb"},"inLanguage":"es","potentialAction":[{"@type":"ReadAction","target":["https:\/\/txakoliarritxola.com\/?page_id=394"]}]},{"@type":"BreadcrumbList","@id":"https:\/\/txakoliarritxola.com\/?page_id=394#breadcrumb","itemListElement":[{"@type":"ListItem","position":1,"name":"Portada","item":"https:\/\/txakoliarritxola.com\/"},{"@type":"ListItem","position":2,"name":"Aviso Legal y Pol\u00edtica de Privacidad"}]},{"@type":"WebSite","@id":"https:\/\/txakoliarritxola.com\/#website","url":"https:\/\/txakoliarritxola.com\/","name":"Bodega Txakoli Arritxola upategia","description":"Txakoli y destilados exclusivos en la Ribera del Ibaizabal","potentialAction":[{"@type":"SearchAction","target":{"@type":"EntryPoint","urlTemplate":"https:\/\/txakoliarritxola.com\/?s={search_term_string}"},"query-input":{"@type":"PropertyValueSpecification","valueRequired":true,"valueName":"search_term_string"}}],"inLanguage":"es"}]}},"_links":{"self":[{"href":"https:\/\/txakoliarritxola.com\/index.php?rest_route=\/wp\/v2\/pages\/394"}],"collection":[{"href":"https:\/\/txakoliarritxola.com\/index.php?rest_route=\/wp\/v2\/pages"}],"about":[{"href":"https:\/\/txakoliarritxola.com\/index.php?rest_route=\/wp\/v2\/types\/page"}],"author":[{"embeddable":true,"href":"https:\/\/txakoliarritxola.com\/index.php?rest_route=\/wp\/v2\/users\/1"}],"replies":[{"embeddable":true,"href":"https:\/\/txakoliarritxola.com\/index.php?rest_route=%2Fwp%2Fv2%2Fcomments&post=394"}],"version-history":[{"count":7,"href":"https:\/\/txakoliarritxola.com\/index.php?rest_route=\/wp\/v2\/pages\/394\/revisions"}],"predecessor-version":[{"id":510,"href":"https:\/\/txakoliarritxola.com\/index.php?rest_route=\/wp\/v2\/pages\/394\/revisions\/510"}],"wp:attachment":[{"href":"https:\/\/txakoliarritxola.com\/index.php?rest_route=%2Fwp%2Fv2%2Fmedia&parent=394"}],"curies":[{"name":"wp","href":"https:\/\/api.w.org\/{rel}","templated":true}]}}