{"id":392,"date":"2020-04-19T23:16:41","date_gmt":"2020-04-19T23:16:41","guid":{"rendered":"https:\/\/txakoliarritxola.com\/?page_id=392"},"modified":"2023-01-13T07:06:25","modified_gmt":"2023-01-13T07:06:25","slug":"politica-de-cookies","status":"publish","type":"page","link":"https:\/\/txakoliarritxola.com\/?page_id=392","title":{"rendered":"Pol\u00edtica de cookies"},"content":{"rendered":"\t\t<div data-elementor-type=\"wp-page\" data-elementor-id=\"392\" class=\"elementor elementor-392\">\n\t\t\t\t\t\t<section class=\"elementor-section elementor-top-section elementor-element elementor-element-040506b elementor-section-boxed elementor-section-height-default elementor-section-height-default\" data-id=\"040506b\" data-element_type=\"section\">\n\t\t\t\t\t\t<div class=\"elementor-container elementor-column-gap-default\">\n\t\t\t\t\t<div class=\"elementor-column elementor-col-100 elementor-top-column elementor-element elementor-element-ae35672\" data-id=\"ae35672\" data-element_type=\"column\">\n\t\t\t<div class=\"elementor-widget-wrap elementor-element-populated\">\n\t\t\t\t\t\t<div class=\"elementor-element elementor-element-08b1774 elementor-widget elementor-widget-heading\" data-id=\"08b1774\" data-element_type=\"widget\" data-widget_type=\"heading.default\">\n\t\t\t\t<div class=\"elementor-widget-container\">\n\t\t\t<h2 class=\"elementor-heading-title elementor-size-xl\">POL\u00cdTICA COOKIES<\/h2>\t\t<\/div>\n\t\t\t\t<\/div>\n\t\t\t\t\t<\/div>\n\t\t<\/div>\n\t\t\t\t\t<\/div>\n\t\t<\/section>\n\t\t\t\t<section class=\"elementor-section elementor-top-section elementor-element elementor-element-41cb8da6 elementor-section-boxed elementor-section-height-default elementor-section-height-default\" data-id=\"41cb8da6\" data-element_type=\"section\">\n\t\t\t\t\t\t<div class=\"elementor-container elementor-column-gap-default\">\n\t\t\t\t\t<div class=\"elementor-column elementor-col-100 elementor-top-column elementor-element elementor-element-9166922\" data-id=\"9166922\" data-element_type=\"column\">\n\t\t\t<div class=\"elementor-widget-wrap elementor-element-populated\">\n\t\t\t\t\t\t<div class=\"elementor-element elementor-element-4968f4bb elementor-widget elementor-widget-text-editor\" data-id=\"4968f4bb\" data-element_type=\"widget\" data-widget_type=\"text-editor.default\">\n\t\t\t\t<div class=\"elementor-widget-container\">\n\t\t\t\t\t\t\t<p>Les informamos que\u00a0en\u00a0esta web\u00a0,\u00a0el sistema de navegaci\u00f3n utiliza algunos datos de navegaci\u00f3n (\u201cCookies\u201d) para poder ofrecer un servicio m\u00e1s personalizado a los usuarios de la web.\u00a0\u00a0<\/p><p>Las \u201cCookies\u201d son peque\u00f1os archivos de texto que el navegador guarda cuando se navega por p\u00e1ginas web y aplicaciones. Se puede obtener la informaci\u00f3n de la direcci\u00f3n IP que utiliza el ordenador para conectarse a la p\u00e1gina web, la direcci\u00f3n URL de la p\u00e1gina web solicitada, la hora de la conexi\u00f3n y otros par\u00e1metros relativos al sistema operativo del entorno inform\u00e1tico del usuario. Esta informaci\u00f3n tan solo se recoge para identificar la sesi\u00f3n con el objetivo de facilitar<\/p><p>Txakoli Arritxola CB\u00a0en\u00a0su\u00a0web\u00a0\u00a0utiliza\u00a0\u201ccookies\u201d de\u00a0terceros y \u00a0anal\u00edticas. En concreto de\u00a0Google\u00a0Analytics; que es un servicio de estad\u00edsticas de p\u00e1ginas web que ofrece Google, Inc. Google\u00a0Analytics\u00a0recoge informaci\u00f3n del equipo del usuario para\u00a0obtener informes\u00a0sobre la actividad de la aplicaci\u00f3n; guardando la informaci\u00f3n almacenada en servidores de los Estados Unidos.\u00a0\u00a0<\/p><p>En\u00a0todo\u00a0caso, en el\u00a0supuesto\u00a0que se capten\u00a0datos\u00a0de\u00a0car\u00e1cter\u00a0personal- en este caso tan\u00a0s\u00f3lo\u00a0la\u00a0Ip\u00a0de\u00a0acceso; les\u00a0informamos\u00a0que estos\u00a0\u00a0ser\u00e1n\u00a0tratados\u00a0e\u00a0incorporados\u00a0en el\u00a0fichero\u00a0\u201c\u00a0Redes\u00a0sociales\u00a0y\u00a0Marketing\u00a0\u201d\u00a0responsabilidad\u00a0de\u00a0Txakoli Arritxola CB\u00a0<\/p><p>La\u00a0finalidad\u00a0de este\u00a0fichero\u00a0es la\u00a0gesti\u00f3n\u00a0y control de las\u00a0redes\u00a0sociales\u00a0que se\u00a0disponen\u00a0as\u00ed\u00a0como de los\u00a0usuarios\u00a0que\u00a0interact\u00faan\u00a0en la web y la\u00a0informaci\u00f3n\u00a0que se\u00a0obtiene.\u00a0Estos datos ser\u00e1n transmitidos\u202fa las empresas gestoras de las cookies y ser\u00e1n conservados de acuerdo a los par\u00e1metros estipulados por estas empresas\u00a0<\/p><p>Conforme lo dispuesto en la normativa de protecci\u00f3n de datos, le informamos que puede revocar estas autorizaciones a trav\u00e9s de su propio navegador o ejercitar los derechos de acceso, rectificaci\u00f3n o supresi\u00f3n, la limitaci\u00f3n del tratamiento u oponerse, as\u00ed\u00a0 como el derecho a la portabilidad de los datos se puede dirigir en Eguzkitza 20 de 48200\u00a0 Durango (Bizkaia) o bien, enviar un correo electr\u00f3nico a txakoliarritxola@gmail.com<\/p><p>Asimismo\u00a0podr\u00e1\u00a0presentar una\u00a0reclamaci\u00f3n\u00a0ante\u00a0la Agencia Espa\u00f1ola de\u00a0Protecci\u00f3n\u00a0de\u00a0Datos.<\/p><p>Se informa al usuario que Google podr\u00e1 transmitir esta informaci\u00f3n a terceros cuando as\u00ed lo requiera la ley, o cuando estos terceros procesen la informaci\u00f3n por cuenta de Google. Google no asociar\u00e1 la direcci\u00f3n de\u00a0IP del usuario con otro dato de que dispongan, y por lo tanto lo har\u00e1n totalmente de forma anonimizada.\u00a0<\/p><p>Para rehusar o eliminar esta \u201ccookie\u201d se puede consultar la siguiente direcci\u00f3n:\u00a0<\/p><p><a href=\"http:\/\/www.google.com\/intl\/ca\/policies\/privacy\/\">http:\/\/www.google.com\/intl\/ca\/policies\/privacy\/<\/a>\u00a0<\/p><p><a href=\"http:\/\/www.google.com\/intl\/en\/privacypolicy.html\">http:\/\/www.google.com\/intl\/en\/privacypolicy.html<\/a>\u00a0<\/p><p>DESACTIVACI\u00d3N Y BLOQUEO DE LAS COOKIES\u00a0\u00a0<\/p><p>En cualquier caso, el usuario puede habilitar la opci\u00f3n de su propio sistema de navegaci\u00f3n para no permitir la instalaci\u00f3n de cookies; sin que en ning\u00fan caso\u00a0Txakoli Arritxola CB\u00a0pueda ser responsable de que la inhabilitaci\u00f3n de Cookies comporte que algunos de los servicios que ofrece esta web no funcione correctamente.\u00a0\u00a0<\/p><p>En los siguientes enlaces, podr\u00e1 encontrar instrucciones que le ayudar\u00e1n a configurar los ajustes de los principales navegadores m\u00e1s utilizados.\u00a0<\/p><p>Internet Explorer:\u202f\u00a0<\/p><p><a href=\"https:\/\/support.microsoft.com\/es-es\/help\/17442\/windows-internet-explorer-delete-manage-cookies\">https:\/\/support.microsoft.com\/es-es\/help\/17442\/windows-internet-explorer-delete-manage-cookies<\/a>\u202f\u00a0<\/p><p>Microsoft Edge;\u202f\u202f\u00a0<\/p><p>https:\/\/support.microsoft.com\/es-es\/help\/4027947\/microsoft-edge-delete-cookies\u202f\u00a0<\/p><p>Google Chrome:\u202f\u00a0<\/p><p><a href=\"https:\/\/support.google.com\/chrome\/answer\/95647?hl=es\">https:\/\/support.google.com\/chrome\/answer\/95647?hl=es<\/a>\u202f\u00a0<\/p><p>Mozilla Firefox:\u202f\u00a0<\/p><p><a href=\"http:\/\/support.mozilla.org\/es\/kb\/habilitar-y-deshabilitar-cookies-que-los-sitios-we\">http:\/\/support.mozilla.org\/es\/kb\/habilitar-y-deshabilitar-cookies-que-los-sitios-we<\/a>\u202f\u00a0<\/p><p>Safari:\u202f\u00a0<br \/><a href=\"http:\/\/support.apple.com\/kb\/ph5042\">http:\/\/support.apple.com\/kb\/ph5042<\/a>\u202f\u00a0<\/p><p>Safari para IOS (Iphone, IPad):\u202f\u00a0<\/p><p><a href=\"http:\/\/support.apple.com\/kb\/ht1677?viewlocale=es_es&amp;locale=es_es\">http:\/\/support.apple.com\/kb\/ht1677?viewlocale=es_es&amp;locale=es_es<\/a>\u202f\u00a0<\/p><p>Chrome para Android:\u202f\u00a0<\/p><p><a href=\"https:\/\/support.google.com\/chrome\/answer\/2392971?hl=es\">https:\/\/support.google.com\/chrome\/answer\/2392971?hl=es<\/a>\u202f\u00a0<\/p><p>Si desea m\u00e1s informaci\u00f3n sobre las cookies y su manera de deshabilitarlas seg\u00fan su sistema de navegaci\u00f3n puede consultar los siguientes links:\u00a0<a href=\"http:\/\/www.aboutcookies.org\/\">www.aboutcookies.org<\/a>\u00a0y\u00a0<a href=\"http:\/\/www.aboutcookies.org\/Default.aspx?page=1\">http:\/\/www.aboutcookies.org\/Default.aspx?page=1<\/a>\u00a0<\/p><p>En caso contrario, y habiendo informado\u00a0Txakoli Arritxola CB\u00a0del uso de cookies, y sin que estas hayan sido inhabilitadas implica que el usuario\u00a0da\u00a0 su\u00a0consentimiento al tratamiento de datos por Google en la forma prevista en este aviso y para las finalidades aqu\u00ed descritas.\u00a0<\/p><p>En caso de duda o de cualquier comentario, se puede dirigir\u00a0Txakoli Arritxola CB\u00a0a trav\u00e9s de sus medios de atenci\u00f3n al p\u00fablico o bien comunicarse con nosotros a trav\u00e9s de: txakoliarritxola@gmail.com<\/p>\t\t\t\t\t\t<\/div>\n\t\t\t\t<\/div>\n\t\t\t\t\t<\/div>\n\t\t<\/div>\n\t\t\t\t\t<\/div>\n\t\t<\/section>\n\t\t\t\t<\/div>\n\t\t","protected":false},"excerpt":{"rendered":"<p>POL\u00cdTICA COOKIES Les informamos que\u00a0en\u00a0esta web\u00a0,\u00a0el sistema de navegaci\u00f3n utiliza algunos datos de navegaci\u00f3n (\u201cCookies\u201d) para poder ofrecer un servicio m\u00e1s personalizado a los usuarios de la web.\u00a0\u00a0 Las \u201cCookies\u201d son peque\u00f1os archivos de texto que el navegador guarda cuando se navega por p\u00e1ginas web y aplicaciones. Se puede obtener la informaci\u00f3n de la direcci\u00f3n [&hellip;]<\/p>\n","protected":false},"author":1,"featured_media":0,"parent":0,"menu_order":0,"comment_status":"closed","ping_status":"closed","template":"elementor_header_footer","meta":{"om_disable_all_campaigns":false,"_monsterinsights_skip_tracking":false,"_monsterinsights_sitenote_active":false,"_monsterinsights_sitenote_note":"","_monsterinsights_sitenote_category":0,"_uf_show_specific_survey":0,"_uf_disable_surveys":false,"footnotes":""},"class_list":["post-392","page","type-page","status-publish","hentry"],"aioseo_notices":[],"yoast_head":"<!-- This site is optimized with the Yoast SEO plugin v23.5 - https:\/\/yoast.com\/wordpress\/plugins\/seo\/ -->\n<title>Pol\u00edtica de cookies - Bodega Txakoli Arritxola upategia<\/title>\n<meta name=\"robots\" content=\"index, follow, max-snippet:-1, max-image-preview:large, max-video-preview:-1\" \/>\n<link rel=\"canonical\" href=\"https:\/\/txakoliarritxola.com\/?page_id=392\" \/>\n<meta property=\"og:locale\" content=\"es_ES\" \/>\n<meta property=\"og:type\" content=\"article\" \/>\n<meta property=\"og:title\" content=\"Pol\u00edtica de cookies - Bodega Txakoli Arritxola upategia\" \/>\n<meta property=\"og:description\" content=\"POL\u00cdTICA COOKIES Les informamos que\u00a0en\u00a0esta web\u00a0,\u00a0el sistema de navegaci\u00f3n utiliza algunos datos de navegaci\u00f3n (\u201cCookies\u201d) para poder ofrecer un servicio m\u00e1s personalizado a los usuarios de la web.\u00a0\u00a0 Las \u201cCookies\u201d son peque\u00f1os archivos de texto que el navegador guarda cuando se navega por p\u00e1ginas web y aplicaciones. Se puede obtener la informaci\u00f3n de la direcci\u00f3n [&hellip;]\" \/>\n<meta property=\"og:url\" content=\"https:\/\/txakoliarritxola.com\/?page_id=392\" \/>\n<meta property=\"og:site_name\" content=\"Bodega Txakoli Arritxola upategia\" \/>\n<meta property=\"article:modified_time\" content=\"2023-01-13T07:06:25+00:00\" \/>\n<meta name=\"twitter:card\" content=\"summary_large_image\" \/>\n<meta name=\"twitter:label1\" content=\"Tiempo de lectura\" \/>\n\t<meta name=\"twitter:data1\" content=\"4 minutos\" \/>\n<script type=\"application\/ld+json\" class=\"yoast-schema-graph\">{\"@context\":\"https:\/\/schema.org\",\"@graph\":[{\"@type\":\"WebPage\",\"@id\":\"https:\/\/txakoliarritxola.com\/?page_id=392\",\"url\":\"https:\/\/txakoliarritxola.com\/?page_id=392\",\"name\":\"Pol\u00edtica de cookies - Bodega Txakoli Arritxola upategia\",\"isPartOf\":{\"@id\":\"https:\/\/txakoliarritxola.com\/#website\"},\"datePublished\":\"2020-04-19T23:16:41+00:00\",\"dateModified\":\"2023-01-13T07:06:25+00:00\",\"breadcrumb\":{\"@id\":\"https:\/\/txakoliarritxola.com\/?page_id=392#breadcrumb\"},\"inLanguage\":\"es\",\"potentialAction\":[{\"@type\":\"ReadAction\",\"target\":[\"https:\/\/txakoliarritxola.com\/?page_id=392\"]}]},{\"@type\":\"BreadcrumbList\",\"@id\":\"https:\/\/txakoliarritxola.com\/?page_id=392#breadcrumb\",\"itemListElement\":[{\"@type\":\"ListItem\",\"position\":1,\"name\":\"Portada\",\"item\":\"https:\/\/txakoliarritxola.com\/\"},{\"@type\":\"ListItem\",\"position\":2,\"name\":\"Pol\u00edtica de cookies\"}]},{\"@type\":\"WebSite\",\"@id\":\"https:\/\/txakoliarritxola.com\/#website\",\"url\":\"https:\/\/txakoliarritxola.com\/\",\"name\":\"Bodega Txakoli Arritxola upategia\",\"description\":\"Txakoli y destilados exclusivos en la Ribera del Ibaizabal\",\"potentialAction\":[{\"@type\":\"SearchAction\",\"target\":{\"@type\":\"EntryPoint\",\"urlTemplate\":\"https:\/\/txakoliarritxola.com\/?s={search_term_string}\"},\"query-input\":{\"@type\":\"PropertyValueSpecification\",\"valueRequired\":true,\"valueName\":\"search_term_string\"}}],\"inLanguage\":\"es\"}]}<\/script>\n<!-- \/ Yoast SEO plugin. -->","yoast_head_json":{"title":"Pol\u00edtica de cookies - Bodega Txakoli Arritxola upategia","robots":{"index":"index","follow":"follow","max-snippet":"max-snippet:-1","max-image-preview":"max-image-preview:large","max-video-preview":"max-video-preview:-1"},"canonical":"https:\/\/txakoliarritxola.com\/?page_id=392","og_locale":"es_ES","og_type":"article","og_title":"Pol\u00edtica de cookies - Bodega Txakoli Arritxola upategia","og_description":"POL\u00cdTICA COOKIES Les informamos que\u00a0en\u00a0esta web\u00a0,\u00a0el sistema de navegaci\u00f3n utiliza algunos datos de navegaci\u00f3n (\u201cCookies\u201d) para poder ofrecer un servicio m\u00e1s personalizado a los usuarios de la web.\u00a0\u00a0 Las \u201cCookies\u201d son peque\u00f1os archivos de texto que el navegador guarda cuando se navega por p\u00e1ginas web y aplicaciones. Se puede obtener la informaci\u00f3n de la direcci\u00f3n [&hellip;]","og_url":"https:\/\/txakoliarritxola.com\/?page_id=392","og_site_name":"Bodega Txakoli Arritxola upategia","article_modified_time":"2023-01-13T07:06:25+00:00","twitter_card":"summary_large_image","twitter_misc":{"Tiempo de lectura":"4 minutos"},"schema":{"@context":"https:\/\/schema.org","@graph":[{"@type":"WebPage","@id":"https:\/\/txakoliarritxola.com\/?page_id=392","url":"https:\/\/txakoliarritxola.com\/?page_id=392","name":"Pol\u00edtica de cookies - Bodega Txakoli Arritxola upategia","isPartOf":{"@id":"https:\/\/txakoliarritxola.com\/#website"},"datePublished":"2020-04-19T23:16:41+00:00","dateModified":"2023-01-13T07:06:25+00:00","breadcrumb":{"@id":"https:\/\/txakoliarritxola.com\/?page_id=392#breadcrumb"},"inLanguage":"es","potentialAction":[{"@type":"ReadAction","target":["https:\/\/txakoliarritxola.com\/?page_id=392"]}]},{"@type":"BreadcrumbList","@id":"https:\/\/txakoliarritxola.com\/?page_id=392#breadcrumb","itemListElement":[{"@type":"ListItem","position":1,"name":"Portada","item":"https:\/\/txakoliarritxola.com\/"},{"@type":"ListItem","position":2,"name":"Pol\u00edtica de cookies"}]},{"@type":"WebSite","@id":"https:\/\/txakoliarritxola.com\/#website","url":"https:\/\/txakoliarritxola.com\/","name":"Bodega Txakoli Arritxola upategia","description":"Txakoli y destilados exclusivos en la Ribera del Ibaizabal","potentialAction":[{"@type":"SearchAction","target":{"@type":"EntryPoint","urlTemplate":"https:\/\/txakoliarritxola.com\/?s={search_term_string}"},"query-input":{"@type":"PropertyValueSpecification","valueRequired":true,"valueName":"search_term_string"}}],"inLanguage":"es"}]}},"_links":{"self":[{"href":"https:\/\/txakoliarritxola.com\/index.php?rest_route=\/wp\/v2\/pages\/392"}],"collection":[{"href":"https:\/\/txakoliarritxola.com\/index.php?rest_route=\/wp\/v2\/pages"}],"about":[{"href":"https:\/\/txakoliarritxola.com\/index.php?rest_route=\/wp\/v2\/types\/page"}],"author":[{"embeddable":true,"href":"https:\/\/txakoliarritxola.com\/index.php?rest_route=\/wp\/v2\/users\/1"}],"replies":[{"embeddable":true,"href":"https:\/\/txakoliarritxola.com\/index.php?rest_route=%2Fwp%2Fv2%2Fcomments&post=392"}],"version-history":[{"count":4,"href":"https:\/\/txakoliarritxola.com\/index.php?rest_route=\/wp\/v2\/pages\/392\/revisions"}],"predecessor-version":[{"id":524,"href":"https:\/\/txakoliarritxola.com\/index.php?rest_route=\/wp\/v2\/pages\/392\/revisions\/524"}],"wp:attachment":[{"href":"https:\/\/txakoliarritxola.com\/index.php?rest_route=%2Fwp%2Fv2%2Fmedia&parent=392"}],"curies":[{"name":"wp","href":"https:\/\/api.w.org\/{rel}","templated":true}]}}