{"id":321,"date":"2020-04-19T17:36:22","date_gmt":"2020-04-19T17:36:22","guid":{"rendered":"https:\/\/txakoliarritxola.com\/?page_id=321"},"modified":"2024-02-17T09:56:14","modified_gmt":"2024-02-17T09:56:14","slug":"visites-guidees-du-musee-du-txakoli","status":"publish","type":"page","link":"https:\/\/txakoliarritxola.com\/?page_id=321","title":{"rendered":"VISITES GUID\u00c9ES DU MUS\u00c9E DU TXAKOLI"},"content":{"rendered":"\t\t<div data-elementor-type=\"wp-page\" data-elementor-id=\"321\" class=\"elementor elementor-321\">\n\t\t\t\t\t\t<section class=\"elementor-section elementor-top-section elementor-element elementor-element-31af4a5 elementor-section-boxed elementor-section-height-default elementor-section-height-default\" data-id=\"31af4a5\" data-element_type=\"section\">\n\t\t\t\t\t\t<div class=\"elementor-container elementor-column-gap-default\">\n\t\t\t\t\t<div class=\"elementor-column elementor-col-100 elementor-top-column elementor-element elementor-element-c07d408\" data-id=\"c07d408\" data-element_type=\"column\">\n\t\t\t<div class=\"elementor-widget-wrap elementor-element-populated\">\n\t\t\t\t\t\t<div class=\"elementor-element elementor-element-8622eee elementor-widget elementor-widget-heading\" data-id=\"8622eee\" data-element_type=\"widget\" data-widget_type=\"heading.default\">\n\t\t\t\t<div class=\"elementor-widget-container\">\n\t\t\t<h2 class=\"elementor-heading-title elementor-size-xl\">VISITES GUID\u00c9ES DU MUS\u00c9E DU TXAKOLI<\/h2>\t\t<\/div>\n\t\t\t\t<\/div>\n\t\t\t\t\t<\/div>\n\t\t<\/div>\n\t\t\t\t\t<\/div>\n\t\t<\/section>\n\t\t\t\t<section class=\"elementor-section elementor-top-section elementor-element elementor-element-10b789e elementor-section-boxed elementor-section-height-default elementor-section-height-default\" data-id=\"10b789e\" data-element_type=\"section\">\n\t\t\t\t\t\t<div class=\"elementor-container elementor-column-gap-default\">\n\t\t\t\t\t<div class=\"elementor-column elementor-col-100 elementor-top-column elementor-element elementor-element-23768c9\" data-id=\"23768c9\" data-element_type=\"column\">\n\t\t\t<div class=\"elementor-widget-wrap elementor-element-populated\">\n\t\t\t\t\t\t<div class=\"elementor-element elementor-element-c400a0e elementor-align-center elementor-widget elementor-widget-button\" data-id=\"c400a0e\" data-element_type=\"widget\" data-widget_type=\"button.default\">\n\t\t\t\t<div class=\"elementor-widget-container\">\n\t\t\t\t\t<div class=\"elementor-button-wrapper\">\n\t\t\t<a class=\"elementor-button elementor-button-link elementor-size-xl\" href=\"https:\/\/txakoliarritxola.com\/?page_id=609\" target=\"_blank\">\n\t\t\t\t\t\t<span class=\"elementor-button-content-wrapper\">\n\t\t\t\t\t\t\t\t\t<span class=\"elementor-button-text\">R\u00c9SERVEZ VOTRE VISITE ICI<\/span>\n\t\t\t\t\t<\/span>\n\t\t\t\t\t<\/a>\n\t\t<\/div>\n\t\t\t\t<\/div>\n\t\t\t\t<\/div>\n\t\t\t\t\t<\/div>\n\t\t<\/div>\n\t\t\t\t\t<\/div>\n\t\t<\/section>\n\t\t\t\t<section class=\"elementor-section elementor-top-section elementor-element elementor-element-140c14b elementor-section-boxed elementor-section-height-default elementor-section-height-default\" data-id=\"140c14b\" data-element_type=\"section\">\n\t\t\t\t\t\t<div class=\"elementor-container elementor-column-gap-default\">\n\t\t\t\t\t<div class=\"elementor-column elementor-col-100 elementor-top-column elementor-element elementor-element-ae943af\" data-id=\"ae943af\" data-element_type=\"column\">\n\t\t\t<div class=\"elementor-widget-wrap elementor-element-populated\">\n\t\t\t\t\t\t<div class=\"elementor-element elementor-element-b4cc921 elementor-widget elementor-widget-text-editor\" data-id=\"b4cc921\" data-element_type=\"widget\" data-widget_type=\"text-editor.default\">\n\t\t\t\t<div class=\"elementor-widget-container\">\n\t\t\t\t\t\t\t<p>\u00c0 c\u00f4t\u00e9 de notre distillerie, nous avons un petit mus\u00e9e du txakoli que vous pouvez visiter et d\u00e9guster nos txakolis et nos liqueurs ainsi que de nombreux autres produits de la r\u00e9gion.<\/p><p id=\"tw-target-text\" class=\"tw-data-text tw-text-large tw-ta\" dir=\"ltr\" data-placeholder=\"Traducci\u00f3n\" data-ved=\"2ahUKEwjN0f7FmqOEAxUygP0HHdHnBpwQ3ewLegQIBRAU\"><span class=\"Y2IQFc\" lang=\"fr\">Une exp\u00e9rience oenotouristique, au cours de laquelle vous voyagerez dans une cave datant de 1890.<\/span><\/p><p>Dans ce mus\u00e9e, il est \u00e9galement possible de trouver Mari&#8230;<\/p><p id=\"tw-target-text\" class=\"tw-data-text tw-text-large tw-ta\" dir=\"ltr\" data-placeholder=\"Traducci\u00f3n\" data-ved=\"2ahUKEwjN0f7FmqOEAxUygP0HHdHnBpwQ3ewLegQIBRAU\"><span class=\"Y2IQFc\" lang=\"fr\">NOUS PUBLIERONS PROCHAINEMENT LES PRIX ET CONDITIONS DES VISITES<\/span><\/p><p dir=\"ltr\" data-placeholder=\"Traducci\u00f3n\" data-ved=\"2ahUKEwjN0f7FmqOEAxUygP0HHdHnBpwQ3ewLegQIBRAU\"><img decoding=\"async\" class=\"aligncenter wp-image-646\" src=\"https:\/\/txakoliarritxola.com\/wp-content\/uploads\/2024\/02\/oie_GSfcONJTIm7U.jpg\" alt=\"\" width=\"250\" height=\"150\" srcset=\"https:\/\/txakoliarritxola.com\/wp-content\/uploads\/2024\/02\/oie_GSfcONJTIm7U.jpg 629w, https:\/\/txakoliarritxola.com\/wp-content\/uploads\/2024\/02\/oie_GSfcONJTIm7U-300x180.jpg 300w\" sizes=\"(max-width: 250px) 100vw, 250px\" \/><\/p><p><img fetchpriority=\"high\" decoding=\"async\" class=\"aligncenter wp-image-183 size-full\" src=\"https:\/\/txakoliarritxola.com\/wp-content\/uploads\/2020\/04\/B.jpg\" alt=\"\" width=\"700\" height=\"933\" srcset=\"https:\/\/txakoliarritxola.com\/wp-content\/uploads\/2020\/04\/B.jpg 700w, https:\/\/txakoliarritxola.com\/wp-content\/uploads\/2020\/04\/B-225x300.jpg 225w, https:\/\/txakoliarritxola.com\/wp-content\/uploads\/2020\/04\/B-600x800.jpg 600w\" sizes=\"(max-width: 700px) 100vw, 700px\" \/><\/p><p><img decoding=\"async\" class=\"aligncenter wp-image-171 size-full\" src=\"https:\/\/txakoliarritxola.com\/wp-content\/uploads\/2020\/04\/IMG_20200418_141335.jpg\" alt=\"\" width=\"700\" height=\"525\" srcset=\"https:\/\/txakoliarritxola.com\/wp-content\/uploads\/2020\/04\/IMG_20200418_141335.jpg 700w, https:\/\/txakoliarritxola.com\/wp-content\/uploads\/2020\/04\/IMG_20200418_141335-300x225.jpg 300w, https:\/\/txakoliarritxola.com\/wp-content\/uploads\/2020\/04\/IMG_20200418_141335-600x450.jpg 600w\" sizes=\"(max-width: 700px) 100vw, 700px\" \/><\/p><p><img loading=\"lazy\" decoding=\"async\" class=\"aligncenter wp-image-177 size-full\" src=\"https:\/\/txakoliarritxola.com\/wp-content\/uploads\/2020\/04\/IMG_20200418_141330.jpg\" alt=\"\" width=\"700\" height=\"525\" srcset=\"https:\/\/txakoliarritxola.com\/wp-content\/uploads\/2020\/04\/IMG_20200418_141330.jpg 700w, https:\/\/txakoliarritxola.com\/wp-content\/uploads\/2020\/04\/IMG_20200418_141330-300x225.jpg 300w, https:\/\/txakoliarritxola.com\/wp-content\/uploads\/2020\/04\/IMG_20200418_141330-600x450.jpg 600w\" sizes=\"(max-width: 700px) 100vw, 700px\" \/><\/p><p><img loading=\"lazy\" decoding=\"async\" class=\"aligncenter wp-image-172 size-full\" src=\"https:\/\/txakoliarritxola.com\/wp-content\/uploads\/2020\/04\/IMG_20200418_141351.jpg\" alt=\"\" width=\"700\" height=\"525\" srcset=\"https:\/\/txakoliarritxola.com\/wp-content\/uploads\/2020\/04\/IMG_20200418_141351.jpg 700w, https:\/\/txakoliarritxola.com\/wp-content\/uploads\/2020\/04\/IMG_20200418_141351-300x225.jpg 300w, https:\/\/txakoliarritxola.com\/wp-content\/uploads\/2020\/04\/IMG_20200418_141351-600x450.jpg 600w\" sizes=\"(max-width: 700px) 100vw, 700px\" \/>\u00a0\u00a0<\/p>\t\t\t\t\t\t<\/div>\n\t\t\t\t<\/div>\n\t\t\t\t\t<\/div>\n\t\t<\/div>\n\t\t\t\t\t<\/div>\n\t\t<\/section>\n\t\t\t\t<section class=\"elementor-section elementor-top-section elementor-element elementor-element-c22e7de elementor-section-boxed elementor-section-height-default elementor-section-height-default\" data-id=\"c22e7de\" data-element_type=\"section\">\n\t\t\t\t\t\t<div class=\"elementor-container elementor-column-gap-default\">\n\t\t\t\t\t<div class=\"elementor-column elementor-col-100 elementor-top-column elementor-element elementor-element-e87374c\" data-id=\"e87374c\" data-element_type=\"column\">\n\t\t\t<div class=\"elementor-widget-wrap elementor-element-populated\">\n\t\t\t\t\t\t<div class=\"elementor-element elementor-element-0fcae44 elementor-align-center elementor-widget elementor-widget-button\" data-id=\"0fcae44\" data-element_type=\"widget\" data-widget_type=\"button.default\">\n\t\t\t\t<div class=\"elementor-widget-container\">\n\t\t\t\t\t<div class=\"elementor-button-wrapper\">\n\t\t\t<a class=\"elementor-button elementor-button-link elementor-size-sm\" href=\"https:\/\/tienda.txakoliarritxola.com\/es\/\" target=\"_blank\">\n\t\t\t\t\t\t<span class=\"elementor-button-content-wrapper\">\n\t\t\t\t\t\t\t\t\t<span class=\"elementor-button-text\">Haz clic aqu\u00ed<\/span>\n\t\t\t\t\t<\/span>\n\t\t\t\t\t<\/a>\n\t\t<\/div>\n\t\t\t\t<\/div>\n\t\t\t\t<\/div>\n\t\t\t\t\t<\/div>\n\t\t<\/div>\n\t\t\t\t\t<\/div>\n\t\t<\/section>\n\t\t\t\t<section class=\"elementor-section elementor-top-section elementor-element elementor-element-2423961 elementor-section-boxed elementor-section-height-default elementor-section-height-default\" data-id=\"2423961\" data-element_type=\"section\">\n\t\t\t\t\t\t<div class=\"elementor-container elementor-column-gap-default\">\n\t\t\t\t\t<div class=\"elementor-column elementor-col-100 elementor-top-column elementor-element elementor-element-1efdaec\" data-id=\"1efdaec\" data-element_type=\"column\">\n\t\t\t<div class=\"elementor-widget-wrap elementor-element-populated\">\n\t\t\t\t\t\t<div class=\"elementor-element elementor-element-24bc2e3 elementor-widget elementor-widget-image\" data-id=\"24bc2e3\" data-element_type=\"widget\" data-widget_type=\"image.default\">\n\t\t\t\t<div class=\"elementor-widget-container\">\n\t\t\t\t\t\t\t\t\t\t\t\t\t\t<a href=\"https:\/\/tienda.txakoliarritxola.com\/es\/\" target=\"_blank\">\n\t\t\t\t\t\t\t<img loading=\"lazy\" decoding=\"async\" width=\"350\" height=\"232\" src=\"https:\/\/txakoliarritxola.com\/wp-content\/uploads\/2020\/04\/venta.jpg\" class=\"attachment-large size-large wp-image-66\" alt=\"\" srcset=\"https:\/\/txakoliarritxola.com\/wp-content\/uploads\/2020\/04\/venta.jpg 350w, https:\/\/txakoliarritxola.com\/wp-content\/uploads\/2020\/04\/venta-300x199.jpg 300w\" sizes=\"(max-width: 350px) 100vw, 350px\" \/>\t\t\t\t\t\t\t\t<\/a>\n\t\t\t\t\t\t\t\t\t\t\t\t\t<\/div>\n\t\t\t\t<\/div>\n\t\t\t\t\t<\/div>\n\t\t<\/div>\n\t\t\t\t\t<\/div>\n\t\t<\/section>\n\t\t\t\t<\/div>\n\t\t","protected":false},"excerpt":{"rendered":"<p>VISITES GUID\u00c9ES DU MUS\u00c9E DU TXAKOLI R\u00c9SERVEZ VOTRE VISITE ICI \u00c0 c\u00f4t\u00e9 de notre distillerie, nous avons un petit mus\u00e9e du txakoli que vous pouvez visiter et d\u00e9guster nos txakolis et nos liqueurs ainsi que de nombreux autres produits de la r\u00e9gion. Une exp\u00e9rience oenotouristique, au cours de laquelle vous voyagerez dans une cave datant [&hellip;]<\/p>\n","protected":false},"author":1,"featured_media":0,"parent":0,"menu_order":0,"comment_status":"closed","ping_status":"closed","template":"elementor_header_footer","meta":{"om_disable_all_campaigns":false,"_monsterinsights_skip_tracking":false,"_monsterinsights_sitenote_active":false,"_monsterinsights_sitenote_note":"","_monsterinsights_sitenote_category":0,"_uf_show_specific_survey":0,"_uf_disable_surveys":false,"footnotes":""},"class_list":["post-321","page","type-page","status-publish","hentry"],"aioseo_notices":[],"yoast_head":"<!-- This site is optimized with the Yoast SEO plugin v23.5 - https:\/\/yoast.com\/wordpress\/plugins\/seo\/ -->\n<title>VISITES GUID\u00c9ES DU MUS\u00c9E DU TXAKOLI - Bodega Txakoli Arritxola upategia<\/title>\n<meta name=\"robots\" content=\"index, follow, max-snippet:-1, max-image-preview:large, max-video-preview:-1\" \/>\n<link rel=\"canonical\" href=\"https:\/\/txakoliarritxola.com\/?page_id=321\" \/>\n<meta property=\"og:locale\" content=\"es_ES\" \/>\n<meta property=\"og:type\" content=\"article\" \/>\n<meta property=\"og:title\" content=\"VISITES GUID\u00c9ES DU MUS\u00c9E DU TXAKOLI - Bodega Txakoli Arritxola upategia\" \/>\n<meta property=\"og:description\" content=\"VISITES GUID\u00c9ES DU MUS\u00c9E DU TXAKOLI R\u00c9SERVEZ VOTRE VISITE ICI \u00c0 c\u00f4t\u00e9 de notre distillerie, nous avons un petit mus\u00e9e du txakoli que vous pouvez visiter et d\u00e9guster nos txakolis et nos liqueurs ainsi que de nombreux autres produits de la r\u00e9gion. Une exp\u00e9rience oenotouristique, au cours de laquelle vous voyagerez dans une cave datant [&hellip;]\" \/>\n<meta property=\"og:url\" content=\"https:\/\/txakoliarritxola.com\/?page_id=321\" \/>\n<meta property=\"og:site_name\" content=\"Bodega Txakoli Arritxola upategia\" \/>\n<meta property=\"article:modified_time\" content=\"2024-02-17T09:56:14+00:00\" \/>\n<meta property=\"og:image\" content=\"https:\/\/txakoliarritxola.com\/wp-content\/uploads\/2024\/02\/oie_GSfcONJTIm7U.jpg\" \/>\n<meta name=\"twitter:card\" content=\"summary_large_image\" \/>\n<meta name=\"twitter:label1\" content=\"Tiempo de lectura\" \/>\n\t<meta name=\"twitter:data1\" content=\"2 minutos\" \/>\n<script type=\"application\/ld+json\" class=\"yoast-schema-graph\">{\"@context\":\"https:\/\/schema.org\",\"@graph\":[{\"@type\":\"WebPage\",\"@id\":\"https:\/\/txakoliarritxola.com\/?page_id=321\",\"url\":\"https:\/\/txakoliarritxola.com\/?page_id=321\",\"name\":\"VISITES GUID\u00c9ES DU MUS\u00c9E DU TXAKOLI - Bodega Txakoli Arritxola upategia\",\"isPartOf\":{\"@id\":\"https:\/\/txakoliarritxola.com\/#website\"},\"primaryImageOfPage\":{\"@id\":\"https:\/\/txakoliarritxola.com\/?page_id=321#primaryimage\"},\"image\":{\"@id\":\"https:\/\/txakoliarritxola.com\/?page_id=321#primaryimage\"},\"thumbnailUrl\":\"https:\/\/txakoliarritxola.com\/wp-content\/uploads\/2024\/02\/oie_GSfcONJTIm7U.jpg\",\"datePublished\":\"2020-04-19T17:36:22+00:00\",\"dateModified\":\"2024-02-17T09:56:14+00:00\",\"breadcrumb\":{\"@id\":\"https:\/\/txakoliarritxola.com\/?page_id=321#breadcrumb\"},\"inLanguage\":\"es\",\"potentialAction\":[{\"@type\":\"ReadAction\",\"target\":[\"https:\/\/txakoliarritxola.com\/?page_id=321\"]}]},{\"@type\":\"ImageObject\",\"inLanguage\":\"es\",\"@id\":\"https:\/\/txakoliarritxola.com\/?page_id=321#primaryimage\",\"url\":\"https:\/\/txakoliarritxola.com\/wp-content\/uploads\/2024\/02\/oie_GSfcONJTIm7U.jpg\",\"contentUrl\":\"https:\/\/txakoliarritxola.com\/wp-content\/uploads\/2024\/02\/oie_GSfcONJTIm7U.jpg\",\"width\":629,\"height\":378},{\"@type\":\"BreadcrumbList\",\"@id\":\"https:\/\/txakoliarritxola.com\/?page_id=321#breadcrumb\",\"itemListElement\":[{\"@type\":\"ListItem\",\"position\":1,\"name\":\"Portada\",\"item\":\"https:\/\/txakoliarritxola.com\/\"},{\"@type\":\"ListItem\",\"position\":2,\"name\":\"VISITES GUID\u00c9ES DU MUS\u00c9E DU TXAKOLI\"}]},{\"@type\":\"WebSite\",\"@id\":\"https:\/\/txakoliarritxola.com\/#website\",\"url\":\"https:\/\/txakoliarritxola.com\/\",\"name\":\"Bodega Txakoli Arritxola upategia\",\"description\":\"Txakoli y destilados exclusivos en la Ribera del Ibaizabal\",\"potentialAction\":[{\"@type\":\"SearchAction\",\"target\":{\"@type\":\"EntryPoint\",\"urlTemplate\":\"https:\/\/txakoliarritxola.com\/?s={search_term_string}\"},\"query-input\":{\"@type\":\"PropertyValueSpecification\",\"valueRequired\":true,\"valueName\":\"search_term_string\"}}],\"inLanguage\":\"es\"}]}<\/script>\n<!-- \/ Yoast SEO plugin. -->","yoast_head_json":{"title":"VISITES GUID\u00c9ES DU MUS\u00c9E DU TXAKOLI - Bodega Txakoli Arritxola upategia","robots":{"index":"index","follow":"follow","max-snippet":"max-snippet:-1","max-image-preview":"max-image-preview:large","max-video-preview":"max-video-preview:-1"},"canonical":"https:\/\/txakoliarritxola.com\/?page_id=321","og_locale":"es_ES","og_type":"article","og_title":"VISITES GUID\u00c9ES DU MUS\u00c9E DU TXAKOLI - Bodega Txakoli Arritxola upategia","og_description":"VISITES GUID\u00c9ES DU MUS\u00c9E DU TXAKOLI R\u00c9SERVEZ VOTRE VISITE ICI \u00c0 c\u00f4t\u00e9 de notre distillerie, nous avons un petit mus\u00e9e du txakoli que vous pouvez visiter et d\u00e9guster nos txakolis et nos liqueurs ainsi que de nombreux autres produits de la r\u00e9gion. Une exp\u00e9rience oenotouristique, au cours de laquelle vous voyagerez dans une cave datant [&hellip;]","og_url":"https:\/\/txakoliarritxola.com\/?page_id=321","og_site_name":"Bodega Txakoli Arritxola upategia","article_modified_time":"2024-02-17T09:56:14+00:00","og_image":[{"url":"https:\/\/txakoliarritxola.com\/wp-content\/uploads\/2024\/02\/oie_GSfcONJTIm7U.jpg"}],"twitter_card":"summary_large_image","twitter_misc":{"Tiempo de lectura":"2 minutos"},"schema":{"@context":"https:\/\/schema.org","@graph":[{"@type":"WebPage","@id":"https:\/\/txakoliarritxola.com\/?page_id=321","url":"https:\/\/txakoliarritxola.com\/?page_id=321","name":"VISITES GUID\u00c9ES DU MUS\u00c9E DU TXAKOLI - Bodega Txakoli Arritxola upategia","isPartOf":{"@id":"https:\/\/txakoliarritxola.com\/#website"},"primaryImageOfPage":{"@id":"https:\/\/txakoliarritxola.com\/?page_id=321#primaryimage"},"image":{"@id":"https:\/\/txakoliarritxola.com\/?page_id=321#primaryimage"},"thumbnailUrl":"https:\/\/txakoliarritxola.com\/wp-content\/uploads\/2024\/02\/oie_GSfcONJTIm7U.jpg","datePublished":"2020-04-19T17:36:22+00:00","dateModified":"2024-02-17T09:56:14+00:00","breadcrumb":{"@id":"https:\/\/txakoliarritxola.com\/?page_id=321#breadcrumb"},"inLanguage":"es","potentialAction":[{"@type":"ReadAction","target":["https:\/\/txakoliarritxola.com\/?page_id=321"]}]},{"@type":"ImageObject","inLanguage":"es","@id":"https:\/\/txakoliarritxola.com\/?page_id=321#primaryimage","url":"https:\/\/txakoliarritxola.com\/wp-content\/uploads\/2024\/02\/oie_GSfcONJTIm7U.jpg","contentUrl":"https:\/\/txakoliarritxola.com\/wp-content\/uploads\/2024\/02\/oie_GSfcONJTIm7U.jpg","width":629,"height":378},{"@type":"BreadcrumbList","@id":"https:\/\/txakoliarritxola.com\/?page_id=321#breadcrumb","itemListElement":[{"@type":"ListItem","position":1,"name":"Portada","item":"https:\/\/txakoliarritxola.com\/"},{"@type":"ListItem","position":2,"name":"VISITES GUID\u00c9ES DU MUS\u00c9E DU TXAKOLI"}]},{"@type":"WebSite","@id":"https:\/\/txakoliarritxola.com\/#website","url":"https:\/\/txakoliarritxola.com\/","name":"Bodega Txakoli Arritxola upategia","description":"Txakoli y destilados exclusivos en la Ribera del Ibaizabal","potentialAction":[{"@type":"SearchAction","target":{"@type":"EntryPoint","urlTemplate":"https:\/\/txakoliarritxola.com\/?s={search_term_string}"},"query-input":{"@type":"PropertyValueSpecification","valueRequired":true,"valueName":"search_term_string"}}],"inLanguage":"es"}]}},"_links":{"self":[{"href":"https:\/\/txakoliarritxola.com\/index.php?rest_route=\/wp\/v2\/pages\/321"}],"collection":[{"href":"https:\/\/txakoliarritxola.com\/index.php?rest_route=\/wp\/v2\/pages"}],"about":[{"href":"https:\/\/txakoliarritxola.com\/index.php?rest_route=\/wp\/v2\/types\/page"}],"author":[{"embeddable":true,"href":"https:\/\/txakoliarritxola.com\/index.php?rest_route=\/wp\/v2\/users\/1"}],"replies":[{"embeddable":true,"href":"https:\/\/txakoliarritxola.com\/index.php?rest_route=%2Fwp%2Fv2%2Fcomments&post=321"}],"version-history":[{"count":13,"href":"https:\/\/txakoliarritxola.com\/index.php?rest_route=\/wp\/v2\/pages\/321\/revisions"}],"predecessor-version":[{"id":661,"href":"https:\/\/txakoliarritxola.com\/index.php?rest_route=\/wp\/v2\/pages\/321\/revisions\/661"}],"wp:attachment":[{"href":"https:\/\/txakoliarritxola.com\/index.php?rest_route=%2Fwp%2Fv2%2Fmedia&parent=321"}],"curies":[{"name":"wp","href":"https:\/\/api.w.org\/{rel}","templated":true}]}}