{"id":317,"date":"2020-04-19T17:27:12","date_gmt":"2020-04-19T17:27:12","guid":{"rendered":"https:\/\/txakoliarritxola.com\/?page_id=317"},"modified":"2023-01-13T07:05:50","modified_gmt":"2023-01-13T07:05:50","slug":"linfluence-de-la-deesse-mari","status":"publish","type":"page","link":"https:\/\/txakoliarritxola.com\/?page_id=317","title":{"rendered":"L&#8217;INFLUENCE DE LA D\u00c9ESSE MARI"},"content":{"rendered":"\t\t<div data-elementor-type=\"wp-page\" data-elementor-id=\"317\" class=\"elementor elementor-317\">\n\t\t\t\t\t\t<section class=\"elementor-section elementor-top-section elementor-element elementor-element-9b5e34a elementor-section-boxed elementor-section-height-default elementor-section-height-default\" data-id=\"9b5e34a\" data-element_type=\"section\">\n\t\t\t\t\t\t<div class=\"elementor-container elementor-column-gap-default\">\n\t\t\t\t\t<div class=\"elementor-column elementor-col-100 elementor-top-column elementor-element elementor-element-d3552df\" data-id=\"d3552df\" data-element_type=\"column\">\n\t\t\t<div class=\"elementor-widget-wrap elementor-element-populated\">\n\t\t\t\t\t\t<div class=\"elementor-element elementor-element-b68e89f elementor-widget elementor-widget-heading\" data-id=\"b68e89f\" data-element_type=\"widget\" data-widget_type=\"heading.default\">\n\t\t\t\t<div class=\"elementor-widget-container\">\n\t\t\t<h2 class=\"elementor-heading-title elementor-size-xl\">L'INFLUENCE DE LA D\u00c9ESSE MARI<\/h2>\t\t<\/div>\n\t\t\t\t<\/div>\n\t\t\t\t\t<\/div>\n\t\t<\/div>\n\t\t\t\t\t<\/div>\n\t\t<\/section>\n\t\t\t\t<section class=\"elementor-section elementor-top-section elementor-element elementor-element-f63b6c6 elementor-section-boxed elementor-section-height-default elementor-section-height-default\" data-id=\"f63b6c6\" data-element_type=\"section\">\n\t\t\t\t\t\t<div class=\"elementor-container elementor-column-gap-default\">\n\t\t\t\t\t<div class=\"elementor-column elementor-col-100 elementor-top-column elementor-element elementor-element-7911148\" data-id=\"7911148\" data-element_type=\"column\">\n\t\t\t<div class=\"elementor-widget-wrap elementor-element-populated\">\n\t\t\t\t\t\t\t<\/div>\n\t\t<\/div>\n\t\t\t\t\t<\/div>\n\t\t<\/section>\n\t\t\t\t<section class=\"elementor-section elementor-top-section elementor-element elementor-element-2fee349 elementor-section-boxed elementor-section-height-default elementor-section-height-default\" data-id=\"2fee349\" data-element_type=\"section\">\n\t\t\t\t\t\t<div class=\"elementor-container elementor-column-gap-default\">\n\t\t\t\t\t<div class=\"elementor-column elementor-col-100 elementor-top-column elementor-element elementor-element-013d153\" data-id=\"013d153\" data-element_type=\"column\">\n\t\t\t<div class=\"elementor-widget-wrap elementor-element-populated\">\n\t\t\t\t\t\t<div class=\"elementor-element elementor-element-e284a19 elementor-widget elementor-widget-text-editor\" data-id=\"e284a19\" data-element_type=\"widget\" data-widget_type=\"text-editor.default\">\n\t\t\t\t<div class=\"elementor-widget-container\">\n\t\t\t\t\t\t\t<p>Nos vignobles, notre cave et notre distillerie se trouvent tout pr\u00e8s de la maison de Mari, situ\u00e9e dans une grotte sur le mont Anboto et sous son influence. Mari prot\u00e8ge nos vignes et influence nos liqueurs comme l&#8217;eau de vie.<\/p><p>Mari, la Dame d&#8217;Anboto, est la personnification f\u00e9minine de la terre, elle ressemble aux mythes chthoniens (de la terre) que les anciens peuples matriarcaux adoraient, avant l&#8217;arriv\u00e9e des dieux c\u00e9lestes.<\/p><p><img fetchpriority=\"high\" decoding=\"async\" class=\"aligncenter size-full wp-image-166\" src=\"https:\/\/txakoliarritxola.com\/wp-content\/uploads\/2020\/04\/17-Udalatx-desde-el-tunel.jpg\" alt=\"\" width=\"700\" height=\"394\" srcset=\"https:\/\/txakoliarritxola.com\/wp-content\/uploads\/2020\/04\/17-Udalatx-desde-el-tunel.jpg 700w, https:\/\/txakoliarritxola.com\/wp-content\/uploads\/2020\/04\/17-Udalatx-desde-el-tunel-300x169.jpg 300w, https:\/\/txakoliarritxola.com\/wp-content\/uploads\/2020\/04\/17-Udalatx-desde-el-tunel-600x338.jpg 600w\" sizes=\"(max-width: 700px) 100vw, 700px\" \/><\/p><p>\u00a0<\/p><p>\u00a0<\/p><p>Elle est la reine de la nature et de toutes ses composantes. Il est clair que ce personnage est ant\u00e9rieur \u00e0 l&#8217;arriv\u00e9e du christianisme, et que pour les anciens Vascons, elle avait le statut de d\u00e9esse. En observant les qualit\u00e9s et les caract\u00e9ristiques de Mari, on peut trouver une ressemblance avec certaines d\u00e9esses de la vieille Europe.<\/p><p><img decoding=\"async\" class=\"aligncenter wp-image-125\" src=\"https:\/\/txakoliarritxola.com\/wp-content\/uploads\/2020\/04\/IMG-20200328-WA0008.jpg\" alt=\"\" width=\"700\" height=\"700\" srcset=\"https:\/\/txakoliarritxola.com\/wp-content\/uploads\/2020\/04\/IMG-20200328-WA0008.jpg 1200w, https:\/\/txakoliarritxola.com\/wp-content\/uploads\/2020\/04\/IMG-20200328-WA0008-300x300.jpg 300w, https:\/\/txakoliarritxola.com\/wp-content\/uploads\/2020\/04\/IMG-20200328-WA0008-1024x1024.jpg 1024w, https:\/\/txakoliarritxola.com\/wp-content\/uploads\/2020\/04\/IMG-20200328-WA0008-150x150.jpg 150w, https:\/\/txakoliarritxola.com\/wp-content\/uploads\/2020\/04\/IMG-20200328-WA0008-768x768.jpg 768w, https:\/\/txakoliarritxola.com\/wp-content\/uploads\/2020\/04\/IMG-20200328-WA0008-820x820.jpg 820w, https:\/\/txakoliarritxola.com\/wp-content\/uploads\/2020\/04\/IMG-20200328-WA0008-600x600.jpg 600w, https:\/\/txakoliarritxola.com\/wp-content\/uploads\/2020\/04\/IMG-20200328-WA0008-100x100.jpg 100w\" sizes=\"(max-width: 700px) 100vw, 700px\" \/><\/p><p>Elle personnifie les forces de la nature, et avec son pouvoir, elle les \u00e9quilibre. Autrefois, les gens venaient \u00e0 Mari pour lui demander d\u2019\u00e9loigner la gr\u00eale, et il est prouv\u00e9 que m\u00eame le pr\u00eatre du village allait c\u00e9l\u00e9brer la messe \u00e0 l&#8217;entr\u00e9e de la grotte o\u00f9 elle vivait. Cela indique qu&#8217;apr\u00e8s la christianisation, le peuple croyait encore en son pouvoir.<\/p><p>Un des aspects Mari est d\u00e9crite, est celui du serpent, symbole \u00e0 l&#8217;origine de caract\u00e8re matriarcal, habitant du monde souterrain \u00e0 travers sa grotte d&#8217;Anboto.<\/p><p>Souvent, dans les histoires populaires, Mari est d\u00e9crite comme un serpent br\u00fblant qui, \u00e0 l&#8217;occasion, porte une faucille ardente montrant toute sa puissance f\u00e9minine.<\/p>\t\t\t\t\t\t<\/div>\n\t\t\t\t<\/div>\n\t\t\t\t\t<\/div>\n\t\t<\/div>\n\t\t\t\t\t<\/div>\n\t\t<\/section>\n\t\t\t\t<section class=\"elementor-section elementor-top-section elementor-element elementor-element-c92b2ed elementor-section-boxed elementor-section-height-default elementor-section-height-default\" data-id=\"c92b2ed\" data-element_type=\"section\">\n\t\t\t\t\t\t<div class=\"elementor-container elementor-column-gap-default\">\n\t\t\t\t\t<div class=\"elementor-column elementor-col-100 elementor-top-column elementor-element elementor-element-618b333\" data-id=\"618b333\" data-element_type=\"column\">\n\t\t\t<div class=\"elementor-widget-wrap elementor-element-populated\">\n\t\t\t\t\t\t<div class=\"elementor-element elementor-element-aae79a0 elementor-align-center elementor-widget elementor-widget-button\" data-id=\"aae79a0\" data-element_type=\"widget\" data-widget_type=\"button.default\">\n\t\t\t\t<div class=\"elementor-widget-container\">\n\t\t\t\t\t<div class=\"elementor-button-wrapper\">\n\t\t\t<a class=\"elementor-button elementor-button-link elementor-size-sm\" href=\"https:\/\/tienda.txakoliarritxola.com\/es\/\" target=\"_blank\">\n\t\t\t\t\t\t<span class=\"elementor-button-content-wrapper\">\n\t\t\t\t\t\t\t\t\t<span class=\"elementor-button-text\">Haz clic aqu\u00ed<\/span>\n\t\t\t\t\t<\/span>\n\t\t\t\t\t<\/a>\n\t\t<\/div>\n\t\t\t\t<\/div>\n\t\t\t\t<\/div>\n\t\t\t\t\t<\/div>\n\t\t<\/div>\n\t\t\t\t\t<\/div>\n\t\t<\/section>\n\t\t\t\t<section class=\"elementor-section elementor-top-section elementor-element elementor-element-68f6051 elementor-section-boxed elementor-section-height-default elementor-section-height-default\" data-id=\"68f6051\" data-element_type=\"section\">\n\t\t\t\t\t\t<div class=\"elementor-container elementor-column-gap-default\">\n\t\t\t\t\t<div class=\"elementor-column elementor-col-100 elementor-top-column elementor-element elementor-element-a9a5680\" data-id=\"a9a5680\" data-element_type=\"column\">\n\t\t\t<div class=\"elementor-widget-wrap elementor-element-populated\">\n\t\t\t\t\t\t<div class=\"elementor-element elementor-element-a50e62c elementor-widget elementor-widget-image\" data-id=\"a50e62c\" data-element_type=\"widget\" data-widget_type=\"image.default\">\n\t\t\t\t<div class=\"elementor-widget-container\">\n\t\t\t\t\t\t\t\t\t\t\t\t\t\t<a href=\"https:\/\/tienda.txakoliarritxola.com\/es\/\" target=\"_blank\">\n\t\t\t\t\t\t\t<img decoding=\"async\" width=\"350\" height=\"232\" src=\"https:\/\/txakoliarritxola.com\/wp-content\/uploads\/2020\/04\/venta.jpg\" class=\"attachment-large size-large wp-image-66\" alt=\"\" srcset=\"https:\/\/txakoliarritxola.com\/wp-content\/uploads\/2020\/04\/venta.jpg 350w, https:\/\/txakoliarritxola.com\/wp-content\/uploads\/2020\/04\/venta-300x199.jpg 300w\" sizes=\"(max-width: 350px) 100vw, 350px\" \/>\t\t\t\t\t\t\t\t<\/a>\n\t\t\t\t\t\t\t\t\t\t\t\t\t<\/div>\n\t\t\t\t<\/div>\n\t\t\t\t\t<\/div>\n\t\t<\/div>\n\t\t\t\t\t<\/div>\n\t\t<\/section>\n\t\t\t\t<\/div>\n\t\t","protected":false},"excerpt":{"rendered":"<p>L&#8217;INFLUENCE DE LA D\u00c9ESSE MARI Nos vignobles, notre cave et notre distillerie se trouvent tout pr\u00e8s de la maison de Mari, situ\u00e9e dans une grotte sur le mont Anboto et sous son influence. Mari prot\u00e8ge nos vignes et influence nos liqueurs comme l&#8217;eau de vie. Mari, la Dame d&#8217;Anboto, est la personnification f\u00e9minine de la [&hellip;]<\/p>\n","protected":false},"author":1,"featured_media":0,"parent":0,"menu_order":0,"comment_status":"closed","ping_status":"closed","template":"elementor_header_footer","meta":{"om_disable_all_campaigns":false,"_monsterinsights_skip_tracking":false,"_monsterinsights_sitenote_active":false,"_monsterinsights_sitenote_note":"","_monsterinsights_sitenote_category":0,"_uf_show_specific_survey":0,"_uf_disable_surveys":false,"footnotes":""},"class_list":["post-317","page","type-page","status-publish","hentry"],"aioseo_notices":[],"yoast_head":"<!-- This site is optimized with the Yoast SEO plugin v23.5 - https:\/\/yoast.com\/wordpress\/plugins\/seo\/ -->\n<title>L&#039;INFLUENCE DE LA D\u00c9ESSE MARI - Bodega Txakoli Arritxola upategia<\/title>\n<meta name=\"robots\" content=\"index, follow, max-snippet:-1, max-image-preview:large, max-video-preview:-1\" \/>\n<link rel=\"canonical\" href=\"https:\/\/txakoliarritxola.com\/?page_id=317\" \/>\n<meta property=\"og:locale\" content=\"es_ES\" \/>\n<meta property=\"og:type\" content=\"article\" \/>\n<meta property=\"og:title\" content=\"L&#039;INFLUENCE DE LA D\u00c9ESSE MARI - Bodega Txakoli Arritxola upategia\" \/>\n<meta property=\"og:description\" content=\"L&#8217;INFLUENCE DE LA D\u00c9ESSE MARI Nos vignobles, notre cave et notre distillerie se trouvent tout pr\u00e8s de la maison de Mari, situ\u00e9e dans une grotte sur le mont Anboto et sous son influence. Mari prot\u00e8ge nos vignes et influence nos liqueurs comme l&#8217;eau de vie. Mari, la Dame d&#8217;Anboto, est la personnification f\u00e9minine de la [&hellip;]\" \/>\n<meta property=\"og:url\" content=\"https:\/\/txakoliarritxola.com\/?page_id=317\" \/>\n<meta property=\"og:site_name\" content=\"Bodega Txakoli Arritxola upategia\" \/>\n<meta property=\"article:modified_time\" content=\"2023-01-13T07:05:50+00:00\" \/>\n<meta property=\"og:image\" content=\"https:\/\/txakoliarritxola.com\/wp-content\/uploads\/2020\/04\/17-Udalatx-desde-el-tunel.jpg\" \/>\n<meta name=\"twitter:card\" content=\"summary_large_image\" \/>\n<meta name=\"twitter:label1\" content=\"Tiempo de lectura\" \/>\n\t<meta name=\"twitter:data1\" content=\"1 minuto\" \/>\n<script type=\"application\/ld+json\" class=\"yoast-schema-graph\">{\"@context\":\"https:\/\/schema.org\",\"@graph\":[{\"@type\":\"WebPage\",\"@id\":\"https:\/\/txakoliarritxola.com\/?page_id=317\",\"url\":\"https:\/\/txakoliarritxola.com\/?page_id=317\",\"name\":\"L'INFLUENCE DE LA D\u00c9ESSE MARI - Bodega Txakoli Arritxola upategia\",\"isPartOf\":{\"@id\":\"https:\/\/txakoliarritxola.com\/#website\"},\"primaryImageOfPage\":{\"@id\":\"https:\/\/txakoliarritxola.com\/?page_id=317#primaryimage\"},\"image\":{\"@id\":\"https:\/\/txakoliarritxola.com\/?page_id=317#primaryimage\"},\"thumbnailUrl\":\"https:\/\/txakoliarritxola.com\/wp-content\/uploads\/2020\/04\/17-Udalatx-desde-el-tunel.jpg\",\"datePublished\":\"2020-04-19T17:27:12+00:00\",\"dateModified\":\"2023-01-13T07:05:50+00:00\",\"breadcrumb\":{\"@id\":\"https:\/\/txakoliarritxola.com\/?page_id=317#breadcrumb\"},\"inLanguage\":\"es\",\"potentialAction\":[{\"@type\":\"ReadAction\",\"target\":[\"https:\/\/txakoliarritxola.com\/?page_id=317\"]}]},{\"@type\":\"ImageObject\",\"inLanguage\":\"es\",\"@id\":\"https:\/\/txakoliarritxola.com\/?page_id=317#primaryimage\",\"url\":\"https:\/\/txakoliarritxola.com\/wp-content\/uploads\/2020\/04\/17-Udalatx-desde-el-tunel.jpg\",\"contentUrl\":\"https:\/\/txakoliarritxola.com\/wp-content\/uploads\/2020\/04\/17-Udalatx-desde-el-tunel.jpg\",\"width\":700,\"height\":394},{\"@type\":\"BreadcrumbList\",\"@id\":\"https:\/\/txakoliarritxola.com\/?page_id=317#breadcrumb\",\"itemListElement\":[{\"@type\":\"ListItem\",\"position\":1,\"name\":\"Portada\",\"item\":\"https:\/\/txakoliarritxola.com\/\"},{\"@type\":\"ListItem\",\"position\":2,\"name\":\"L&#8217;INFLUENCE DE LA D\u00c9ESSE MARI\"}]},{\"@type\":\"WebSite\",\"@id\":\"https:\/\/txakoliarritxola.com\/#website\",\"url\":\"https:\/\/txakoliarritxola.com\/\",\"name\":\"Bodega Txakoli Arritxola upategia\",\"description\":\"Txakoli y destilados exclusivos en la Ribera del Ibaizabal\",\"potentialAction\":[{\"@type\":\"SearchAction\",\"target\":{\"@type\":\"EntryPoint\",\"urlTemplate\":\"https:\/\/txakoliarritxola.com\/?s={search_term_string}\"},\"query-input\":{\"@type\":\"PropertyValueSpecification\",\"valueRequired\":true,\"valueName\":\"search_term_string\"}}],\"inLanguage\":\"es\"}]}<\/script>\n<!-- \/ Yoast SEO plugin. -->","yoast_head_json":{"title":"L'INFLUENCE DE LA D\u00c9ESSE MARI - Bodega Txakoli Arritxola upategia","robots":{"index":"index","follow":"follow","max-snippet":"max-snippet:-1","max-image-preview":"max-image-preview:large","max-video-preview":"max-video-preview:-1"},"canonical":"https:\/\/txakoliarritxola.com\/?page_id=317","og_locale":"es_ES","og_type":"article","og_title":"L'INFLUENCE DE LA D\u00c9ESSE MARI - Bodega Txakoli Arritxola upategia","og_description":"L&#8217;INFLUENCE DE LA D\u00c9ESSE MARI Nos vignobles, notre cave et notre distillerie se trouvent tout pr\u00e8s de la maison de Mari, situ\u00e9e dans une grotte sur le mont Anboto et sous son influence. Mari prot\u00e8ge nos vignes et influence nos liqueurs comme l&#8217;eau de vie. Mari, la Dame d&#8217;Anboto, est la personnification f\u00e9minine de la [&hellip;]","og_url":"https:\/\/txakoliarritxola.com\/?page_id=317","og_site_name":"Bodega Txakoli Arritxola upategia","article_modified_time":"2023-01-13T07:05:50+00:00","og_image":[{"url":"https:\/\/txakoliarritxola.com\/wp-content\/uploads\/2020\/04\/17-Udalatx-desde-el-tunel.jpg"}],"twitter_card":"summary_large_image","twitter_misc":{"Tiempo de lectura":"1 minuto"},"schema":{"@context":"https:\/\/schema.org","@graph":[{"@type":"WebPage","@id":"https:\/\/txakoliarritxola.com\/?page_id=317","url":"https:\/\/txakoliarritxola.com\/?page_id=317","name":"L'INFLUENCE DE LA D\u00c9ESSE MARI - Bodega Txakoli Arritxola upategia","isPartOf":{"@id":"https:\/\/txakoliarritxola.com\/#website"},"primaryImageOfPage":{"@id":"https:\/\/txakoliarritxola.com\/?page_id=317#primaryimage"},"image":{"@id":"https:\/\/txakoliarritxola.com\/?page_id=317#primaryimage"},"thumbnailUrl":"https:\/\/txakoliarritxola.com\/wp-content\/uploads\/2020\/04\/17-Udalatx-desde-el-tunel.jpg","datePublished":"2020-04-19T17:27:12+00:00","dateModified":"2023-01-13T07:05:50+00:00","breadcrumb":{"@id":"https:\/\/txakoliarritxola.com\/?page_id=317#breadcrumb"},"inLanguage":"es","potentialAction":[{"@type":"ReadAction","target":["https:\/\/txakoliarritxola.com\/?page_id=317"]}]},{"@type":"ImageObject","inLanguage":"es","@id":"https:\/\/txakoliarritxola.com\/?page_id=317#primaryimage","url":"https:\/\/txakoliarritxola.com\/wp-content\/uploads\/2020\/04\/17-Udalatx-desde-el-tunel.jpg","contentUrl":"https:\/\/txakoliarritxola.com\/wp-content\/uploads\/2020\/04\/17-Udalatx-desde-el-tunel.jpg","width":700,"height":394},{"@type":"BreadcrumbList","@id":"https:\/\/txakoliarritxola.com\/?page_id=317#breadcrumb","itemListElement":[{"@type":"ListItem","position":1,"name":"Portada","item":"https:\/\/txakoliarritxola.com\/"},{"@type":"ListItem","position":2,"name":"L&#8217;INFLUENCE DE LA D\u00c9ESSE MARI"}]},{"@type":"WebSite","@id":"https:\/\/txakoliarritxola.com\/#website","url":"https:\/\/txakoliarritxola.com\/","name":"Bodega Txakoli Arritxola upategia","description":"Txakoli y destilados exclusivos en la Ribera del Ibaizabal","potentialAction":[{"@type":"SearchAction","target":{"@type":"EntryPoint","urlTemplate":"https:\/\/txakoliarritxola.com\/?s={search_term_string}"},"query-input":{"@type":"PropertyValueSpecification","valueRequired":true,"valueName":"search_term_string"}}],"inLanguage":"es"}]}},"_links":{"self":[{"href":"https:\/\/txakoliarritxola.com\/index.php?rest_route=\/wp\/v2\/pages\/317"}],"collection":[{"href":"https:\/\/txakoliarritxola.com\/index.php?rest_route=\/wp\/v2\/pages"}],"about":[{"href":"https:\/\/txakoliarritxola.com\/index.php?rest_route=\/wp\/v2\/types\/page"}],"author":[{"embeddable":true,"href":"https:\/\/txakoliarritxola.com\/index.php?rest_route=\/wp\/v2\/users\/1"}],"replies":[{"embeddable":true,"href":"https:\/\/txakoliarritxola.com\/index.php?rest_route=%2Fwp%2Fv2%2Fcomments&post=317"}],"version-history":[{"count":4,"href":"https:\/\/txakoliarritxola.com\/index.php?rest_route=\/wp\/v2\/pages\/317\/revisions"}],"predecessor-version":[{"id":442,"href":"https:\/\/txakoliarritxola.com\/index.php?rest_route=\/wp\/v2\/pages\/317\/revisions\/442"}],"wp:attachment":[{"href":"https:\/\/txakoliarritxola.com\/index.php?rest_route=%2Fwp%2Fv2%2Fmedia&parent=317"}],"curies":[{"name":"wp","href":"https:\/\/api.w.org\/{rel}","templated":true}]}}