{"id":313,"date":"2020-04-19T17:20:34","date_gmt":"2020-04-19T17:20:34","guid":{"rendered":"https:\/\/txakoliarritxola.com\/?page_id=313"},"modified":"2023-01-13T07:05:52","modified_gmt":"2023-01-13T07:05:52","slug":"notre-distillerie","status":"publish","type":"page","link":"https:\/\/txakoliarritxola.com\/?page_id=313","title":{"rendered":"NOTRE DISTILLERIE"},"content":{"rendered":"\t\t<div data-elementor-type=\"wp-page\" data-elementor-id=\"313\" class=\"elementor elementor-313\">\n\t\t\t\t\t\t<section class=\"elementor-section elementor-top-section elementor-element elementor-element-55e690a elementor-section-boxed elementor-section-height-default elementor-section-height-default\" data-id=\"55e690a\" data-element_type=\"section\">\n\t\t\t\t\t\t<div class=\"elementor-container elementor-column-gap-default\">\n\t\t\t\t\t<div class=\"elementor-column elementor-col-100 elementor-top-column elementor-element elementor-element-98649f9\" data-id=\"98649f9\" data-element_type=\"column\">\n\t\t\t<div class=\"elementor-widget-wrap elementor-element-populated\">\n\t\t\t\t\t\t<div class=\"elementor-element elementor-element-54af673 elementor-widget elementor-widget-heading\" data-id=\"54af673\" data-element_type=\"widget\" data-widget_type=\"heading.default\">\n\t\t\t\t<div class=\"elementor-widget-container\">\n\t\t\t<h2 class=\"elementor-heading-title elementor-size-xl\">NOTRE DISTILLERIE <\/h2>\t\t<\/div>\n\t\t\t\t<\/div>\n\t\t\t\t\t<\/div>\n\t\t<\/div>\n\t\t\t\t\t<\/div>\n\t\t<\/section>\n\t\t\t\t<section class=\"elementor-section elementor-top-section elementor-element elementor-element-3ed1dd0 elementor-section-boxed elementor-section-height-default elementor-section-height-default\" data-id=\"3ed1dd0\" data-element_type=\"section\">\n\t\t\t\t\t\t<div class=\"elementor-container elementor-column-gap-default\">\n\t\t\t\t\t<div class=\"elementor-column elementor-col-100 elementor-top-column elementor-element elementor-element-e0486f0\" data-id=\"e0486f0\" data-element_type=\"column\">\n\t\t\t<div class=\"elementor-widget-wrap elementor-element-populated\">\n\t\t\t\t\t\t<div class=\"elementor-element elementor-element-a179c6f elementor-widget elementor-widget-text-editor\" data-id=\"a179c6f\" data-element_type=\"widget\" data-widget_type=\"text-editor.default\">\n\t\t\t\t<div class=\"elementor-widget-container\">\n\t\t\t\t\t\t\t<p><strong>&nbsp;<\/strong><\/p>\n<p><strong>Les artisans distillateurs et l&#8217;influence de la Dame d&#8217;Anboto sur nos produits<\/strong><\/p>\n<p>Txakoli Arritxola dispose d&#8217;une distillerie par tra\u00eenage de vapeur du syst\u00e8me portugais dont l&#8217;\u00e9nergie est produite par le bois de nos for\u00eats. Nous n&#8217;utilisons pas de combustibles fossiles et nous profitons de la biomasse de nos vignobles et des restes d&#8217;\u00e9lagage des arbres de nos montagnes.<\/p>\n<p>Une fois distill\u00e9 le marc issu du pressurage de nos raisins, nous les transformons en compost qui fertilisera plus tard nos vignes. De cette mani\u00e8re, c\u2019est fini le cycle complet de notre travail agricole.<\/p>\n<p><img fetchpriority=\"high\" decoding=\"async\" class=\"aligncenter size-full wp-image-532\" src=\"https:\/\/txakoliarritxola.com\/wp-content\/uploads\/2021\/05\/Licores-de-Partovia.jpg\" alt=\"\" width=\"496\" height=\"470\" srcset=\"https:\/\/txakoliarritxola.com\/wp-content\/uploads\/2021\/05\/Licores-de-Partovia.jpg 496w, https:\/\/txakoliarritxola.com\/wp-content\/uploads\/2021\/05\/Licores-de-Partovia-300x284.jpg 300w\" sizes=\"(max-width: 496px) 100vw, 496px\" \/><\/p>\n<p><\/p>\n<p>Nous allons bient\u00f4t proc\u00e9der \u00e0 la mise en service de notre distillerie.<\/p><p>Foto. Licores de Pantov\u00eda<\/p>\t\t\t\t\t\t<\/div>\n\t\t\t\t<\/div>\n\t\t\t\t\t<\/div>\n\t\t<\/div>\n\t\t\t\t\t<\/div>\n\t\t<\/section>\n\t\t\t\t<section class=\"elementor-section elementor-top-section elementor-element elementor-element-19bb18a elementor-section-boxed elementor-section-height-default elementor-section-height-default\" data-id=\"19bb18a\" data-element_type=\"section\">\n\t\t\t\t\t\t<div class=\"elementor-container elementor-column-gap-default\">\n\t\t\t\t\t<div class=\"elementor-column elementor-col-100 elementor-top-column elementor-element elementor-element-9544702\" data-id=\"9544702\" data-element_type=\"column\">\n\t\t\t<div class=\"elementor-widget-wrap elementor-element-populated\">\n\t\t\t\t\t\t<div class=\"elementor-element elementor-element-b8f91e6 elementor-align-center elementor-widget elementor-widget-button\" data-id=\"b8f91e6\" data-element_type=\"widget\" data-widget_type=\"button.default\">\n\t\t\t\t<div class=\"elementor-widget-container\">\n\t\t\t\t\t<div class=\"elementor-button-wrapper\">\n\t\t\t<a class=\"elementor-button elementor-button-link elementor-size-sm\" href=\"https:\/\/tienda.txakoliarritxola.com\/es\/\" target=\"_blank\">\n\t\t\t\t\t\t<span class=\"elementor-button-content-wrapper\">\n\t\t\t\t\t\t\t\t\t<span class=\"elementor-button-text\">Haz clic aqu\u00ed<\/span>\n\t\t\t\t\t<\/span>\n\t\t\t\t\t<\/a>\n\t\t<\/div>\n\t\t\t\t<\/div>\n\t\t\t\t<\/div>\n\t\t\t\t\t<\/div>\n\t\t<\/div>\n\t\t\t\t\t<\/div>\n\t\t<\/section>\n\t\t\t\t<section class=\"elementor-section elementor-top-section elementor-element elementor-element-1865ae9 elementor-section-boxed elementor-section-height-default elementor-section-height-default\" data-id=\"1865ae9\" data-element_type=\"section\">\n\t\t\t\t\t\t<div class=\"elementor-container elementor-column-gap-default\">\n\t\t\t\t\t<div class=\"elementor-column elementor-col-100 elementor-top-column elementor-element elementor-element-3a5ffca\" data-id=\"3a5ffca\" data-element_type=\"column\">\n\t\t\t<div class=\"elementor-widget-wrap elementor-element-populated\">\n\t\t\t\t\t\t<div class=\"elementor-element elementor-element-c65debc elementor-widget elementor-widget-image\" data-id=\"c65debc\" data-element_type=\"widget\" data-widget_type=\"image.default\">\n\t\t\t\t<div class=\"elementor-widget-container\">\n\t\t\t\t\t\t\t\t\t\t\t\t\t\t<a href=\"https:\/\/tienda.txakoliarritxola.com\/es\/\" target=\"_blank\">\n\t\t\t\t\t\t\t<img decoding=\"async\" width=\"350\" height=\"232\" src=\"https:\/\/txakoliarritxola.com\/wp-content\/uploads\/2020\/04\/venta.jpg\" class=\"attachment-large size-large wp-image-66\" alt=\"\" srcset=\"https:\/\/txakoliarritxola.com\/wp-content\/uploads\/2020\/04\/venta.jpg 350w, https:\/\/txakoliarritxola.com\/wp-content\/uploads\/2020\/04\/venta-300x199.jpg 300w\" sizes=\"(max-width: 350px) 100vw, 350px\" \/>\t\t\t\t\t\t\t\t<\/a>\n\t\t\t\t\t\t\t\t\t\t\t\t\t<\/div>\n\t\t\t\t<\/div>\n\t\t\t\t\t<\/div>\n\t\t<\/div>\n\t\t\t\t\t<\/div>\n\t\t<\/section>\n\t\t\t\t<\/div>\n\t\t","protected":false},"excerpt":{"rendered":"<p>NOTRE DISTILLERIE &nbsp; Les artisans distillateurs et l&#8217;influence de la Dame d&#8217;Anboto sur nos produits Txakoli Arritxola dispose d&#8217;une distillerie par tra\u00eenage de vapeur du syst\u00e8me portugais dont l&#8217;\u00e9nergie est produite par le bois de nos for\u00eats. Nous n&#8217;utilisons pas de combustibles fossiles et nous profitons de la biomasse de nos vignobles et des restes [&hellip;]<\/p>\n","protected":false},"author":1,"featured_media":0,"parent":0,"menu_order":0,"comment_status":"closed","ping_status":"closed","template":"elementor_header_footer","meta":{"om_disable_all_campaigns":false,"_monsterinsights_skip_tracking":false,"_monsterinsights_sitenote_active":false,"_monsterinsights_sitenote_note":"","_monsterinsights_sitenote_category":0,"_uf_show_specific_survey":0,"_uf_disable_surveys":false,"footnotes":""},"class_list":["post-313","page","type-page","status-publish","hentry"],"aioseo_notices":[],"yoast_head":"<!-- This site is optimized with the Yoast SEO plugin v23.5 - https:\/\/yoast.com\/wordpress\/plugins\/seo\/ -->\n<title>NOTRE DISTILLERIE - Bodega Txakoli Arritxola upategia<\/title>\n<meta name=\"robots\" content=\"index, follow, max-snippet:-1, max-image-preview:large, max-video-preview:-1\" \/>\n<link rel=\"canonical\" href=\"https:\/\/txakoliarritxola.com\/?page_id=313\" \/>\n<meta property=\"og:locale\" content=\"es_ES\" \/>\n<meta property=\"og:type\" content=\"article\" \/>\n<meta property=\"og:title\" content=\"NOTRE DISTILLERIE - Bodega Txakoli Arritxola upategia\" \/>\n<meta property=\"og:description\" content=\"NOTRE DISTILLERIE &nbsp; Les artisans distillateurs et l&#8217;influence de la Dame d&#8217;Anboto sur nos produits Txakoli Arritxola dispose d&#8217;une distillerie par tra\u00eenage de vapeur du syst\u00e8me portugais dont l&#8217;\u00e9nergie est produite par le bois de nos for\u00eats. Nous n&#8217;utilisons pas de combustibles fossiles et nous profitons de la biomasse de nos vignobles et des restes [&hellip;]\" \/>\n<meta property=\"og:url\" content=\"https:\/\/txakoliarritxola.com\/?page_id=313\" \/>\n<meta property=\"og:site_name\" content=\"Bodega Txakoli Arritxola upategia\" \/>\n<meta property=\"article:modified_time\" content=\"2023-01-13T07:05:52+00:00\" \/>\n<meta property=\"og:image\" content=\"https:\/\/txakoliarritxola.com\/wp-content\/uploads\/2021\/05\/Licores-de-Partovia.jpg\" \/>\n<meta name=\"twitter:card\" content=\"summary_large_image\" \/>\n<meta name=\"twitter:label1\" content=\"Tiempo de lectura\" \/>\n\t<meta name=\"twitter:data1\" content=\"1 minuto\" \/>\n<script type=\"application\/ld+json\" class=\"yoast-schema-graph\">{\"@context\":\"https:\/\/schema.org\",\"@graph\":[{\"@type\":\"WebPage\",\"@id\":\"https:\/\/txakoliarritxola.com\/?page_id=313\",\"url\":\"https:\/\/txakoliarritxola.com\/?page_id=313\",\"name\":\"NOTRE DISTILLERIE - Bodega Txakoli Arritxola upategia\",\"isPartOf\":{\"@id\":\"https:\/\/txakoliarritxola.com\/#website\"},\"primaryImageOfPage\":{\"@id\":\"https:\/\/txakoliarritxola.com\/?page_id=313#primaryimage\"},\"image\":{\"@id\":\"https:\/\/txakoliarritxola.com\/?page_id=313#primaryimage\"},\"thumbnailUrl\":\"https:\/\/txakoliarritxola.com\/wp-content\/uploads\/2021\/05\/Licores-de-Partovia.jpg\",\"datePublished\":\"2020-04-19T17:20:34+00:00\",\"dateModified\":\"2023-01-13T07:05:52+00:00\",\"breadcrumb\":{\"@id\":\"https:\/\/txakoliarritxola.com\/?page_id=313#breadcrumb\"},\"inLanguage\":\"es\",\"potentialAction\":[{\"@type\":\"ReadAction\",\"target\":[\"https:\/\/txakoliarritxola.com\/?page_id=313\"]}]},{\"@type\":\"ImageObject\",\"inLanguage\":\"es\",\"@id\":\"https:\/\/txakoliarritxola.com\/?page_id=313#primaryimage\",\"url\":\"https:\/\/txakoliarritxola.com\/wp-content\/uploads\/2021\/05\/Licores-de-Partovia.jpg\",\"contentUrl\":\"https:\/\/txakoliarritxola.com\/wp-content\/uploads\/2021\/05\/Licores-de-Partovia.jpg\",\"width\":496,\"height\":470},{\"@type\":\"BreadcrumbList\",\"@id\":\"https:\/\/txakoliarritxola.com\/?page_id=313#breadcrumb\",\"itemListElement\":[{\"@type\":\"ListItem\",\"position\":1,\"name\":\"Portada\",\"item\":\"https:\/\/txakoliarritxola.com\/\"},{\"@type\":\"ListItem\",\"position\":2,\"name\":\"NOTRE DISTILLERIE\"}]},{\"@type\":\"WebSite\",\"@id\":\"https:\/\/txakoliarritxola.com\/#website\",\"url\":\"https:\/\/txakoliarritxola.com\/\",\"name\":\"Bodega Txakoli Arritxola upategia\",\"description\":\"Txakoli y destilados exclusivos en la Ribera del Ibaizabal\",\"potentialAction\":[{\"@type\":\"SearchAction\",\"target\":{\"@type\":\"EntryPoint\",\"urlTemplate\":\"https:\/\/txakoliarritxola.com\/?s={search_term_string}\"},\"query-input\":{\"@type\":\"PropertyValueSpecification\",\"valueRequired\":true,\"valueName\":\"search_term_string\"}}],\"inLanguage\":\"es\"}]}<\/script>\n<!-- \/ Yoast SEO plugin. -->","yoast_head_json":{"title":"NOTRE DISTILLERIE - Bodega Txakoli Arritxola upategia","robots":{"index":"index","follow":"follow","max-snippet":"max-snippet:-1","max-image-preview":"max-image-preview:large","max-video-preview":"max-video-preview:-1"},"canonical":"https:\/\/txakoliarritxola.com\/?page_id=313","og_locale":"es_ES","og_type":"article","og_title":"NOTRE DISTILLERIE - Bodega Txakoli Arritxola upategia","og_description":"NOTRE DISTILLERIE &nbsp; Les artisans distillateurs et l&#8217;influence de la Dame d&#8217;Anboto sur nos produits Txakoli Arritxola dispose d&#8217;une distillerie par tra\u00eenage de vapeur du syst\u00e8me portugais dont l&#8217;\u00e9nergie est produite par le bois de nos for\u00eats. Nous n&#8217;utilisons pas de combustibles fossiles et nous profitons de la biomasse de nos vignobles et des restes [&hellip;]","og_url":"https:\/\/txakoliarritxola.com\/?page_id=313","og_site_name":"Bodega Txakoli Arritxola upategia","article_modified_time":"2023-01-13T07:05:52+00:00","og_image":[{"url":"https:\/\/txakoliarritxola.com\/wp-content\/uploads\/2021\/05\/Licores-de-Partovia.jpg"}],"twitter_card":"summary_large_image","twitter_misc":{"Tiempo de lectura":"1 minuto"},"schema":{"@context":"https:\/\/schema.org","@graph":[{"@type":"WebPage","@id":"https:\/\/txakoliarritxola.com\/?page_id=313","url":"https:\/\/txakoliarritxola.com\/?page_id=313","name":"NOTRE DISTILLERIE - Bodega Txakoli Arritxola upategia","isPartOf":{"@id":"https:\/\/txakoliarritxola.com\/#website"},"primaryImageOfPage":{"@id":"https:\/\/txakoliarritxola.com\/?page_id=313#primaryimage"},"image":{"@id":"https:\/\/txakoliarritxola.com\/?page_id=313#primaryimage"},"thumbnailUrl":"https:\/\/txakoliarritxola.com\/wp-content\/uploads\/2021\/05\/Licores-de-Partovia.jpg","datePublished":"2020-04-19T17:20:34+00:00","dateModified":"2023-01-13T07:05:52+00:00","breadcrumb":{"@id":"https:\/\/txakoliarritxola.com\/?page_id=313#breadcrumb"},"inLanguage":"es","potentialAction":[{"@type":"ReadAction","target":["https:\/\/txakoliarritxola.com\/?page_id=313"]}]},{"@type":"ImageObject","inLanguage":"es","@id":"https:\/\/txakoliarritxola.com\/?page_id=313#primaryimage","url":"https:\/\/txakoliarritxola.com\/wp-content\/uploads\/2021\/05\/Licores-de-Partovia.jpg","contentUrl":"https:\/\/txakoliarritxola.com\/wp-content\/uploads\/2021\/05\/Licores-de-Partovia.jpg","width":496,"height":470},{"@type":"BreadcrumbList","@id":"https:\/\/txakoliarritxola.com\/?page_id=313#breadcrumb","itemListElement":[{"@type":"ListItem","position":1,"name":"Portada","item":"https:\/\/txakoliarritxola.com\/"},{"@type":"ListItem","position":2,"name":"NOTRE DISTILLERIE"}]},{"@type":"WebSite","@id":"https:\/\/txakoliarritxola.com\/#website","url":"https:\/\/txakoliarritxola.com\/","name":"Bodega Txakoli Arritxola upategia","description":"Txakoli y destilados exclusivos en la Ribera del Ibaizabal","potentialAction":[{"@type":"SearchAction","target":{"@type":"EntryPoint","urlTemplate":"https:\/\/txakoliarritxola.com\/?s={search_term_string}"},"query-input":{"@type":"PropertyValueSpecification","valueRequired":true,"valueName":"search_term_string"}}],"inLanguage":"es"}]}},"_links":{"self":[{"href":"https:\/\/txakoliarritxola.com\/index.php?rest_route=\/wp\/v2\/pages\/313"}],"collection":[{"href":"https:\/\/txakoliarritxola.com\/index.php?rest_route=\/wp\/v2\/pages"}],"about":[{"href":"https:\/\/txakoliarritxola.com\/index.php?rest_route=\/wp\/v2\/types\/page"}],"author":[{"embeddable":true,"href":"https:\/\/txakoliarritxola.com\/index.php?rest_route=\/wp\/v2\/users\/1"}],"replies":[{"embeddable":true,"href":"https:\/\/txakoliarritxola.com\/index.php?rest_route=%2Fwp%2Fv2%2Fcomments&post=313"}],"version-history":[{"count":7,"href":"https:\/\/txakoliarritxola.com\/index.php?rest_route=\/wp\/v2\/pages\/313\/revisions"}],"predecessor-version":[{"id":545,"href":"https:\/\/txakoliarritxola.com\/index.php?rest_route=\/wp\/v2\/pages\/313\/revisions\/545"}],"wp:attachment":[{"href":"https:\/\/txakoliarritxola.com\/index.php?rest_route=%2Fwp%2Fv2%2Fmedia&parent=313"}],"curies":[{"name":"wp","href":"https:\/\/api.w.org\/{rel}","templated":true}]}}