{"id":293,"date":"2020-04-19T16:45:29","date_gmt":"2020-04-19T16:45:29","guid":{"rendered":"https:\/\/txakoliarritxola.com\/?page_id=293"},"modified":"2023-01-13T07:05:52","modified_gmt":"2023-01-13T07:05:52","slug":"notre-historie","status":"publish","type":"page","link":"https:\/\/txakoliarritxola.com\/?page_id=293","title":{"rendered":"NOTRE HISTORIE"},"content":{"rendered":"\t\t<div data-elementor-type=\"wp-page\" data-elementor-id=\"293\" class=\"elementor elementor-293\">\n\t\t\t\t\t\t<section class=\"elementor-section elementor-top-section elementor-element elementor-element-b0cfe5a elementor-section-boxed elementor-section-height-default elementor-section-height-default\" data-id=\"b0cfe5a\" data-element_type=\"section\">\n\t\t\t\t\t\t<div class=\"elementor-container elementor-column-gap-default\">\n\t\t\t\t\t<div class=\"elementor-column elementor-col-100 elementor-top-column elementor-element elementor-element-8fbbe6f\" data-id=\"8fbbe6f\" data-element_type=\"column\">\n\t\t\t<div class=\"elementor-widget-wrap elementor-element-populated\">\n\t\t\t\t\t\t<div class=\"elementor-element elementor-element-dc075fc elementor-widget elementor-widget-text-editor\" data-id=\"dc075fc\" data-element_type=\"widget\" data-widget_type=\"text-editor.default\">\n\t\t\t\t<div class=\"elementor-widget-container\">\n\t\t\t\t\t\t\t<p><strong><em>Depuis 1986.<\/em><\/strong><\/p><p>Durangaldea est une vall\u00e9e situ\u00e9e au centre du Pays Basque, avec une longue tradition dans la production de txakoli jusqu&#8217;au d\u00e9but du 19\u00e8me si\u00e8cle, lorsque la peste phyllox\u00e9rique a d\u00e9vast\u00e9 presque tous ses vignobles.<\/p><p>\u00a0<\/p><p><img fetchpriority=\"high\" decoding=\"async\" class=\"aligncenter wp-image-144\" src=\"https:\/\/txakoliarritxola.com\/wp-content\/uploads\/2020\/04\/Durangaldea-Imanol-Aragon-1024x577-1.jpg\" alt=\"\" width=\"700\" height=\"394\" srcset=\"https:\/\/txakoliarritxola.com\/wp-content\/uploads\/2020\/04\/Durangaldea-Imanol-Aragon-1024x577-1.jpg 1024w, https:\/\/txakoliarritxola.com\/wp-content\/uploads\/2020\/04\/Durangaldea-Imanol-Aragon-1024x577-1-300x169.jpg 300w, https:\/\/txakoliarritxola.com\/wp-content\/uploads\/2020\/04\/Durangaldea-Imanol-Aragon-1024x577-1-768x433.jpg 768w, https:\/\/txakoliarritxola.com\/wp-content\/uploads\/2020\/04\/Durangaldea-Imanol-Aragon-1024x577-1-820x462.jpg 820w, https:\/\/txakoliarritxola.com\/wp-content\/uploads\/2020\/04\/Durangaldea-Imanol-Aragon-1024x577-1-600x338.jpg 600w\" sizes=\"(max-width: 700px) 100vw, 700px\" \/><\/p><p>\u00a0<\/p><p>Ce fut le cas jusqu&#8217;en 1986, lorsque Juan Antonio Sarasketa Legina (fondateur de <strong>Txakoli Arritxola<\/strong>), avec une demi-douzaine d&#8217;agriculteurs du reste de la Biscaye, acheta des vignes et du mat\u00e9riel de vinification \u00e0 travers de la D\u00e9putation de la Biscaye pour r\u00e9aliser de nouvelles plantations exp\u00e9rimentales cette m\u00eame ann\u00e9e, ce qui allait permettre de produire \u00e0 nouveau du txakoli dans cette vall\u00e9e.<\/p><p>Peu de temps apr\u00e8s, la cave <strong>Txakoli Arritxola<\/strong> a particip\u00e9 \u00e0 la cr\u00e9ation de la Bialtxa (Association des Txakolineros de la Biscaye) et plus tard, en 1994, elle est devenue l&#8217;une des caves qui ont cr\u00e9\u00e9 l&#8217;appellation d&#8217;origine Txakoli de Biscaye\/BizkaikoTxakolina, avec le gouvernement basque et la D\u00e9putation de la Biscaye.<\/p><p>Actuellement, la famille Sarasketa &#8211; Divass\u00f3n, avec leurs filles, g\u00e8re cette cave et la distillerie <strong>Txakoli Arritxola<\/strong>.<\/p><p>\u00a0<\/p><p><img decoding=\"async\" class=\"aligncenter size-full wp-image-145\" src=\"https:\/\/txakoliarritxola.com\/wp-content\/uploads\/2020\/04\/unnamed.gif\" alt=\"\" width=\"307\" height=\"89\" \/><\/p><p>\u00a0<\/p><p>\u00a0<\/p><p><img decoding=\"async\" class=\"aligncenter size-full wp-image-175\" src=\"https:\/\/txakoliarritxola.com\/wp-content\/uploads\/2020\/04\/images.jpg\" alt=\"\" width=\"281\" height=\"179\" \/><\/p>\t\t\t\t\t\t<\/div>\n\t\t\t\t<\/div>\n\t\t\t\t\t<\/div>\n\t\t<\/div>\n\t\t\t\t\t<\/div>\n\t\t<\/section>\n\t\t\t\t<section class=\"elementor-section elementor-top-section elementor-element elementor-element-04c8e87 elementor-section-boxed elementor-section-height-default elementor-section-height-default\" data-id=\"04c8e87\" data-element_type=\"section\">\n\t\t\t\t\t\t<div class=\"elementor-container elementor-column-gap-default\">\n\t\t\t\t\t<div class=\"elementor-column elementor-col-100 elementor-top-column elementor-element elementor-element-d9a765a\" data-id=\"d9a765a\" data-element_type=\"column\">\n\t\t\t<div class=\"elementor-widget-wrap elementor-element-populated\">\n\t\t\t\t\t\t<div class=\"elementor-element elementor-element-8b7244a elementor-align-center elementor-widget elementor-widget-button\" data-id=\"8b7244a\" data-element_type=\"widget\" data-widget_type=\"button.default\">\n\t\t\t\t<div class=\"elementor-widget-container\">\n\t\t\t\t\t<div class=\"elementor-button-wrapper\">\n\t\t\t<a class=\"elementor-button elementor-button-link elementor-size-sm\" href=\"https:\/\/tienda.txakoliarritxola.com\/es\/\" target=\"_blank\">\n\t\t\t\t\t\t<span class=\"elementor-button-content-wrapper\">\n\t\t\t\t\t\t\t\t\t<span class=\"elementor-button-text\">Haz clic aqu\u00ed<\/span>\n\t\t\t\t\t<\/span>\n\t\t\t\t\t<\/a>\n\t\t<\/div>\n\t\t\t\t<\/div>\n\t\t\t\t<\/div>\n\t\t\t\t\t<\/div>\n\t\t<\/div>\n\t\t\t\t\t<\/div>\n\t\t<\/section>\n\t\t\t\t<section class=\"elementor-section elementor-top-section elementor-element elementor-element-8407247 elementor-section-boxed elementor-section-height-default elementor-section-height-default\" data-id=\"8407247\" data-element_type=\"section\">\n\t\t\t\t\t\t<div class=\"elementor-container elementor-column-gap-default\">\n\t\t\t\t\t<div class=\"elementor-column elementor-col-100 elementor-top-column elementor-element elementor-element-75dc785\" data-id=\"75dc785\" data-element_type=\"column\">\n\t\t\t<div class=\"elementor-widget-wrap elementor-element-populated\">\n\t\t\t\t\t\t<div class=\"elementor-element elementor-element-dbd16e5 elementor-widget elementor-widget-image\" data-id=\"dbd16e5\" data-element_type=\"widget\" data-widget_type=\"image.default\">\n\t\t\t\t<div class=\"elementor-widget-container\">\n\t\t\t\t\t\t\t\t\t\t\t\t\t\t<a href=\"https:\/\/tienda.txakoliarritxola.com\/es\/\" target=\"_blank\">\n\t\t\t\t\t\t\t<img loading=\"lazy\" decoding=\"async\" width=\"350\" height=\"232\" src=\"https:\/\/txakoliarritxola.com\/wp-content\/uploads\/2020\/04\/venta.jpg\" class=\"attachment-large size-large wp-image-66\" alt=\"\" srcset=\"https:\/\/txakoliarritxola.com\/wp-content\/uploads\/2020\/04\/venta.jpg 350w, https:\/\/txakoliarritxola.com\/wp-content\/uploads\/2020\/04\/venta-300x199.jpg 300w\" sizes=\"(max-width: 350px) 100vw, 350px\" \/>\t\t\t\t\t\t\t\t<\/a>\n\t\t\t\t\t\t\t\t\t\t\t\t\t<\/div>\n\t\t\t\t<\/div>\n\t\t\t\t\t<\/div>\n\t\t<\/div>\n\t\t\t\t\t<\/div>\n\t\t<\/section>\n\t\t\t\t<\/div>\n\t\t","protected":false},"excerpt":{"rendered":"<p>Depuis 1986. Durangaldea est une vall\u00e9e situ\u00e9e au centre du Pays Basque, avec une longue tradition dans la production de txakoli jusqu&#8217;au d\u00e9but du 19\u00e8me si\u00e8cle, lorsque la peste phyllox\u00e9rique a d\u00e9vast\u00e9 presque tous ses vignobles. \u00a0 \u00a0 Ce fut le cas jusqu&#8217;en 1986, lorsque Juan Antonio Sarasketa Legina (fondateur de Txakoli Arritxola), avec une [&hellip;]<\/p>\n","protected":false},"author":1,"featured_media":0,"parent":0,"menu_order":0,"comment_status":"closed","ping_status":"closed","template":"elementor_header_footer","meta":{"om_disable_all_campaigns":false,"_monsterinsights_skip_tracking":false,"_monsterinsights_sitenote_active":false,"_monsterinsights_sitenote_note":"","_monsterinsights_sitenote_category":0,"_uf_show_specific_survey":0,"_uf_disable_surveys":false,"footnotes":""},"class_list":["post-293","page","type-page","status-publish","hentry"],"aioseo_notices":[],"yoast_head":"<!-- This site is optimized with the Yoast SEO plugin v23.5 - https:\/\/yoast.com\/wordpress\/plugins\/seo\/ -->\n<title>NOTRE HISTORIE - Bodega Txakoli Arritxola upategia<\/title>\n<meta name=\"robots\" content=\"index, follow, max-snippet:-1, max-image-preview:large, max-video-preview:-1\" \/>\n<link rel=\"canonical\" href=\"https:\/\/txakoliarritxola.com\/?page_id=293\" \/>\n<meta property=\"og:locale\" content=\"es_ES\" \/>\n<meta property=\"og:type\" content=\"article\" \/>\n<meta property=\"og:title\" content=\"NOTRE HISTORIE - Bodega Txakoli Arritxola upategia\" \/>\n<meta property=\"og:description\" content=\"Depuis 1986. Durangaldea est une vall\u00e9e situ\u00e9e au centre du Pays Basque, avec une longue tradition dans la production de txakoli jusqu&#8217;au d\u00e9but du 19\u00e8me si\u00e8cle, lorsque la peste phyllox\u00e9rique a d\u00e9vast\u00e9 presque tous ses vignobles. \u00a0 \u00a0 Ce fut le cas jusqu&#8217;en 1986, lorsque Juan Antonio Sarasketa Legina (fondateur de Txakoli Arritxola), avec une [&hellip;]\" \/>\n<meta property=\"og:url\" content=\"https:\/\/txakoliarritxola.com\/?page_id=293\" \/>\n<meta property=\"og:site_name\" content=\"Bodega Txakoli Arritxola upategia\" \/>\n<meta property=\"article:modified_time\" content=\"2023-01-13T07:05:52+00:00\" \/>\n<meta property=\"og:image\" content=\"https:\/\/txakoliarritxola.com\/wp-content\/uploads\/2020\/04\/Durangaldea-Imanol-Aragon-1024x577-1.jpg\" \/>\n<meta name=\"twitter:card\" content=\"summary_large_image\" \/>\n<meta name=\"twitter:label1\" content=\"Tiempo de lectura\" \/>\n\t<meta name=\"twitter:data1\" content=\"1 minuto\" \/>\n<script type=\"application\/ld+json\" class=\"yoast-schema-graph\">{\"@context\":\"https:\/\/schema.org\",\"@graph\":[{\"@type\":\"WebPage\",\"@id\":\"https:\/\/txakoliarritxola.com\/?page_id=293\",\"url\":\"https:\/\/txakoliarritxola.com\/?page_id=293\",\"name\":\"NOTRE HISTORIE - Bodega Txakoli Arritxola upategia\",\"isPartOf\":{\"@id\":\"https:\/\/txakoliarritxola.com\/#website\"},\"primaryImageOfPage\":{\"@id\":\"https:\/\/txakoliarritxola.com\/?page_id=293#primaryimage\"},\"image\":{\"@id\":\"https:\/\/txakoliarritxola.com\/?page_id=293#primaryimage\"},\"thumbnailUrl\":\"https:\/\/txakoliarritxola.com\/wp-content\/uploads\/2020\/04\/Durangaldea-Imanol-Aragon-1024x577-1.jpg\",\"datePublished\":\"2020-04-19T16:45:29+00:00\",\"dateModified\":\"2023-01-13T07:05:52+00:00\",\"breadcrumb\":{\"@id\":\"https:\/\/txakoliarritxola.com\/?page_id=293#breadcrumb\"},\"inLanguage\":\"es\",\"potentialAction\":[{\"@type\":\"ReadAction\",\"target\":[\"https:\/\/txakoliarritxola.com\/?page_id=293\"]}]},{\"@type\":\"ImageObject\",\"inLanguage\":\"es\",\"@id\":\"https:\/\/txakoliarritxola.com\/?page_id=293#primaryimage\",\"url\":\"https:\/\/txakoliarritxola.com\/wp-content\/uploads\/2020\/04\/Durangaldea-Imanol-Aragon-1024x577-1.jpg\",\"contentUrl\":\"https:\/\/txakoliarritxola.com\/wp-content\/uploads\/2020\/04\/Durangaldea-Imanol-Aragon-1024x577-1.jpg\",\"width\":1024,\"height\":577},{\"@type\":\"BreadcrumbList\",\"@id\":\"https:\/\/txakoliarritxola.com\/?page_id=293#breadcrumb\",\"itemListElement\":[{\"@type\":\"ListItem\",\"position\":1,\"name\":\"Portada\",\"item\":\"https:\/\/txakoliarritxola.com\/\"},{\"@type\":\"ListItem\",\"position\":2,\"name\":\"NOTRE HISTORIE\"}]},{\"@type\":\"WebSite\",\"@id\":\"https:\/\/txakoliarritxola.com\/#website\",\"url\":\"https:\/\/txakoliarritxola.com\/\",\"name\":\"Bodega Txakoli Arritxola upategia\",\"description\":\"Txakoli y destilados exclusivos en la Ribera del Ibaizabal\",\"potentialAction\":[{\"@type\":\"SearchAction\",\"target\":{\"@type\":\"EntryPoint\",\"urlTemplate\":\"https:\/\/txakoliarritxola.com\/?s={search_term_string}\"},\"query-input\":{\"@type\":\"PropertyValueSpecification\",\"valueRequired\":true,\"valueName\":\"search_term_string\"}}],\"inLanguage\":\"es\"}]}<\/script>\n<!-- \/ Yoast SEO plugin. -->","yoast_head_json":{"title":"NOTRE HISTORIE - Bodega Txakoli Arritxola upategia","robots":{"index":"index","follow":"follow","max-snippet":"max-snippet:-1","max-image-preview":"max-image-preview:large","max-video-preview":"max-video-preview:-1"},"canonical":"https:\/\/txakoliarritxola.com\/?page_id=293","og_locale":"es_ES","og_type":"article","og_title":"NOTRE HISTORIE - Bodega Txakoli Arritxola upategia","og_description":"Depuis 1986. Durangaldea est une vall\u00e9e situ\u00e9e au centre du Pays Basque, avec une longue tradition dans la production de txakoli jusqu&#8217;au d\u00e9but du 19\u00e8me si\u00e8cle, lorsque la peste phyllox\u00e9rique a d\u00e9vast\u00e9 presque tous ses vignobles. \u00a0 \u00a0 Ce fut le cas jusqu&#8217;en 1986, lorsque Juan Antonio Sarasketa Legina (fondateur de Txakoli Arritxola), avec une [&hellip;]","og_url":"https:\/\/txakoliarritxola.com\/?page_id=293","og_site_name":"Bodega Txakoli Arritxola upategia","article_modified_time":"2023-01-13T07:05:52+00:00","og_image":[{"url":"https:\/\/txakoliarritxola.com\/wp-content\/uploads\/2020\/04\/Durangaldea-Imanol-Aragon-1024x577-1.jpg"}],"twitter_card":"summary_large_image","twitter_misc":{"Tiempo de lectura":"1 minuto"},"schema":{"@context":"https:\/\/schema.org","@graph":[{"@type":"WebPage","@id":"https:\/\/txakoliarritxola.com\/?page_id=293","url":"https:\/\/txakoliarritxola.com\/?page_id=293","name":"NOTRE HISTORIE - Bodega Txakoli Arritxola upategia","isPartOf":{"@id":"https:\/\/txakoliarritxola.com\/#website"},"primaryImageOfPage":{"@id":"https:\/\/txakoliarritxola.com\/?page_id=293#primaryimage"},"image":{"@id":"https:\/\/txakoliarritxola.com\/?page_id=293#primaryimage"},"thumbnailUrl":"https:\/\/txakoliarritxola.com\/wp-content\/uploads\/2020\/04\/Durangaldea-Imanol-Aragon-1024x577-1.jpg","datePublished":"2020-04-19T16:45:29+00:00","dateModified":"2023-01-13T07:05:52+00:00","breadcrumb":{"@id":"https:\/\/txakoliarritxola.com\/?page_id=293#breadcrumb"},"inLanguage":"es","potentialAction":[{"@type":"ReadAction","target":["https:\/\/txakoliarritxola.com\/?page_id=293"]}]},{"@type":"ImageObject","inLanguage":"es","@id":"https:\/\/txakoliarritxola.com\/?page_id=293#primaryimage","url":"https:\/\/txakoliarritxola.com\/wp-content\/uploads\/2020\/04\/Durangaldea-Imanol-Aragon-1024x577-1.jpg","contentUrl":"https:\/\/txakoliarritxola.com\/wp-content\/uploads\/2020\/04\/Durangaldea-Imanol-Aragon-1024x577-1.jpg","width":1024,"height":577},{"@type":"BreadcrumbList","@id":"https:\/\/txakoliarritxola.com\/?page_id=293#breadcrumb","itemListElement":[{"@type":"ListItem","position":1,"name":"Portada","item":"https:\/\/txakoliarritxola.com\/"},{"@type":"ListItem","position":2,"name":"NOTRE HISTORIE"}]},{"@type":"WebSite","@id":"https:\/\/txakoliarritxola.com\/#website","url":"https:\/\/txakoliarritxola.com\/","name":"Bodega Txakoli Arritxola upategia","description":"Txakoli y destilados exclusivos en la Ribera del Ibaizabal","potentialAction":[{"@type":"SearchAction","target":{"@type":"EntryPoint","urlTemplate":"https:\/\/txakoliarritxola.com\/?s={search_term_string}"},"query-input":{"@type":"PropertyValueSpecification","valueRequired":true,"valueName":"search_term_string"}}],"inLanguage":"es"}]}},"_links":{"self":[{"href":"https:\/\/txakoliarritxola.com\/index.php?rest_route=\/wp\/v2\/pages\/293"}],"collection":[{"href":"https:\/\/txakoliarritxola.com\/index.php?rest_route=\/wp\/v2\/pages"}],"about":[{"href":"https:\/\/txakoliarritxola.com\/index.php?rest_route=\/wp\/v2\/types\/page"}],"author":[{"embeddable":true,"href":"https:\/\/txakoliarritxola.com\/index.php?rest_route=\/wp\/v2\/users\/1"}],"replies":[{"embeddable":true,"href":"https:\/\/txakoliarritxola.com\/index.php?rest_route=%2Fwp%2Fv2%2Fcomments&post=293"}],"version-history":[{"count":6,"href":"https:\/\/txakoliarritxola.com\/index.php?rest_route=\/wp\/v2\/pages\/293\/revisions"}],"predecessor-version":[{"id":454,"href":"https:\/\/txakoliarritxola.com\/index.php?rest_route=\/wp\/v2\/pages\/293\/revisions\/454"}],"wp:attachment":[{"href":"https:\/\/txakoliarritxola.com\/index.php?rest_route=%2Fwp%2Fv2%2Fmedia&parent=293"}],"curies":[{"name":"wp","href":"https:\/\/api.w.org\/{rel}","templated":true}]}}