{"id":285,"date":"2020-04-19T16:38:37","date_gmt":"2020-04-19T16:38:37","guid":{"rendered":"https:\/\/txakoliarritxola.com\/?page_id=285"},"modified":"2023-01-13T07:06:22","modified_gmt":"2023-01-13T07:06:22","slug":"notre-terre","status":"publish","type":"page","link":"https:\/\/txakoliarritxola.com\/?page_id=285","title":{"rendered":"NOTRE TERRE"},"content":{"rendered":"\t\t<div data-elementor-type=\"wp-page\" data-elementor-id=\"285\" class=\"elementor elementor-285\">\n\t\t\t\t\t\t<section class=\"elementor-section elementor-top-section elementor-element elementor-element-239c987 elementor-section-boxed elementor-section-height-default elementor-section-height-default\" data-id=\"239c987\" data-element_type=\"section\">\n\t\t\t\t\t\t<div class=\"elementor-container elementor-column-gap-default\">\n\t\t\t\t\t<div class=\"elementor-column elementor-col-100 elementor-top-column elementor-element elementor-element-e786858\" data-id=\"e786858\" data-element_type=\"column\">\n\t\t\t<div class=\"elementor-widget-wrap elementor-element-populated\">\n\t\t\t\t\t\t<div class=\"elementor-element elementor-element-450c330 elementor-widget elementor-widget-heading\" data-id=\"450c330\" data-element_type=\"widget\" data-widget_type=\"heading.default\">\n\t\t\t\t<div class=\"elementor-widget-container\">\n\t\t\t<h2 class=\"elementor-heading-title elementor-size-xl\">NOTRE TERRE<\/h2>\t\t<\/div>\n\t\t\t\t<\/div>\n\t\t\t\t\t<\/div>\n\t\t<\/div>\n\t\t\t\t\t<\/div>\n\t\t<\/section>\n\t\t\t\t<section class=\"elementor-section elementor-top-section elementor-element elementor-element-1423a93 elementor-section-boxed elementor-section-height-default elementor-section-height-default\" data-id=\"1423a93\" data-element_type=\"section\">\n\t\t\t\t\t\t<div class=\"elementor-container elementor-column-gap-default\">\n\t\t\t\t\t<div class=\"elementor-column elementor-col-100 elementor-top-column elementor-element elementor-element-c896d60\" data-id=\"c896d60\" data-element_type=\"column\">\n\t\t\t<div class=\"elementor-widget-wrap elementor-element-populated\">\n\t\t\t\t\t\t<div class=\"elementor-element elementor-element-27552bf elementor-widget elementor-widget-text-editor\" data-id=\"27552bf\" data-element_type=\"widget\" data-widget_type=\"text-editor.default\">\n\t\t\t\t<div class=\"elementor-widget-container\">\n\t\t\t\t\t\t\t<p><strong><em>Durango, Euskal Herria, Pays Basque<\/em><\/strong><\/p><p><em>\u00a0<\/em><\/p><p>Durangaldea (Vall\u00e9e de Durango) se situe entre les rives de la rivi\u00e8re Ibaizabal et les pentes du mont Anboto, au centre du Pays Basque. C&#8217;est l\u00e0 que se trouvent nos vignobles, notre cave et notre distillerie. <strong>Takoli Arritxola<\/strong>, une ferme familiale qui allie histoire, tradition, terre, txakoli et mythologie. Car la Dame d&#8217;Anboto prend soin de notre maison et de nos cultures et inspire nos liqueurs spirituelles comme l&#8217;eau de vie et de sant\u00e9.<\/p><p>\u00a0<\/p><p><img fetchpriority=\"high\" decoding=\"async\" class=\"aligncenter wp-image-43\" src=\"https:\/\/txakoliarritxola.com\/wp-content\/uploads\/2020\/04\/parque-natural-de-Urkiola.jpg\" alt=\"\" width=\"700\" height=\"476\" srcset=\"https:\/\/txakoliarritxola.com\/wp-content\/uploads\/2020\/04\/parque-natural-de-Urkiola.jpg 735w, https:\/\/txakoliarritxola.com\/wp-content\/uploads\/2020\/04\/parque-natural-de-Urkiola-300x204.jpg 300w, https:\/\/txakoliarritxola.com\/wp-content\/uploads\/2020\/04\/parque-natural-de-Urkiola-600x408.jpg 600w\" sizes=\"(max-width: 700px) 100vw, 700px\" \/><\/p>\t\t\t\t\t\t<\/div>\n\t\t\t\t<\/div>\n\t\t\t\t\t<\/div>\n\t\t<\/div>\n\t\t\t\t\t<\/div>\n\t\t<\/section>\n\t\t\t\t<section class=\"elementor-section elementor-top-section elementor-element elementor-element-8b29c2f elementor-section-boxed elementor-section-height-default elementor-section-height-default\" data-id=\"8b29c2f\" data-element_type=\"section\">\n\t\t\t\t\t\t<div class=\"elementor-container elementor-column-gap-default\">\n\t\t\t\t\t<div class=\"elementor-column elementor-col-100 elementor-top-column elementor-element elementor-element-34a3781\" data-id=\"34a3781\" data-element_type=\"column\">\n\t\t\t<div class=\"elementor-widget-wrap elementor-element-populated\">\n\t\t\t\t\t\t<div class=\"elementor-element elementor-element-f46f269 elementor-align-center elementor-widget elementor-widget-button\" data-id=\"f46f269\" data-element_type=\"widget\" data-widget_type=\"button.default\">\n\t\t\t\t<div class=\"elementor-widget-container\">\n\t\t\t\t\t<div class=\"elementor-button-wrapper\">\n\t\t\t<a class=\"elementor-button elementor-button-link elementor-size-sm\" href=\"https:\/\/tienda.txakoliarritxola.com\/es\/\" target=\"_blank\">\n\t\t\t\t\t\t<span class=\"elementor-button-content-wrapper\">\n\t\t\t\t\t\t\t\t\t<span class=\"elementor-button-text\">Haz clic aqu\u00ed<\/span>\n\t\t\t\t\t<\/span>\n\t\t\t\t\t<\/a>\n\t\t<\/div>\n\t\t\t\t<\/div>\n\t\t\t\t<\/div>\n\t\t\t\t\t<\/div>\n\t\t<\/div>\n\t\t\t\t\t<\/div>\n\t\t<\/section>\n\t\t\t\t<section class=\"elementor-section elementor-top-section elementor-element elementor-element-53d565e elementor-section-boxed elementor-section-height-default elementor-section-height-default\" data-id=\"53d565e\" data-element_type=\"section\">\n\t\t\t\t\t\t<div class=\"elementor-container elementor-column-gap-default\">\n\t\t\t\t\t<div class=\"elementor-column elementor-col-100 elementor-top-column elementor-element elementor-element-e0e519e\" data-id=\"e0e519e\" data-element_type=\"column\">\n\t\t\t<div class=\"elementor-widget-wrap elementor-element-populated\">\n\t\t\t\t\t\t<div class=\"elementor-element elementor-element-05816b6 elementor-widget elementor-widget-image\" data-id=\"05816b6\" data-element_type=\"widget\" data-widget_type=\"image.default\">\n\t\t\t\t<div class=\"elementor-widget-container\">\n\t\t\t\t\t\t\t\t\t\t\t\t\t\t<a href=\"https:\/\/tienda.txakoliarritxola.com\/es\/\" target=\"_blank\">\n\t\t\t\t\t\t\t<img decoding=\"async\" width=\"350\" height=\"232\" src=\"https:\/\/txakoliarritxola.com\/wp-content\/uploads\/2020\/04\/venta.jpg\" class=\"attachment-large size-large wp-image-66\" alt=\"\" srcset=\"https:\/\/txakoliarritxola.com\/wp-content\/uploads\/2020\/04\/venta.jpg 350w, https:\/\/txakoliarritxola.com\/wp-content\/uploads\/2020\/04\/venta-300x199.jpg 300w\" sizes=\"(max-width: 350px) 100vw, 350px\" \/>\t\t\t\t\t\t\t\t<\/a>\n\t\t\t\t\t\t\t\t\t\t\t\t\t<\/div>\n\t\t\t\t<\/div>\n\t\t\t\t\t<\/div>\n\t\t<\/div>\n\t\t\t\t\t<\/div>\n\t\t<\/section>\n\t\t\t\t<\/div>\n\t\t","protected":false},"excerpt":{"rendered":"<p>NOTRE TERRE Durango, Euskal Herria, Pays Basque \u00a0 Durangaldea (Vall\u00e9e de Durango) se situe entre les rives de la rivi\u00e8re Ibaizabal et les pentes du mont Anboto, au centre du Pays Basque. C&#8217;est l\u00e0 que se trouvent nos vignobles, notre cave et notre distillerie. Takoli Arritxola, une ferme familiale qui allie histoire, tradition, terre, txakoli [&hellip;]<\/p>\n","protected":false},"author":1,"featured_media":0,"parent":0,"menu_order":0,"comment_status":"closed","ping_status":"closed","template":"elementor_header_footer","meta":{"om_disable_all_campaigns":false,"_monsterinsights_skip_tracking":false,"_monsterinsights_sitenote_active":false,"_monsterinsights_sitenote_note":"","_monsterinsights_sitenote_category":0,"_uf_show_specific_survey":0,"_uf_disable_surveys":false,"footnotes":""},"class_list":["post-285","page","type-page","status-publish","hentry"],"aioseo_notices":[],"yoast_head":"<!-- This site is optimized with the Yoast SEO plugin v23.5 - https:\/\/yoast.com\/wordpress\/plugins\/seo\/ -->\n<title>NOTRE TERRE - Bodega Txakoli Arritxola upategia<\/title>\n<meta name=\"robots\" content=\"index, follow, max-snippet:-1, max-image-preview:large, max-video-preview:-1\" \/>\n<link rel=\"canonical\" href=\"https:\/\/txakoliarritxola.com\/?page_id=285\" \/>\n<meta property=\"og:locale\" content=\"es_ES\" \/>\n<meta property=\"og:type\" content=\"article\" \/>\n<meta property=\"og:title\" content=\"NOTRE TERRE - Bodega Txakoli Arritxola upategia\" \/>\n<meta property=\"og:description\" content=\"NOTRE TERRE Durango, Euskal Herria, Pays Basque \u00a0 Durangaldea (Vall\u00e9e de Durango) se situe entre les rives de la rivi\u00e8re Ibaizabal et les pentes du mont Anboto, au centre du Pays Basque. C&#8217;est l\u00e0 que se trouvent nos vignobles, notre cave et notre distillerie. Takoli Arritxola, une ferme familiale qui allie histoire, tradition, terre, txakoli [&hellip;]\" \/>\n<meta property=\"og:url\" content=\"https:\/\/txakoliarritxola.com\/?page_id=285\" \/>\n<meta property=\"og:site_name\" content=\"Bodega Txakoli Arritxola upategia\" \/>\n<meta property=\"article:modified_time\" content=\"2023-01-13T07:06:22+00:00\" \/>\n<meta property=\"og:image\" content=\"https:\/\/txakoliarritxola.com\/wp-content\/uploads\/2020\/04\/parque-natural-de-Urkiola.jpg\" \/>\n<meta name=\"twitter:card\" content=\"summary_large_image\" \/>\n<script type=\"application\/ld+json\" class=\"yoast-schema-graph\">{\"@context\":\"https:\/\/schema.org\",\"@graph\":[{\"@type\":\"WebPage\",\"@id\":\"https:\/\/txakoliarritxola.com\/?page_id=285\",\"url\":\"https:\/\/txakoliarritxola.com\/?page_id=285\",\"name\":\"NOTRE TERRE - Bodega Txakoli Arritxola upategia\",\"isPartOf\":{\"@id\":\"https:\/\/txakoliarritxola.com\/#website\"},\"primaryImageOfPage\":{\"@id\":\"https:\/\/txakoliarritxola.com\/?page_id=285#primaryimage\"},\"image\":{\"@id\":\"https:\/\/txakoliarritxola.com\/?page_id=285#primaryimage\"},\"thumbnailUrl\":\"https:\/\/txakoliarritxola.com\/wp-content\/uploads\/2020\/04\/parque-natural-de-Urkiola.jpg\",\"datePublished\":\"2020-04-19T16:38:37+00:00\",\"dateModified\":\"2023-01-13T07:06:22+00:00\",\"breadcrumb\":{\"@id\":\"https:\/\/txakoliarritxola.com\/?page_id=285#breadcrumb\"},\"inLanguage\":\"es\",\"potentialAction\":[{\"@type\":\"ReadAction\",\"target\":[\"https:\/\/txakoliarritxola.com\/?page_id=285\"]}]},{\"@type\":\"ImageObject\",\"inLanguage\":\"es\",\"@id\":\"https:\/\/txakoliarritxola.com\/?page_id=285#primaryimage\",\"url\":\"https:\/\/txakoliarritxola.com\/wp-content\/uploads\/2020\/04\/parque-natural-de-Urkiola.jpg\",\"contentUrl\":\"https:\/\/txakoliarritxola.com\/wp-content\/uploads\/2020\/04\/parque-natural-de-Urkiola.jpg\",\"width\":735,\"height\":500},{\"@type\":\"BreadcrumbList\",\"@id\":\"https:\/\/txakoliarritxola.com\/?page_id=285#breadcrumb\",\"itemListElement\":[{\"@type\":\"ListItem\",\"position\":1,\"name\":\"Portada\",\"item\":\"https:\/\/txakoliarritxola.com\/\"},{\"@type\":\"ListItem\",\"position\":2,\"name\":\"NOTRE TERRE\"}]},{\"@type\":\"WebSite\",\"@id\":\"https:\/\/txakoliarritxola.com\/#website\",\"url\":\"https:\/\/txakoliarritxola.com\/\",\"name\":\"Bodega Txakoli Arritxola upategia\",\"description\":\"Txakoli y destilados exclusivos en la Ribera del Ibaizabal\",\"potentialAction\":[{\"@type\":\"SearchAction\",\"target\":{\"@type\":\"EntryPoint\",\"urlTemplate\":\"https:\/\/txakoliarritxola.com\/?s={search_term_string}\"},\"query-input\":{\"@type\":\"PropertyValueSpecification\",\"valueRequired\":true,\"valueName\":\"search_term_string\"}}],\"inLanguage\":\"es\"}]}<\/script>\n<!-- \/ Yoast SEO plugin. -->","yoast_head_json":{"title":"NOTRE TERRE - Bodega Txakoli Arritxola upategia","robots":{"index":"index","follow":"follow","max-snippet":"max-snippet:-1","max-image-preview":"max-image-preview:large","max-video-preview":"max-video-preview:-1"},"canonical":"https:\/\/txakoliarritxola.com\/?page_id=285","og_locale":"es_ES","og_type":"article","og_title":"NOTRE TERRE - Bodega Txakoli Arritxola upategia","og_description":"NOTRE TERRE Durango, Euskal Herria, Pays Basque \u00a0 Durangaldea (Vall\u00e9e de Durango) se situe entre les rives de la rivi\u00e8re Ibaizabal et les pentes du mont Anboto, au centre du Pays Basque. C&#8217;est l\u00e0 que se trouvent nos vignobles, notre cave et notre distillerie. Takoli Arritxola, une ferme familiale qui allie histoire, tradition, terre, txakoli [&hellip;]","og_url":"https:\/\/txakoliarritxola.com\/?page_id=285","og_site_name":"Bodega Txakoli Arritxola upategia","article_modified_time":"2023-01-13T07:06:22+00:00","og_image":[{"url":"https:\/\/txakoliarritxola.com\/wp-content\/uploads\/2020\/04\/parque-natural-de-Urkiola.jpg"}],"twitter_card":"summary_large_image","schema":{"@context":"https:\/\/schema.org","@graph":[{"@type":"WebPage","@id":"https:\/\/txakoliarritxola.com\/?page_id=285","url":"https:\/\/txakoliarritxola.com\/?page_id=285","name":"NOTRE TERRE - Bodega Txakoli Arritxola upategia","isPartOf":{"@id":"https:\/\/txakoliarritxola.com\/#website"},"primaryImageOfPage":{"@id":"https:\/\/txakoliarritxola.com\/?page_id=285#primaryimage"},"image":{"@id":"https:\/\/txakoliarritxola.com\/?page_id=285#primaryimage"},"thumbnailUrl":"https:\/\/txakoliarritxola.com\/wp-content\/uploads\/2020\/04\/parque-natural-de-Urkiola.jpg","datePublished":"2020-04-19T16:38:37+00:00","dateModified":"2023-01-13T07:06:22+00:00","breadcrumb":{"@id":"https:\/\/txakoliarritxola.com\/?page_id=285#breadcrumb"},"inLanguage":"es","potentialAction":[{"@type":"ReadAction","target":["https:\/\/txakoliarritxola.com\/?page_id=285"]}]},{"@type":"ImageObject","inLanguage":"es","@id":"https:\/\/txakoliarritxola.com\/?page_id=285#primaryimage","url":"https:\/\/txakoliarritxola.com\/wp-content\/uploads\/2020\/04\/parque-natural-de-Urkiola.jpg","contentUrl":"https:\/\/txakoliarritxola.com\/wp-content\/uploads\/2020\/04\/parque-natural-de-Urkiola.jpg","width":735,"height":500},{"@type":"BreadcrumbList","@id":"https:\/\/txakoliarritxola.com\/?page_id=285#breadcrumb","itemListElement":[{"@type":"ListItem","position":1,"name":"Portada","item":"https:\/\/txakoliarritxola.com\/"},{"@type":"ListItem","position":2,"name":"NOTRE TERRE"}]},{"@type":"WebSite","@id":"https:\/\/txakoliarritxola.com\/#website","url":"https:\/\/txakoliarritxola.com\/","name":"Bodega Txakoli Arritxola upategia","description":"Txakoli y destilados exclusivos en la Ribera del Ibaizabal","potentialAction":[{"@type":"SearchAction","target":{"@type":"EntryPoint","urlTemplate":"https:\/\/txakoliarritxola.com\/?s={search_term_string}"},"query-input":{"@type":"PropertyValueSpecification","valueRequired":true,"valueName":"search_term_string"}}],"inLanguage":"es"}]}},"_links":{"self":[{"href":"https:\/\/txakoliarritxola.com\/index.php?rest_route=\/wp\/v2\/pages\/285"}],"collection":[{"href":"https:\/\/txakoliarritxola.com\/index.php?rest_route=\/wp\/v2\/pages"}],"about":[{"href":"https:\/\/txakoliarritxola.com\/index.php?rest_route=\/wp\/v2\/types\/page"}],"author":[{"embeddable":true,"href":"https:\/\/txakoliarritxola.com\/index.php?rest_route=\/wp\/v2\/users\/1"}],"replies":[{"embeddable":true,"href":"https:\/\/txakoliarritxola.com\/index.php?rest_route=%2Fwp%2Fv2%2Fcomments&post=285"}],"version-history":[{"count":5,"href":"https:\/\/txakoliarritxola.com\/index.php?rest_route=\/wp\/v2\/pages\/285\/revisions"}],"predecessor-version":[{"id":458,"href":"https:\/\/txakoliarritxola.com\/index.php?rest_route=\/wp\/v2\/pages\/285\/revisions\/458"}],"wp:attachment":[{"href":"https:\/\/txakoliarritxola.com\/index.php?rest_route=%2Fwp%2Fv2%2Fmedia&parent=285"}],"curies":[{"name":"wp","href":"https:\/\/api.w.org\/{rel}","templated":true}]}}