{"id":165,"date":"2020-04-18T14:28:26","date_gmt":"2020-04-18T14:28:26","guid":{"rendered":"https:\/\/txakoliarritxola.com\/?page_id=165"},"modified":"2023-01-13T07:05:50","modified_gmt":"2023-01-13T07:05:50","slug":"la-influencia-de-la-diosa-mari","status":"publish","type":"page","link":"https:\/\/txakoliarritxola.com\/?page_id=165","title":{"rendered":"LA INFLUENCIA DE LA DIOSA MARI"},"content":{"rendered":"\t\t<div data-elementor-type=\"wp-page\" data-elementor-id=\"165\" class=\"elementor elementor-165\">\n\t\t\t\t\t\t<section class=\"elementor-section elementor-top-section elementor-element elementor-element-a057dd9 elementor-section-boxed elementor-section-height-default elementor-section-height-default\" data-id=\"a057dd9\" data-element_type=\"section\">\n\t\t\t\t\t\t<div class=\"elementor-container elementor-column-gap-default\">\n\t\t\t\t\t<div class=\"elementor-column elementor-col-100 elementor-top-column elementor-element elementor-element-3ca6711\" data-id=\"3ca6711\" data-element_type=\"column\">\n\t\t\t<div class=\"elementor-widget-wrap elementor-element-populated\">\n\t\t\t\t\t\t<div class=\"elementor-element elementor-element-494dc5a elementor-widget elementor-widget-heading\" data-id=\"494dc5a\" data-element_type=\"widget\" data-widget_type=\"heading.default\">\n\t\t\t\t<div class=\"elementor-widget-container\">\n\t\t\t<h2 class=\"elementor-heading-title elementor-size-xl\">INFLUENCIA DE LA DIOSA MARI<\/h2>\t\t<\/div>\n\t\t\t\t<\/div>\n\t\t\t\t\t<\/div>\n\t\t<\/div>\n\t\t\t\t\t<\/div>\n\t\t<\/section>\n\t\t\t\t<section class=\"elementor-section elementor-top-section elementor-element elementor-element-41db0301 elementor-section-boxed elementor-section-height-default elementor-section-height-default\" data-id=\"41db0301\" data-element_type=\"section\">\n\t\t\t\t\t\t<div class=\"elementor-container elementor-column-gap-default\">\n\t\t\t\t\t<div class=\"elementor-column elementor-col-100 elementor-top-column elementor-element elementor-element-79c76e83\" data-id=\"79c76e83\" data-element_type=\"column\">\n\t\t\t<div class=\"elementor-widget-wrap elementor-element-populated\">\n\t\t\t\t\t\t<div class=\"elementor-element elementor-element-3adb7d1e elementor-widget elementor-widget-text-editor\" data-id=\"3adb7d1e\" data-element_type=\"widget\" data-widget_type=\"text-editor.default\">\n\t\t\t\t<div class=\"elementor-widget-container\">\n\t\t\t\t\t\t\t<p><span style=\"color: #000000;\" wfd-id=\"170\">Nuestros vi\u00f1edos, bodega y destiler\u00eda se encuentran muy cerca de la morada de Mari, situada en una cueva del monte Anboto y bajo su influencia. Mari protege nuestros vi\u00f1edos e influye en nuestros licores como agua de vida.<\/span><\/p>\n<p><span style=\"color: #000000;\" wfd-id=\"169\">Mari, la Dama de Anboto es la personificaci\u00f3n femenina de la tierra, se asemeja a los mitos ct\u00f3nicos (de la tierra) que adoraban los antiguos pueblos matriarcales, antes de llegar los dioses celestes.<\/span><\/p><p><span style=\"color: #000000;\" wfd-id=\"169\"><br><\/span><\/p>\n<p><img fetchpriority=\"high\" decoding=\"async\" class=\"wp-image-166 size-full aligncenter\" src=\"http:\/\/txakoliarritxola.com\/wp-content\/uploads\/2020\/04\/17-Udalatx-desde-el-tunel.jpg\" alt=\"\" width=\"700\" height=\"394\" srcset=\"https:\/\/txakoliarritxola.com\/wp-content\/uploads\/2020\/04\/17-Udalatx-desde-el-tunel.jpg 700w, https:\/\/txakoliarritxola.com\/wp-content\/uploads\/2020\/04\/17-Udalatx-desde-el-tunel-300x169.jpg 300w, https:\/\/txakoliarritxola.com\/wp-content\/uploads\/2020\/04\/17-Udalatx-desde-el-tunel-600x338.jpg 600w\" sizes=\"(max-width: 700px) 100vw, 700px\" \/><\/p><p><br><\/p>\n<p><span style=\"color: #000000;\" wfd-id=\"168\">Es la reina de la Naturaleza y de todos sus componentes. Est\u00e1 claro que este personaje es anterior a la llegada del cristianismo, y que para los antiguos vascones debi\u00f3 tener el estatus de diosa. Observando las cualidades y caracter\u00edsticas de Mari, se le puede encontrar cierta semejanza con algunas diosas de la antigua Europa.<\/span><\/p>\n<p><span style=\"color: #000000;\" wfd-id=\"167\">Personifica las fuerzas de la naturaleza, y con su poder, da equilibrio a \u00e9stas. Antiguamente acud\u00edan a Mari para pedir que ahuyentase el granizo, y hay constancia de que para ello incluso el p\u00e1rroco del pueblo iba a celebrar misa a la entrada de la cueva donde viv\u00eda. Esto nos indica que despu\u00e9s de la cristianizaci\u00f3n, todav\u00eda el pueblo segu\u00eda creyendo en su poder.<\/span><\/p>\n<p><img decoding=\"async\" class=\"wp-image-125 aligncenter\" src=\"http:\/\/txakoliarritxola.com\/wp-content\/uploads\/2020\/04\/IMG-20200328-WA0008-300x300.jpg\" alt=\"\" width=\"600\" height=\"600\" srcset=\"https:\/\/txakoliarritxola.com\/wp-content\/uploads\/2020\/04\/IMG-20200328-WA0008-300x300.jpg 300w, https:\/\/txakoliarritxola.com\/wp-content\/uploads\/2020\/04\/IMG-20200328-WA0008-1024x1024.jpg 1024w, https:\/\/txakoliarritxola.com\/wp-content\/uploads\/2020\/04\/IMG-20200328-WA0008-150x150.jpg 150w, https:\/\/txakoliarritxola.com\/wp-content\/uploads\/2020\/04\/IMG-20200328-WA0008-768x768.jpg 768w, https:\/\/txakoliarritxola.com\/wp-content\/uploads\/2020\/04\/IMG-20200328-WA0008-820x820.jpg 820w, https:\/\/txakoliarritxola.com\/wp-content\/uploads\/2020\/04\/IMG-20200328-WA0008-600x600.jpg 600w, https:\/\/txakoliarritxola.com\/wp-content\/uploads\/2020\/04\/IMG-20200328-WA0008-100x100.jpg 100w, https:\/\/txakoliarritxola.com\/wp-content\/uploads\/2020\/04\/IMG-20200328-WA0008.jpg 1200w\" sizes=\"(max-width: 600px) 100vw, 600px\" \/><\/p>\n<p><span style=\"color: #000000;\" wfd-id=\"166\">Uno de los aspectos en los que describe a Mari es el de la serpiente, un s\u00edmbolo originalmente de car\u00e1cter matriarcal, habitante del&nbsp; inframundo a trav\u00e9s de su cueva de Anboto.<\/span><\/p>\n<p><span style=\"color: #000000;\" wfd-id=\"165\">Frecuentemente, en los relatos populares, se describe a Mari como una serpiente en llamas que, en ocasiones, porta una hoz de fuego o la media luna, mostrando todo su poder femenino.<\/span><\/p>\t\t\t\t\t\t<\/div>\n\t\t\t\t<\/div>\n\t\t\t\t\t<\/div>\n\t\t<\/div>\n\t\t\t\t\t<\/div>\n\t\t<\/section>\n\t\t\t\t<section class=\"elementor-section elementor-top-section elementor-element elementor-element-5d44db2 elementor-section-boxed elementor-section-height-default elementor-section-height-default\" data-id=\"5d44db2\" data-element_type=\"section\">\n\t\t\t\t\t\t<div class=\"elementor-container elementor-column-gap-default\">\n\t\t\t\t\t<div class=\"elementor-column elementor-col-100 elementor-top-column elementor-element elementor-element-e1b368f\" data-id=\"e1b368f\" data-element_type=\"column\">\n\t\t\t<div class=\"elementor-widget-wrap elementor-element-populated\">\n\t\t\t\t\t\t<div class=\"elementor-element elementor-element-d38db8d elementor-align-center elementor-widget elementor-widget-button\" data-id=\"d38db8d\" data-element_type=\"widget\" data-widget_type=\"button.default\">\n\t\t\t\t<div class=\"elementor-widget-container\">\n\t\t\t\t\t<div class=\"elementor-button-wrapper\">\n\t\t\t<a class=\"elementor-button elementor-button-link elementor-size-sm\" href=\"https:\/\/tienda.txakoliarritxola.com\/es\/\" target=\"_blank\">\n\t\t\t\t\t\t<span class=\"elementor-button-content-wrapper\">\n\t\t\t\t\t\t\t\t\t<span class=\"elementor-button-text\">Haz clic aqu\u00ed<\/span>\n\t\t\t\t\t<\/span>\n\t\t\t\t\t<\/a>\n\t\t<\/div>\n\t\t\t\t<\/div>\n\t\t\t\t<\/div>\n\t\t\t\t\t<\/div>\n\t\t<\/div>\n\t\t\t\t\t<\/div>\n\t\t<\/section>\n\t\t\t\t<section class=\"elementor-section elementor-top-section elementor-element elementor-element-93bb69c elementor-section-boxed elementor-section-height-default elementor-section-height-default\" data-id=\"93bb69c\" data-element_type=\"section\">\n\t\t\t\t\t\t<div class=\"elementor-container elementor-column-gap-default\">\n\t\t\t\t\t<div class=\"elementor-column elementor-col-100 elementor-top-column elementor-element elementor-element-b05122d\" data-id=\"b05122d\" data-element_type=\"column\">\n\t\t\t<div class=\"elementor-widget-wrap elementor-element-populated\">\n\t\t\t\t\t\t<div class=\"elementor-element elementor-element-49928ad elementor-widget elementor-widget-image\" data-id=\"49928ad\" data-element_type=\"widget\" data-widget_type=\"image.default\">\n\t\t\t\t<div class=\"elementor-widget-container\">\n\t\t\t\t\t\t\t\t\t\t\t\t\t\t<a href=\"https:\/\/tienda.txakoliarritxola.com\/es\/\" target=\"_blank\">\n\t\t\t\t\t\t\t<img decoding=\"async\" width=\"350\" height=\"232\" src=\"https:\/\/txakoliarritxola.com\/wp-content\/uploads\/2020\/04\/venta.jpg\" class=\"attachment-large size-large wp-image-66\" alt=\"\" srcset=\"https:\/\/txakoliarritxola.com\/wp-content\/uploads\/2020\/04\/venta.jpg 350w, https:\/\/txakoliarritxola.com\/wp-content\/uploads\/2020\/04\/venta-300x199.jpg 300w\" sizes=\"(max-width: 350px) 100vw, 350px\" \/>\t\t\t\t\t\t\t\t<\/a>\n\t\t\t\t\t\t\t\t\t\t\t\t\t<\/div>\n\t\t\t\t<\/div>\n\t\t\t\t\t<\/div>\n\t\t<\/div>\n\t\t\t\t\t<\/div>\n\t\t<\/section>\n\t\t\t\t<\/div>\n\t\t","protected":false},"excerpt":{"rendered":"<p>INFLUENCIA DE LA DIOSA MARI Nuestros vi\u00f1edos, bodega y destiler\u00eda se encuentran muy cerca de la morada de Mari, situada en una cueva del monte Anboto y bajo su influencia. Mari protege nuestros vi\u00f1edos e influye en nuestros licores como agua de vida. Mari, la Dama de Anboto es la personificaci\u00f3n femenina de la tierra, [&hellip;]<\/p>\n","protected":false},"author":1,"featured_media":0,"parent":0,"menu_order":0,"comment_status":"closed","ping_status":"closed","template":"elementor_header_footer","meta":{"om_disable_all_campaigns":false,"_monsterinsights_skip_tracking":false,"_monsterinsights_sitenote_active":false,"_monsterinsights_sitenote_note":"","_monsterinsights_sitenote_category":0,"_uf_show_specific_survey":0,"_uf_disable_surveys":false,"footnotes":""},"class_list":["post-165","page","type-page","status-publish","hentry"],"aioseo_notices":[],"yoast_head":"<!-- This site is optimized with the Yoast SEO plugin v23.5 - https:\/\/yoast.com\/wordpress\/plugins\/seo\/ -->\n<title>LA INFLUENCIA DE LA DIOSA MARI - Bodega Txakoli Arritxola upategia<\/title>\n<meta name=\"robots\" content=\"index, follow, max-snippet:-1, max-image-preview:large, max-video-preview:-1\" \/>\n<link rel=\"canonical\" href=\"https:\/\/txakoliarritxola.com\/?page_id=165\" \/>\n<meta property=\"og:locale\" content=\"es_ES\" \/>\n<meta property=\"og:type\" content=\"article\" \/>\n<meta property=\"og:title\" content=\"LA INFLUENCIA DE LA DIOSA MARI - Bodega Txakoli Arritxola upategia\" \/>\n<meta property=\"og:description\" content=\"INFLUENCIA DE LA DIOSA MARI Nuestros vi\u00f1edos, bodega y destiler\u00eda se encuentran muy cerca de la morada de Mari, situada en una cueva del monte Anboto y bajo su influencia. Mari protege nuestros vi\u00f1edos e influye en nuestros licores como agua de vida. Mari, la Dama de Anboto es la personificaci\u00f3n femenina de la tierra, [&hellip;]\" \/>\n<meta property=\"og:url\" content=\"https:\/\/txakoliarritxola.com\/?page_id=165\" \/>\n<meta property=\"og:site_name\" content=\"Bodega Txakoli Arritxola upategia\" \/>\n<meta property=\"article:modified_time\" content=\"2023-01-13T07:05:50+00:00\" \/>\n<meta property=\"og:image\" content=\"http:\/\/txakoliarritxola.com\/wp-content\/uploads\/2020\/04\/17-Udalatx-desde-el-tunel.jpg\" \/>\n<meta name=\"twitter:card\" content=\"summary_large_image\" \/>\n<meta name=\"twitter:label1\" content=\"Tiempo de lectura\" \/>\n\t<meta name=\"twitter:data1\" content=\"1 minuto\" \/>\n<script type=\"application\/ld+json\" class=\"yoast-schema-graph\">{\"@context\":\"https:\/\/schema.org\",\"@graph\":[{\"@type\":\"WebPage\",\"@id\":\"https:\/\/txakoliarritxola.com\/?page_id=165\",\"url\":\"https:\/\/txakoliarritxola.com\/?page_id=165\",\"name\":\"LA INFLUENCIA DE LA DIOSA MARI - Bodega Txakoli Arritxola upategia\",\"isPartOf\":{\"@id\":\"https:\/\/txakoliarritxola.com\/#website\"},\"primaryImageOfPage\":{\"@id\":\"https:\/\/txakoliarritxola.com\/?page_id=165#primaryimage\"},\"image\":{\"@id\":\"https:\/\/txakoliarritxola.com\/?page_id=165#primaryimage\"},\"thumbnailUrl\":\"http:\/\/txakoliarritxola.com\/wp-content\/uploads\/2020\/04\/17-Udalatx-desde-el-tunel.jpg\",\"datePublished\":\"2020-04-18T14:28:26+00:00\",\"dateModified\":\"2023-01-13T07:05:50+00:00\",\"breadcrumb\":{\"@id\":\"https:\/\/txakoliarritxola.com\/?page_id=165#breadcrumb\"},\"inLanguage\":\"es\",\"potentialAction\":[{\"@type\":\"ReadAction\",\"target\":[\"https:\/\/txakoliarritxola.com\/?page_id=165\"]}]},{\"@type\":\"ImageObject\",\"inLanguage\":\"es\",\"@id\":\"https:\/\/txakoliarritxola.com\/?page_id=165#primaryimage\",\"url\":\"https:\/\/txakoliarritxola.com\/wp-content\/uploads\/2020\/04\/17-Udalatx-desde-el-tunel.jpg\",\"contentUrl\":\"https:\/\/txakoliarritxola.com\/wp-content\/uploads\/2020\/04\/17-Udalatx-desde-el-tunel.jpg\",\"width\":700,\"height\":394},{\"@type\":\"BreadcrumbList\",\"@id\":\"https:\/\/txakoliarritxola.com\/?page_id=165#breadcrumb\",\"itemListElement\":[{\"@type\":\"ListItem\",\"position\":1,\"name\":\"Portada\",\"item\":\"https:\/\/txakoliarritxola.com\/\"},{\"@type\":\"ListItem\",\"position\":2,\"name\":\"LA INFLUENCIA DE LA DIOSA MARI\"}]},{\"@type\":\"WebSite\",\"@id\":\"https:\/\/txakoliarritxola.com\/#website\",\"url\":\"https:\/\/txakoliarritxola.com\/\",\"name\":\"Bodega Txakoli Arritxola upategia\",\"description\":\"Txakoli y destilados exclusivos en la Ribera del Ibaizabal\",\"potentialAction\":[{\"@type\":\"SearchAction\",\"target\":{\"@type\":\"EntryPoint\",\"urlTemplate\":\"https:\/\/txakoliarritxola.com\/?s={search_term_string}\"},\"query-input\":{\"@type\":\"PropertyValueSpecification\",\"valueRequired\":true,\"valueName\":\"search_term_string\"}}],\"inLanguage\":\"es\"}]}<\/script>\n<!-- \/ Yoast SEO plugin. -->","yoast_head_json":{"title":"LA INFLUENCIA DE LA DIOSA MARI - Bodega Txakoli Arritxola upategia","robots":{"index":"index","follow":"follow","max-snippet":"max-snippet:-1","max-image-preview":"max-image-preview:large","max-video-preview":"max-video-preview:-1"},"canonical":"https:\/\/txakoliarritxola.com\/?page_id=165","og_locale":"es_ES","og_type":"article","og_title":"LA INFLUENCIA DE LA DIOSA MARI - Bodega Txakoli Arritxola upategia","og_description":"INFLUENCIA DE LA DIOSA MARI Nuestros vi\u00f1edos, bodega y destiler\u00eda se encuentran muy cerca de la morada de Mari, situada en una cueva del monte Anboto y bajo su influencia. Mari protege nuestros vi\u00f1edos e influye en nuestros licores como agua de vida. Mari, la Dama de Anboto es la personificaci\u00f3n femenina de la tierra, [&hellip;]","og_url":"https:\/\/txakoliarritxola.com\/?page_id=165","og_site_name":"Bodega Txakoli Arritxola upategia","article_modified_time":"2023-01-13T07:05:50+00:00","og_image":[{"url":"http:\/\/txakoliarritxola.com\/wp-content\/uploads\/2020\/04\/17-Udalatx-desde-el-tunel.jpg"}],"twitter_card":"summary_large_image","twitter_misc":{"Tiempo de lectura":"1 minuto"},"schema":{"@context":"https:\/\/schema.org","@graph":[{"@type":"WebPage","@id":"https:\/\/txakoliarritxola.com\/?page_id=165","url":"https:\/\/txakoliarritxola.com\/?page_id=165","name":"LA INFLUENCIA DE LA DIOSA MARI - Bodega Txakoli Arritxola upategia","isPartOf":{"@id":"https:\/\/txakoliarritxola.com\/#website"},"primaryImageOfPage":{"@id":"https:\/\/txakoliarritxola.com\/?page_id=165#primaryimage"},"image":{"@id":"https:\/\/txakoliarritxola.com\/?page_id=165#primaryimage"},"thumbnailUrl":"http:\/\/txakoliarritxola.com\/wp-content\/uploads\/2020\/04\/17-Udalatx-desde-el-tunel.jpg","datePublished":"2020-04-18T14:28:26+00:00","dateModified":"2023-01-13T07:05:50+00:00","breadcrumb":{"@id":"https:\/\/txakoliarritxola.com\/?page_id=165#breadcrumb"},"inLanguage":"es","potentialAction":[{"@type":"ReadAction","target":["https:\/\/txakoliarritxola.com\/?page_id=165"]}]},{"@type":"ImageObject","inLanguage":"es","@id":"https:\/\/txakoliarritxola.com\/?page_id=165#primaryimage","url":"https:\/\/txakoliarritxola.com\/wp-content\/uploads\/2020\/04\/17-Udalatx-desde-el-tunel.jpg","contentUrl":"https:\/\/txakoliarritxola.com\/wp-content\/uploads\/2020\/04\/17-Udalatx-desde-el-tunel.jpg","width":700,"height":394},{"@type":"BreadcrumbList","@id":"https:\/\/txakoliarritxola.com\/?page_id=165#breadcrumb","itemListElement":[{"@type":"ListItem","position":1,"name":"Portada","item":"https:\/\/txakoliarritxola.com\/"},{"@type":"ListItem","position":2,"name":"LA INFLUENCIA DE LA DIOSA MARI"}]},{"@type":"WebSite","@id":"https:\/\/txakoliarritxola.com\/#website","url":"https:\/\/txakoliarritxola.com\/","name":"Bodega Txakoli Arritxola upategia","description":"Txakoli y destilados exclusivos en la Ribera del Ibaizabal","potentialAction":[{"@type":"SearchAction","target":{"@type":"EntryPoint","urlTemplate":"https:\/\/txakoliarritxola.com\/?s={search_term_string}"},"query-input":{"@type":"PropertyValueSpecification","valueRequired":true,"valueName":"search_term_string"}}],"inLanguage":"es"}]}},"_links":{"self":[{"href":"https:\/\/txakoliarritxola.com\/index.php?rest_route=\/wp\/v2\/pages\/165"}],"collection":[{"href":"https:\/\/txakoliarritxola.com\/index.php?rest_route=\/wp\/v2\/pages"}],"about":[{"href":"https:\/\/txakoliarritxola.com\/index.php?rest_route=\/wp\/v2\/types\/page"}],"author":[{"embeddable":true,"href":"https:\/\/txakoliarritxola.com\/index.php?rest_route=\/wp\/v2\/users\/1"}],"replies":[{"embeddable":true,"href":"https:\/\/txakoliarritxola.com\/index.php?rest_route=%2Fwp%2Fv2%2Fcomments&post=165"}],"version-history":[{"count":5,"href":"https:\/\/txakoliarritxola.com\/index.php?rest_route=\/wp\/v2\/pages\/165\/revisions"}],"predecessor-version":[{"id":444,"href":"https:\/\/txakoliarritxola.com\/index.php?rest_route=\/wp\/v2\/pages\/165\/revisions\/444"}],"wp:attachment":[{"href":"https:\/\/txakoliarritxola.com\/index.php?rest_route=%2Fwp%2Fv2%2Fmedia&parent=165"}],"curies":[{"name":"wp","href":"https:\/\/api.w.org\/{rel}","templated":true}]}}