{"id":155,"date":"2020-04-18T14:11:33","date_gmt":"2020-04-18T14:11:33","guid":{"rendered":"https:\/\/txakoliarritxola.com\/?page_id=155"},"modified":"2023-01-13T07:06:24","modified_gmt":"2023-01-13T07:06:24","slug":"nuestro-txakoli","status":"publish","type":"page","link":"https:\/\/txakoliarritxola.com\/?page_id=155","title":{"rendered":"NUESTRO TXAKOLI"},"content":{"rendered":"\t\t<div data-elementor-type=\"wp-page\" data-elementor-id=\"155\" class=\"elementor elementor-155\">\n\t\t\t\t\t\t<section class=\"elementor-section elementor-top-section elementor-element elementor-element-fc1a8b7 elementor-section-boxed elementor-section-height-default elementor-section-height-default\" data-id=\"fc1a8b7\" data-element_type=\"section\">\n\t\t\t\t\t\t<div class=\"elementor-container elementor-column-gap-default\">\n\t\t\t\t\t<div class=\"elementor-column elementor-col-100 elementor-top-column elementor-element elementor-element-9b149dc\" data-id=\"9b149dc\" data-element_type=\"column\">\n\t\t\t<div class=\"elementor-widget-wrap elementor-element-populated\">\n\t\t\t\t\t\t<div class=\"elementor-element elementor-element-5ed45e7 elementor-widget elementor-widget-heading\" data-id=\"5ed45e7\" data-element_type=\"widget\" data-widget_type=\"heading.default\">\n\t\t\t\t<div class=\"elementor-widget-container\">\n\t\t\t<h2 class=\"elementor-heading-title elementor-size-xl\">NUESTRA BODEGA<\/h2>\t\t<\/div>\n\t\t\t\t<\/div>\n\t\t\t\t\t<\/div>\n\t\t<\/div>\n\t\t\t\t\t<\/div>\n\t\t<\/section>\n\t\t\t\t<section class=\"elementor-section elementor-top-section elementor-element elementor-element-48f4a6ba elementor-section-boxed elementor-section-height-default elementor-section-height-default\" data-id=\"48f4a6ba\" data-element_type=\"section\">\n\t\t\t\t\t\t<div class=\"elementor-container elementor-column-gap-default\">\n\t\t\t\t\t<div class=\"elementor-column elementor-col-100 elementor-top-column elementor-element elementor-element-548c98e\" data-id=\"548c98e\" data-element_type=\"column\">\n\t\t\t<div class=\"elementor-widget-wrap elementor-element-populated\">\n\t\t\t\t\t\t<div class=\"elementor-element elementor-element-af55b13 elementor-widget elementor-widget-text-editor\" data-id=\"af55b13\" data-element_type=\"widget\" data-widget_type=\"text-editor.default\">\n\t\t\t\t<div class=\"elementor-widget-container\">\n\t\t\t\t\t\t\t<p><span style=\"color: #000000;\"><strong><em>\u201cHecho en casa\u201d \u201cEtxekoa\u201d<\/em><\/strong><\/span><\/p><p><span style=\"color: #000000;\"><strong><em>\u00a0<\/em><\/strong><\/span><\/p><p><span style=\"color: #000000;\"><strong>Txakoli Arritxola<\/strong> gestiona un total de 6 hect\u00e1reas de vi\u00f1edos distribuidos en cinco parcelas. Estas se encuentran entre 175 y 400 metros de altura sobre el nivel del mar, en los municipios de Abadi\u00f1o, Izurtza y Durango. Todos ellos forman parte del valle del Duranguesado.<\/span><\/p><p><span style=\"color: #000000;\">\u00a0<\/span><\/p><p><img fetchpriority=\"high\" decoding=\"async\" class=\"wp-image-17 aligncenter\" src=\"http:\/\/txakoliarritxola.com\/wp-content\/uploads\/2020\/04\/DJI_0558-300x225.jpg\" alt=\"\" width=\"700\" height=\"525\" srcset=\"https:\/\/txakoliarritxola.com\/wp-content\/uploads\/2020\/04\/DJI_0558-300x225.jpg 300w, https:\/\/txakoliarritxola.com\/wp-content\/uploads\/2020\/04\/DJI_0558-1024x768.jpg 1024w, https:\/\/txakoliarritxola.com\/wp-content\/uploads\/2020\/04\/DJI_0558-768x576.jpg 768w, https:\/\/txakoliarritxola.com\/wp-content\/uploads\/2020\/04\/DJI_0558-1536x1152.jpg 1536w, https:\/\/txakoliarritxola.com\/wp-content\/uploads\/2020\/04\/DJI_0558-2048x1536.jpg 2048w, https:\/\/txakoliarritxola.com\/wp-content\/uploads\/2020\/04\/DJI_0558-820x615.jpg 820w, https:\/\/txakoliarritxola.com\/wp-content\/uploads\/2020\/04\/DJI_0558-600x450.jpg 600w\" sizes=\"(max-width: 700px) 100vw, 700px\" \/><\/p><p><span style=\"color: #000000;\">\u00a0<\/span><\/p><p><span style=\"color: #000000;\">Nuestra bodega fundada en 1986, ubicada en Durango, entre la ribera del r\u00edo Ibaizabal\u00a0 y las laderas del monte Anboto. Disfruta del amparo de la Diosa Mari, quien inspira nuestros vinos y licores. Destacar tambi\u00e9n nuestra proximidad al Parque Natural de Urkiola, lugar donde la naturaleza y el medio rural ofrecen su m\u00e1ximo esplendor.<\/span><\/p><p><span style=\"color: #000000;\">Producimos Txakoli desde el respeto al medio natural. Se producen peque\u00f1os dep\u00f3sitos de 1.000, 3.000 y 5.000 litros para la elaboraci\u00f3n, por separado, de todas nuestras parcelas y variedades de uva. Disponemos de toda la tecnolog\u00eda necesaria para la elaboraci\u00f3n de vinos blancos de calidad. Consideramos la bodega y la tecnolog\u00eda como la herramienta para dar sentido a nuestro trabajo en el vi\u00f1edo.<\/span><\/p><p><span style=\"color: #000000;\">\u00a0<\/span><\/p><p><img decoding=\"async\" class=\"aligncenter wp-image-156\" src=\"http:\/\/txakoliarritxola.com\/wp-content\/uploads\/2020\/04\/20150126_173003-300x178.jpg\" alt=\"\" width=\"700\" height=\"415\" srcset=\"https:\/\/txakoliarritxola.com\/wp-content\/uploads\/2020\/04\/20150126_173003-300x178.jpg 300w, https:\/\/txakoliarritxola.com\/wp-content\/uploads\/2020\/04\/20150126_173003-768x456.jpg 768w, https:\/\/txakoliarritxola.com\/wp-content\/uploads\/2020\/04\/20150126_173003-820x487.jpg 820w, https:\/\/txakoliarritxola.com\/wp-content\/uploads\/2020\/04\/20150126_173003-600x356.jpg 600w, https:\/\/txakoliarritxola.com\/wp-content\/uploads\/2020\/04\/20150126_173003.jpg 900w\" sizes=\"(max-width: 700px) 100vw, 700px\" \/><\/p><p><span style=\"color: #000000;\">\u00a0<\/span><\/p><p><span style=\"color: #000000;\">Elaboramos nuestros vinos en una inteligente mezcla de cari\u00f1o y tecnolog\u00eda, entrelazada con nuestra filosof\u00eda artesanal \u201cETXEKOA\u201d \u201cDE CASA\u201d \u201cHECHO EN CASA\u201d. La pr\u00e1ctica de una enolog\u00eda respetuosa hace de puente entre la naturaleza y un txakoli t\u00edpico vizca\u00edno que destaca por su homogeneidad mantenida a lo largo de d\u00e9cadas de trabajo y dedicaci\u00f3n.<\/span><\/p>\t\t\t\t\t\t<\/div>\n\t\t\t\t<\/div>\n\t\t\t\t\t<\/div>\n\t\t<\/div>\n\t\t\t\t\t<\/div>\n\t\t<\/section>\n\t\t\t\t<section class=\"elementor-section elementor-top-section elementor-element elementor-element-0445c3b elementor-section-boxed elementor-section-height-default elementor-section-height-default\" data-id=\"0445c3b\" data-element_type=\"section\">\n\t\t\t\t\t\t<div class=\"elementor-container elementor-column-gap-default\">\n\t\t\t\t\t<div class=\"elementor-column elementor-col-100 elementor-top-column elementor-element elementor-element-2cd4dce\" data-id=\"2cd4dce\" data-element_type=\"column\">\n\t\t\t<div class=\"elementor-widget-wrap elementor-element-populated\">\n\t\t\t\t\t\t<div class=\"elementor-element elementor-element-47d118d elementor-align-center elementor-widget elementor-widget-button\" data-id=\"47d118d\" data-element_type=\"widget\" data-widget_type=\"button.default\">\n\t\t\t\t<div class=\"elementor-widget-container\">\n\t\t\t\t\t<div class=\"elementor-button-wrapper\">\n\t\t\t<a class=\"elementor-button elementor-button-link elementor-size-sm\" href=\"https:\/\/tienda.txakoliarritxola.com\/es\/\" target=\"_blank\">\n\t\t\t\t\t\t<span class=\"elementor-button-content-wrapper\">\n\t\t\t\t\t\t\t\t\t<span class=\"elementor-button-text\">Haz clic aqu\u00ed<\/span>\n\t\t\t\t\t<\/span>\n\t\t\t\t\t<\/a>\n\t\t<\/div>\n\t\t\t\t<\/div>\n\t\t\t\t<\/div>\n\t\t\t\t\t<\/div>\n\t\t<\/div>\n\t\t\t\t\t<\/div>\n\t\t<\/section>\n\t\t\t\t<section class=\"elementor-section elementor-top-section elementor-element elementor-element-f7b5d26 elementor-section-boxed elementor-section-height-default elementor-section-height-default\" data-id=\"f7b5d26\" data-element_type=\"section\">\n\t\t\t\t\t\t<div class=\"elementor-container elementor-column-gap-default\">\n\t\t\t\t\t<div class=\"elementor-column elementor-col-100 elementor-top-column elementor-element elementor-element-aaadcc0\" data-id=\"aaadcc0\" data-element_type=\"column\">\n\t\t\t<div class=\"elementor-widget-wrap elementor-element-populated\">\n\t\t\t\t\t\t<div class=\"elementor-element elementor-element-9bf15f8 elementor-widget elementor-widget-image\" data-id=\"9bf15f8\" data-element_type=\"widget\" data-widget_type=\"image.default\">\n\t\t\t\t<div class=\"elementor-widget-container\">\n\t\t\t\t\t\t\t\t\t\t\t\t\t\t<a href=\"https:\/\/tienda.txakoliarritxola.com\/es\/\" target=\"_blank\">\n\t\t\t\t\t\t\t<img decoding=\"async\" width=\"350\" height=\"232\" src=\"https:\/\/txakoliarritxola.com\/wp-content\/uploads\/2020\/04\/venta.jpg\" class=\"attachment-large size-large wp-image-66\" alt=\"\" srcset=\"https:\/\/txakoliarritxola.com\/wp-content\/uploads\/2020\/04\/venta.jpg 350w, https:\/\/txakoliarritxola.com\/wp-content\/uploads\/2020\/04\/venta-300x199.jpg 300w\" sizes=\"(max-width: 350px) 100vw, 350px\" \/>\t\t\t\t\t\t\t\t<\/a>\n\t\t\t\t\t\t\t\t\t\t\t\t\t<\/div>\n\t\t\t\t<\/div>\n\t\t\t\t\t<\/div>\n\t\t<\/div>\n\t\t\t\t\t<\/div>\n\t\t<\/section>\n\t\t\t\t<\/div>\n\t\t","protected":false},"excerpt":{"rendered":"<p>NUESTRA BODEGA \u201cHecho en casa\u201d \u201cEtxekoa\u201d \u00a0 Txakoli Arritxola gestiona un total de 6 hect\u00e1reas de vi\u00f1edos distribuidos en cinco parcelas. Estas se encuentran entre 175 y 400 metros de altura sobre el nivel del mar, en los municipios de Abadi\u00f1o, Izurtza y Durango. Todos ellos forman parte del valle del Duranguesado. \u00a0 \u00a0 Nuestra [&hellip;]<\/p>\n","protected":false},"author":1,"featured_media":0,"parent":0,"menu_order":0,"comment_status":"closed","ping_status":"closed","template":"elementor_header_footer","meta":{"om_disable_all_campaigns":false,"_monsterinsights_skip_tracking":false,"_monsterinsights_sitenote_active":false,"_monsterinsights_sitenote_note":"","_monsterinsights_sitenote_category":0,"_uf_show_specific_survey":0,"_uf_disable_surveys":false,"footnotes":""},"class_list":["post-155","page","type-page","status-publish","hentry"],"aioseo_notices":[],"yoast_head":"<!-- This site is optimized with the Yoast SEO plugin v23.5 - https:\/\/yoast.com\/wordpress\/plugins\/seo\/ -->\n<title>NUESTRO TXAKOLI - Bodega Txakoli Arritxola upategia<\/title>\n<meta name=\"robots\" content=\"index, follow, max-snippet:-1, max-image-preview:large, max-video-preview:-1\" \/>\n<link rel=\"canonical\" href=\"https:\/\/txakoliarritxola.com\/?page_id=155\" \/>\n<meta property=\"og:locale\" content=\"es_ES\" \/>\n<meta property=\"og:type\" content=\"article\" \/>\n<meta property=\"og:title\" content=\"NUESTRO TXAKOLI - Bodega Txakoli Arritxola upategia\" \/>\n<meta property=\"og:description\" content=\"NUESTRA BODEGA \u201cHecho en casa\u201d \u201cEtxekoa\u201d \u00a0 Txakoli Arritxola gestiona un total de 6 hect\u00e1reas de vi\u00f1edos distribuidos en cinco parcelas. Estas se encuentran entre 175 y 400 metros de altura sobre el nivel del mar, en los municipios de Abadi\u00f1o, Izurtza y Durango. Todos ellos forman parte del valle del Duranguesado. \u00a0 \u00a0 Nuestra [&hellip;]\" \/>\n<meta property=\"og:url\" content=\"https:\/\/txakoliarritxola.com\/?page_id=155\" \/>\n<meta property=\"og:site_name\" content=\"Bodega Txakoli Arritxola upategia\" \/>\n<meta property=\"article:modified_time\" content=\"2023-01-13T07:06:24+00:00\" \/>\n<meta property=\"og:image\" content=\"http:\/\/txakoliarritxola.com\/wp-content\/uploads\/2020\/04\/DJI_0558-300x225.jpg\" \/>\n<meta name=\"twitter:card\" content=\"summary_large_image\" \/>\n<meta name=\"twitter:label1\" content=\"Tiempo de lectura\" \/>\n\t<meta name=\"twitter:data1\" content=\"1 minuto\" \/>\n<script type=\"application\/ld+json\" class=\"yoast-schema-graph\">{\"@context\":\"https:\/\/schema.org\",\"@graph\":[{\"@type\":\"WebPage\",\"@id\":\"https:\/\/txakoliarritxola.com\/?page_id=155\",\"url\":\"https:\/\/txakoliarritxola.com\/?page_id=155\",\"name\":\"NUESTRO TXAKOLI - Bodega Txakoli Arritxola upategia\",\"isPartOf\":{\"@id\":\"https:\/\/txakoliarritxola.com\/#website\"},\"primaryImageOfPage\":{\"@id\":\"https:\/\/txakoliarritxola.com\/?page_id=155#primaryimage\"},\"image\":{\"@id\":\"https:\/\/txakoliarritxola.com\/?page_id=155#primaryimage\"},\"thumbnailUrl\":\"http:\/\/txakoliarritxola.com\/wp-content\/uploads\/2020\/04\/DJI_0558-300x225.jpg\",\"datePublished\":\"2020-04-18T14:11:33+00:00\",\"dateModified\":\"2023-01-13T07:06:24+00:00\",\"breadcrumb\":{\"@id\":\"https:\/\/txakoliarritxola.com\/?page_id=155#breadcrumb\"},\"inLanguage\":\"es\",\"potentialAction\":[{\"@type\":\"ReadAction\",\"target\":[\"https:\/\/txakoliarritxola.com\/?page_id=155\"]}]},{\"@type\":\"ImageObject\",\"inLanguage\":\"es\",\"@id\":\"https:\/\/txakoliarritxola.com\/?page_id=155#primaryimage\",\"url\":\"http:\/\/txakoliarritxola.com\/wp-content\/uploads\/2020\/04\/DJI_0558-300x225.jpg\",\"contentUrl\":\"http:\/\/txakoliarritxola.com\/wp-content\/uploads\/2020\/04\/DJI_0558-300x225.jpg\"},{\"@type\":\"BreadcrumbList\",\"@id\":\"https:\/\/txakoliarritxola.com\/?page_id=155#breadcrumb\",\"itemListElement\":[{\"@type\":\"ListItem\",\"position\":1,\"name\":\"Portada\",\"item\":\"https:\/\/txakoliarritxola.com\/\"},{\"@type\":\"ListItem\",\"position\":2,\"name\":\"NUESTRO TXAKOLI\"}]},{\"@type\":\"WebSite\",\"@id\":\"https:\/\/txakoliarritxola.com\/#website\",\"url\":\"https:\/\/txakoliarritxola.com\/\",\"name\":\"Bodega Txakoli Arritxola upategia\",\"description\":\"Txakoli y destilados exclusivos en la Ribera del Ibaizabal\",\"potentialAction\":[{\"@type\":\"SearchAction\",\"target\":{\"@type\":\"EntryPoint\",\"urlTemplate\":\"https:\/\/txakoliarritxola.com\/?s={search_term_string}\"},\"query-input\":{\"@type\":\"PropertyValueSpecification\",\"valueRequired\":true,\"valueName\":\"search_term_string\"}}],\"inLanguage\":\"es\"}]}<\/script>\n<!-- \/ Yoast SEO plugin. -->","yoast_head_json":{"title":"NUESTRO TXAKOLI - Bodega Txakoli Arritxola upategia","robots":{"index":"index","follow":"follow","max-snippet":"max-snippet:-1","max-image-preview":"max-image-preview:large","max-video-preview":"max-video-preview:-1"},"canonical":"https:\/\/txakoliarritxola.com\/?page_id=155","og_locale":"es_ES","og_type":"article","og_title":"NUESTRO TXAKOLI - Bodega Txakoli Arritxola upategia","og_description":"NUESTRA BODEGA \u201cHecho en casa\u201d \u201cEtxekoa\u201d \u00a0 Txakoli Arritxola gestiona un total de 6 hect\u00e1reas de vi\u00f1edos distribuidos en cinco parcelas. Estas se encuentran entre 175 y 400 metros de altura sobre el nivel del mar, en los municipios de Abadi\u00f1o, Izurtza y Durango. Todos ellos forman parte del valle del Duranguesado. \u00a0 \u00a0 Nuestra [&hellip;]","og_url":"https:\/\/txakoliarritxola.com\/?page_id=155","og_site_name":"Bodega Txakoli Arritxola upategia","article_modified_time":"2023-01-13T07:06:24+00:00","og_image":[{"url":"http:\/\/txakoliarritxola.com\/wp-content\/uploads\/2020\/04\/DJI_0558-300x225.jpg"}],"twitter_card":"summary_large_image","twitter_misc":{"Tiempo de lectura":"1 minuto"},"schema":{"@context":"https:\/\/schema.org","@graph":[{"@type":"WebPage","@id":"https:\/\/txakoliarritxola.com\/?page_id=155","url":"https:\/\/txakoliarritxola.com\/?page_id=155","name":"NUESTRO TXAKOLI - Bodega Txakoli Arritxola upategia","isPartOf":{"@id":"https:\/\/txakoliarritxola.com\/#website"},"primaryImageOfPage":{"@id":"https:\/\/txakoliarritxola.com\/?page_id=155#primaryimage"},"image":{"@id":"https:\/\/txakoliarritxola.com\/?page_id=155#primaryimage"},"thumbnailUrl":"http:\/\/txakoliarritxola.com\/wp-content\/uploads\/2020\/04\/DJI_0558-300x225.jpg","datePublished":"2020-04-18T14:11:33+00:00","dateModified":"2023-01-13T07:06:24+00:00","breadcrumb":{"@id":"https:\/\/txakoliarritxola.com\/?page_id=155#breadcrumb"},"inLanguage":"es","potentialAction":[{"@type":"ReadAction","target":["https:\/\/txakoliarritxola.com\/?page_id=155"]}]},{"@type":"ImageObject","inLanguage":"es","@id":"https:\/\/txakoliarritxola.com\/?page_id=155#primaryimage","url":"http:\/\/txakoliarritxola.com\/wp-content\/uploads\/2020\/04\/DJI_0558-300x225.jpg","contentUrl":"http:\/\/txakoliarritxola.com\/wp-content\/uploads\/2020\/04\/DJI_0558-300x225.jpg"},{"@type":"BreadcrumbList","@id":"https:\/\/txakoliarritxola.com\/?page_id=155#breadcrumb","itemListElement":[{"@type":"ListItem","position":1,"name":"Portada","item":"https:\/\/txakoliarritxola.com\/"},{"@type":"ListItem","position":2,"name":"NUESTRO TXAKOLI"}]},{"@type":"WebSite","@id":"https:\/\/txakoliarritxola.com\/#website","url":"https:\/\/txakoliarritxola.com\/","name":"Bodega Txakoli Arritxola upategia","description":"Txakoli y destilados exclusivos en la Ribera del Ibaizabal","potentialAction":[{"@type":"SearchAction","target":{"@type":"EntryPoint","urlTemplate":"https:\/\/txakoliarritxola.com\/?s={search_term_string}"},"query-input":{"@type":"PropertyValueSpecification","valueRequired":true,"valueName":"search_term_string"}}],"inLanguage":"es"}]}},"_links":{"self":[{"href":"https:\/\/txakoliarritxola.com\/index.php?rest_route=\/wp\/v2\/pages\/155"}],"collection":[{"href":"https:\/\/txakoliarritxola.com\/index.php?rest_route=\/wp\/v2\/pages"}],"about":[{"href":"https:\/\/txakoliarritxola.com\/index.php?rest_route=\/wp\/v2\/types\/page"}],"author":[{"embeddable":true,"href":"https:\/\/txakoliarritxola.com\/index.php?rest_route=\/wp\/v2\/users\/1"}],"replies":[{"embeddable":true,"href":"https:\/\/txakoliarritxola.com\/index.php?rest_route=%2Fwp%2Fv2%2Fcomments&post=155"}],"version-history":[{"count":5,"href":"https:\/\/txakoliarritxola.com\/index.php?rest_route=\/wp\/v2\/pages\/155\/revisions"}],"predecessor-version":[{"id":464,"href":"https:\/\/txakoliarritxola.com\/index.php?rest_route=\/wp\/v2\/pages\/155\/revisions\/464"}],"wp:attachment":[{"href":"https:\/\/txakoliarritxola.com\/index.php?rest_route=%2Fwp%2Fv2%2Fmedia&parent=155"}],"curies":[{"name":"wp","href":"https:\/\/api.w.org\/{rel}","templated":true}]}}