{"id":150,"date":"2020-04-18T13:58:37","date_gmt":"2020-04-18T13:58:37","guid":{"rendered":"https:\/\/txakoliarritxola.com\/?page_id=150"},"modified":"2023-01-13T07:06:22","modified_gmt":"2023-01-13T07:06:22","slug":"nuestra-filosofia","status":"publish","type":"page","link":"https:\/\/txakoliarritxola.com\/?page_id=150","title":{"rendered":"NUESTRA FILOSOF\u00cdA"},"content":{"rendered":"\t\t<div data-elementor-type=\"wp-page\" data-elementor-id=\"150\" class=\"elementor elementor-150\">\n\t\t\t\t\t\t<section class=\"elementor-section elementor-top-section elementor-element elementor-element-a00f8a8 elementor-section-boxed elementor-section-height-default elementor-section-height-default\" data-id=\"a00f8a8\" data-element_type=\"section\">\n\t\t\t\t\t\t<div class=\"elementor-container elementor-column-gap-default\">\n\t\t\t\t\t<div class=\"elementor-column elementor-col-100 elementor-top-column elementor-element elementor-element-6eb7b85\" data-id=\"6eb7b85\" data-element_type=\"column\">\n\t\t\t<div class=\"elementor-widget-wrap elementor-element-populated\">\n\t\t\t\t\t\t<div class=\"elementor-element elementor-element-56c3e13 elementor-widget elementor-widget-heading\" data-id=\"56c3e13\" data-element_type=\"widget\" data-widget_type=\"heading.default\">\n\t\t\t\t<div class=\"elementor-widget-container\">\n\t\t\t<h2 class=\"elementor-heading-title elementor-size-xl\">FILOSOFIA AGR\u00cdCOLA FAMILIAR <\/h2>\t\t<\/div>\n\t\t\t\t<\/div>\n\t\t\t\t\t<\/div>\n\t\t<\/div>\n\t\t\t\t\t<\/div>\n\t\t<\/section>\n\t\t\t\t<section class=\"elementor-section elementor-top-section elementor-element elementor-element-2003347a elementor-section-boxed elementor-section-height-default elementor-section-height-default\" data-id=\"2003347a\" data-element_type=\"section\">\n\t\t\t\t\t\t<div class=\"elementor-container elementor-column-gap-default\">\n\t\t\t\t\t<div class=\"elementor-column elementor-col-100 elementor-top-column elementor-element elementor-element-4b52cf01\" data-id=\"4b52cf01\" data-element_type=\"column\">\n\t\t\t<div class=\"elementor-widget-wrap elementor-element-populated\">\n\t\t\t\t\t\t<div class=\"elementor-element elementor-element-4430c91e elementor-widget elementor-widget-text-editor\" data-id=\"4430c91e\" data-element_type=\"widget\" data-widget_type=\"text-editor.default\">\n\t\t\t\t<div class=\"elementor-widget-container\">\n\t\t\t\t\t\t\t<p><span style=\"color: #000000;\"><strong><em><img fetchpriority=\"high\" decoding=\"async\" class=\"aligncenter wp-image-225\" src=\"http:\/\/txakoliarritxola.com\/wp-content\/uploads\/2020\/04\/1-300x171.png\" alt=\"\" width=\"700\" height=\"400\" srcset=\"https:\/\/txakoliarritxola.com\/wp-content\/uploads\/2020\/04\/1-300x171.png 300w, https:\/\/txakoliarritxola.com\/wp-content\/uploads\/2020\/04\/1-768x439.png 768w, https:\/\/txakoliarritxola.com\/wp-content\/uploads\/2020\/04\/1-820x469.png 820w, https:\/\/txakoliarritxola.com\/wp-content\/uploads\/2020\/04\/1-600x343.png 600w, https:\/\/txakoliarritxola.com\/wp-content\/uploads\/2020\/04\/1.png 1013w\" sizes=\"(max-width: 700px) 100vw, 700px\" \/><br \/><\/em><\/strong><\/span><\/p><p><span style=\"color: #000000;\"><strong><em>\u00a0<\/em><\/strong><\/span><\/p><p><span style=\"color: #000000;\"><strong><em>Etxekoa, de casa, hecho en casa.<\/em><\/strong><\/span><\/p><p><span style=\"color: #000000;\"><b><i>\u00a0<\/i><\/b><\/span><\/p><p><span style=\"color: #000000;\"><em>\u00a0<\/em>La familia Sarasketa \u2013 Divass\u00f3n conformamos una explotaci\u00f3n agr\u00edcola familiar que trabajamos la tierra y gestionamos el ciclo completo de nuestro trabajo y dedicaci\u00f3n.<\/span><\/p><p><span style=\"color: #000000;\">Realizamos nuestro trabajo anual en <strong>CUATRO FASES<\/strong>: <strong>Primera fase<\/strong> &#8211; Producimos uva para la elaboraci\u00f3n de txakoli. <strong>Segunda fase<\/strong> &#8211; Elaboramos txakoli Denominaci\u00f3n de Origen Bizkaiko Txakolina \/ Txakoli de Bizkaia. <strong>Tercera fase<\/strong> &#8211; Destilamos los orujos procedentes de la elaboraci\u00f3n del txakoli para conseguir nuestros licores. <strong>Cuarta fase<\/strong> &#8211; Con los orujos destilados conseguimos compost que sirve de abono a nuestros vi\u00f1edos.<\/span><\/p><p><span style=\"color: #000000;\">\u00a0<\/span><span style=\"color: #000000;\">Es decir, realizamos un ciclo completo de producci\u00f3n y transformaci\u00f3n del fruto de nuestro trabajo. Producimos uva para la elaboraci\u00f3n de txakoli. Con los orujos que restan del prensado y a trav\u00e9s del proceso de la destilaci\u00f3n, producimos aguardiente de orujo. Y con restos \u00a0de orujos de la destilaci\u00f3n producimos compost que servir\u00e1 de abono que ayudar\u00e1 a nuestros vi\u00f1edos volver a producir uva.<\/span><\/p>\t\t\t\t\t\t<\/div>\n\t\t\t\t<\/div>\n\t\t\t\t\t<\/div>\n\t\t<\/div>\n\t\t\t\t\t<\/div>\n\t\t<\/section>\n\t\t\t\t<section class=\"elementor-section elementor-top-section elementor-element elementor-element-712cf05 elementor-section-boxed elementor-section-height-default elementor-section-height-default\" data-id=\"712cf05\" data-element_type=\"section\">\n\t\t\t\t\t\t<div class=\"elementor-container elementor-column-gap-default\">\n\t\t\t\t\t<div class=\"elementor-column elementor-col-100 elementor-top-column elementor-element elementor-element-d59a925\" data-id=\"d59a925\" data-element_type=\"column\">\n\t\t\t<div class=\"elementor-widget-wrap elementor-element-populated\">\n\t\t\t\t\t\t<div class=\"elementor-element elementor-element-01c8654 elementor-widget elementor-widget-image\" data-id=\"01c8654\" data-element_type=\"widget\" data-widget_type=\"image.default\">\n\t\t\t\t<div class=\"elementor-widget-container\">\n\t\t\t\t\t\t\t\t\t\t\t\t\t<img decoding=\"async\" width=\"700\" height=\"525\" src=\"https:\/\/txakoliarritxola.com\/wp-content\/uploads\/2020\/04\/92713197_3698451606896311_6322773797715836928_o-e1587232969316.jpg\" class=\"attachment-large size-large wp-image-252\" alt=\"\" \/>\t\t\t\t\t\t\t\t\t\t\t\t\t<\/div>\n\t\t\t\t<\/div>\n\t\t\t\t\t<\/div>\n\t\t<\/div>\n\t\t\t\t\t<\/div>\n\t\t<\/section>\n\t\t\t\t<section class=\"elementor-section elementor-top-section elementor-element elementor-element-fda7701 elementor-section-boxed elementor-section-height-default elementor-section-height-default\" data-id=\"fda7701\" data-element_type=\"section\">\n\t\t\t\t\t\t<div class=\"elementor-container elementor-column-gap-default\">\n\t\t\t\t\t<div class=\"elementor-column elementor-col-100 elementor-top-column elementor-element elementor-element-19a2b86\" data-id=\"19a2b86\" data-element_type=\"column\">\n\t\t\t<div class=\"elementor-widget-wrap elementor-element-populated\">\n\t\t\t\t\t\t<div class=\"elementor-element elementor-element-4bbd435 elementor-align-center elementor-widget elementor-widget-button\" data-id=\"4bbd435\" data-element_type=\"widget\" data-widget_type=\"button.default\">\n\t\t\t\t<div class=\"elementor-widget-container\">\n\t\t\t\t\t<div class=\"elementor-button-wrapper\">\n\t\t\t<a class=\"elementor-button elementor-button-link elementor-size-sm\" href=\"https:\/\/tienda.txakoliarritxola.com\/es\/\" target=\"_blank\">\n\t\t\t\t\t\t<span class=\"elementor-button-content-wrapper\">\n\t\t\t\t\t\t\t\t\t<span class=\"elementor-button-text\">Haz clic aqu\u00ed<\/span>\n\t\t\t\t\t<\/span>\n\t\t\t\t\t<\/a>\n\t\t<\/div>\n\t\t\t\t<\/div>\n\t\t\t\t<\/div>\n\t\t\t\t\t<\/div>\n\t\t<\/div>\n\t\t\t\t\t<\/div>\n\t\t<\/section>\n\t\t\t\t<section class=\"elementor-section elementor-top-section elementor-element elementor-element-7a8de08 elementor-section-boxed elementor-section-height-default elementor-section-height-default\" data-id=\"7a8de08\" data-element_type=\"section\">\n\t\t\t\t\t\t<div class=\"elementor-container elementor-column-gap-default\">\n\t\t\t\t\t<div class=\"elementor-column elementor-col-100 elementor-top-column elementor-element elementor-element-c00999d\" data-id=\"c00999d\" data-element_type=\"column\">\n\t\t\t<div class=\"elementor-widget-wrap elementor-element-populated\">\n\t\t\t\t\t\t<div class=\"elementor-element elementor-element-1075b75 elementor-widget elementor-widget-image\" data-id=\"1075b75\" data-element_type=\"widget\" data-widget_type=\"image.default\">\n\t\t\t\t<div class=\"elementor-widget-container\">\n\t\t\t\t\t\t\t\t\t\t\t\t\t\t<a href=\"https:\/\/tienda.txakoliarritxola.com\/es\/\" target=\"_blank\">\n\t\t\t\t\t\t\t<img decoding=\"async\" width=\"350\" height=\"232\" src=\"https:\/\/txakoliarritxola.com\/wp-content\/uploads\/2020\/04\/venta.jpg\" class=\"attachment-large size-large wp-image-66\" alt=\"\" srcset=\"https:\/\/txakoliarritxola.com\/wp-content\/uploads\/2020\/04\/venta.jpg 350w, https:\/\/txakoliarritxola.com\/wp-content\/uploads\/2020\/04\/venta-300x199.jpg 300w\" sizes=\"(max-width: 350px) 100vw, 350px\" \/>\t\t\t\t\t\t\t\t<\/a>\n\t\t\t\t\t\t\t\t\t\t\t\t\t<\/div>\n\t\t\t\t<\/div>\n\t\t\t\t\t<\/div>\n\t\t<\/div>\n\t\t\t\t\t<\/div>\n\t\t<\/section>\n\t\t\t\t<\/div>\n\t\t","protected":false},"excerpt":{"rendered":"<p>FILOSOFIA AGR\u00cdCOLA FAMILIAR \u00a0 Etxekoa, de casa, hecho en casa. \u00a0 \u00a0La familia Sarasketa \u2013 Divass\u00f3n conformamos una explotaci\u00f3n agr\u00edcola familiar que trabajamos la tierra y gestionamos el ciclo completo de nuestro trabajo y dedicaci\u00f3n. Realizamos nuestro trabajo anual en CUATRO FASES: Primera fase &#8211; Producimos uva para la elaboraci\u00f3n de txakoli. Segunda fase &#8211; [&hellip;]<\/p>\n","protected":false},"author":1,"featured_media":0,"parent":0,"menu_order":0,"comment_status":"closed","ping_status":"closed","template":"elementor_header_footer","meta":{"om_disable_all_campaigns":false,"_monsterinsights_skip_tracking":false,"_monsterinsights_sitenote_active":false,"_monsterinsights_sitenote_note":"","_monsterinsights_sitenote_category":0,"_uf_show_specific_survey":0,"_uf_disable_surveys":false,"footnotes":""},"class_list":["post-150","page","type-page","status-publish","hentry"],"aioseo_notices":[],"yoast_head":"<!-- This site is optimized with the Yoast SEO plugin v23.5 - https:\/\/yoast.com\/wordpress\/plugins\/seo\/ -->\n<title>NUESTRA FILOSOF\u00cdA - Bodega Txakoli Arritxola upategia<\/title>\n<meta name=\"robots\" content=\"index, follow, max-snippet:-1, max-image-preview:large, max-video-preview:-1\" \/>\n<link rel=\"canonical\" href=\"https:\/\/txakoliarritxola.com\/?page_id=150\" \/>\n<meta property=\"og:locale\" content=\"es_ES\" \/>\n<meta property=\"og:type\" content=\"article\" \/>\n<meta property=\"og:title\" content=\"NUESTRA FILOSOF\u00cdA - Bodega Txakoli Arritxola upategia\" \/>\n<meta property=\"og:description\" content=\"FILOSOFIA AGR\u00cdCOLA FAMILIAR \u00a0 Etxekoa, de casa, hecho en casa. \u00a0 \u00a0La familia Sarasketa \u2013 Divass\u00f3n conformamos una explotaci\u00f3n agr\u00edcola familiar que trabajamos la tierra y gestionamos el ciclo completo de nuestro trabajo y dedicaci\u00f3n. Realizamos nuestro trabajo anual en CUATRO FASES: Primera fase &#8211; Producimos uva para la elaboraci\u00f3n de txakoli. Segunda fase &#8211; [&hellip;]\" \/>\n<meta property=\"og:url\" content=\"https:\/\/txakoliarritxola.com\/?page_id=150\" \/>\n<meta property=\"og:site_name\" content=\"Bodega Txakoli Arritxola upategia\" \/>\n<meta property=\"article:modified_time\" content=\"2023-01-13T07:06:22+00:00\" \/>\n<meta property=\"og:image\" content=\"http:\/\/txakoliarritxola.com\/wp-content\/uploads\/2020\/04\/1-300x171.png\" \/>\n<meta name=\"twitter:card\" content=\"summary_large_image\" \/>\n<meta name=\"twitter:label1\" content=\"Tiempo de lectura\" \/>\n\t<meta name=\"twitter:data1\" content=\"1 minuto\" \/>\n<script type=\"application\/ld+json\" class=\"yoast-schema-graph\">{\"@context\":\"https:\/\/schema.org\",\"@graph\":[{\"@type\":\"WebPage\",\"@id\":\"https:\/\/txakoliarritxola.com\/?page_id=150\",\"url\":\"https:\/\/txakoliarritxola.com\/?page_id=150\",\"name\":\"NUESTRA FILOSOF\u00cdA - Bodega Txakoli Arritxola upategia\",\"isPartOf\":{\"@id\":\"https:\/\/txakoliarritxola.com\/#website\"},\"primaryImageOfPage\":{\"@id\":\"https:\/\/txakoliarritxola.com\/?page_id=150#primaryimage\"},\"image\":{\"@id\":\"https:\/\/txakoliarritxola.com\/?page_id=150#primaryimage\"},\"thumbnailUrl\":\"http:\/\/txakoliarritxola.com\/wp-content\/uploads\/2020\/04\/1-300x171.png\",\"datePublished\":\"2020-04-18T13:58:37+00:00\",\"dateModified\":\"2023-01-13T07:06:22+00:00\",\"breadcrumb\":{\"@id\":\"https:\/\/txakoliarritxola.com\/?page_id=150#breadcrumb\"},\"inLanguage\":\"es\",\"potentialAction\":[{\"@type\":\"ReadAction\",\"target\":[\"https:\/\/txakoliarritxola.com\/?page_id=150\"]}]},{\"@type\":\"ImageObject\",\"inLanguage\":\"es\",\"@id\":\"https:\/\/txakoliarritxola.com\/?page_id=150#primaryimage\",\"url\":\"https:\/\/txakoliarritxola.com\/wp-content\/uploads\/2020\/04\/1.png\",\"contentUrl\":\"https:\/\/txakoliarritxola.com\/wp-content\/uploads\/2020\/04\/1.png\",\"width\":1013,\"height\":579},{\"@type\":\"BreadcrumbList\",\"@id\":\"https:\/\/txakoliarritxola.com\/?page_id=150#breadcrumb\",\"itemListElement\":[{\"@type\":\"ListItem\",\"position\":1,\"name\":\"Portada\",\"item\":\"https:\/\/txakoliarritxola.com\/\"},{\"@type\":\"ListItem\",\"position\":2,\"name\":\"NUESTRA FILOSOF\u00cdA\"}]},{\"@type\":\"WebSite\",\"@id\":\"https:\/\/txakoliarritxola.com\/#website\",\"url\":\"https:\/\/txakoliarritxola.com\/\",\"name\":\"Bodega Txakoli Arritxola upategia\",\"description\":\"Txakoli y destilados exclusivos en la Ribera del Ibaizabal\",\"potentialAction\":[{\"@type\":\"SearchAction\",\"target\":{\"@type\":\"EntryPoint\",\"urlTemplate\":\"https:\/\/txakoliarritxola.com\/?s={search_term_string}\"},\"query-input\":{\"@type\":\"PropertyValueSpecification\",\"valueRequired\":true,\"valueName\":\"search_term_string\"}}],\"inLanguage\":\"es\"}]}<\/script>\n<!-- \/ Yoast SEO plugin. -->","yoast_head_json":{"title":"NUESTRA FILOSOF\u00cdA - Bodega Txakoli Arritxola upategia","robots":{"index":"index","follow":"follow","max-snippet":"max-snippet:-1","max-image-preview":"max-image-preview:large","max-video-preview":"max-video-preview:-1"},"canonical":"https:\/\/txakoliarritxola.com\/?page_id=150","og_locale":"es_ES","og_type":"article","og_title":"NUESTRA FILOSOF\u00cdA - Bodega Txakoli Arritxola upategia","og_description":"FILOSOFIA AGR\u00cdCOLA FAMILIAR \u00a0 Etxekoa, de casa, hecho en casa. \u00a0 \u00a0La familia Sarasketa \u2013 Divass\u00f3n conformamos una explotaci\u00f3n agr\u00edcola familiar que trabajamos la tierra y gestionamos el ciclo completo de nuestro trabajo y dedicaci\u00f3n. Realizamos nuestro trabajo anual en CUATRO FASES: Primera fase &#8211; Producimos uva para la elaboraci\u00f3n de txakoli. Segunda fase &#8211; [&hellip;]","og_url":"https:\/\/txakoliarritxola.com\/?page_id=150","og_site_name":"Bodega Txakoli Arritxola upategia","article_modified_time":"2023-01-13T07:06:22+00:00","og_image":[{"url":"http:\/\/txakoliarritxola.com\/wp-content\/uploads\/2020\/04\/1-300x171.png"}],"twitter_card":"summary_large_image","twitter_misc":{"Tiempo de lectura":"1 minuto"},"schema":{"@context":"https:\/\/schema.org","@graph":[{"@type":"WebPage","@id":"https:\/\/txakoliarritxola.com\/?page_id=150","url":"https:\/\/txakoliarritxola.com\/?page_id=150","name":"NUESTRA FILOSOF\u00cdA - Bodega Txakoli Arritxola upategia","isPartOf":{"@id":"https:\/\/txakoliarritxola.com\/#website"},"primaryImageOfPage":{"@id":"https:\/\/txakoliarritxola.com\/?page_id=150#primaryimage"},"image":{"@id":"https:\/\/txakoliarritxola.com\/?page_id=150#primaryimage"},"thumbnailUrl":"http:\/\/txakoliarritxola.com\/wp-content\/uploads\/2020\/04\/1-300x171.png","datePublished":"2020-04-18T13:58:37+00:00","dateModified":"2023-01-13T07:06:22+00:00","breadcrumb":{"@id":"https:\/\/txakoliarritxola.com\/?page_id=150#breadcrumb"},"inLanguage":"es","potentialAction":[{"@type":"ReadAction","target":["https:\/\/txakoliarritxola.com\/?page_id=150"]}]},{"@type":"ImageObject","inLanguage":"es","@id":"https:\/\/txakoliarritxola.com\/?page_id=150#primaryimage","url":"https:\/\/txakoliarritxola.com\/wp-content\/uploads\/2020\/04\/1.png","contentUrl":"https:\/\/txakoliarritxola.com\/wp-content\/uploads\/2020\/04\/1.png","width":1013,"height":579},{"@type":"BreadcrumbList","@id":"https:\/\/txakoliarritxola.com\/?page_id=150#breadcrumb","itemListElement":[{"@type":"ListItem","position":1,"name":"Portada","item":"https:\/\/txakoliarritxola.com\/"},{"@type":"ListItem","position":2,"name":"NUESTRA FILOSOF\u00cdA"}]},{"@type":"WebSite","@id":"https:\/\/txakoliarritxola.com\/#website","url":"https:\/\/txakoliarritxola.com\/","name":"Bodega Txakoli Arritxola upategia","description":"Txakoli y destilados exclusivos en la Ribera del Ibaizabal","potentialAction":[{"@type":"SearchAction","target":{"@type":"EntryPoint","urlTemplate":"https:\/\/txakoliarritxola.com\/?s={search_term_string}"},"query-input":{"@type":"PropertyValueSpecification","valueRequired":true,"valueName":"search_term_string"}}],"inLanguage":"es"}]}},"_links":{"self":[{"href":"https:\/\/txakoliarritxola.com\/index.php?rest_route=\/wp\/v2\/pages\/150"}],"collection":[{"href":"https:\/\/txakoliarritxola.com\/index.php?rest_route=\/wp\/v2\/pages"}],"about":[{"href":"https:\/\/txakoliarritxola.com\/index.php?rest_route=\/wp\/v2\/types\/page"}],"author":[{"embeddable":true,"href":"https:\/\/txakoliarritxola.com\/index.php?rest_route=\/wp\/v2\/users\/1"}],"replies":[{"embeddable":true,"href":"https:\/\/txakoliarritxola.com\/index.php?rest_route=%2Fwp%2Fv2%2Fcomments&post=150"}],"version-history":[{"count":6,"href":"https:\/\/txakoliarritxola.com\/index.php?rest_route=\/wp\/v2\/pages\/150\/revisions"}],"predecessor-version":[{"id":460,"href":"https:\/\/txakoliarritxola.com\/index.php?rest_route=\/wp\/v2\/pages\/150\/revisions\/460"}],"wp:attachment":[{"href":"https:\/\/txakoliarritxola.com\/index.php?rest_route=%2Fwp%2Fv2%2Fmedia&parent=150"}],"curies":[{"name":"wp","href":"https:\/\/api.w.org\/{rel}","templated":true}]}}