{"id":143,"date":"2020-04-18T13:51:12","date_gmt":"2020-04-18T13:51:12","guid":{"rendered":"https:\/\/txakoliarritxola.com\/?page_id=143"},"modified":"2023-01-13T07:05:50","modified_gmt":"2023-01-13T07:05:50","slug":"historia","status":"publish","type":"page","link":"https:\/\/txakoliarritxola.com\/?page_id=143","title":{"rendered":"HISTORIA"},"content":{"rendered":"\t\t<div data-elementor-type=\"wp-page\" data-elementor-id=\"143\" class=\"elementor elementor-143\">\n\t\t\t\t\t\t<section class=\"elementor-section elementor-top-section elementor-element elementor-element-2869926 elementor-section-boxed elementor-section-height-default elementor-section-height-default\" data-id=\"2869926\" data-element_type=\"section\">\n\t\t\t\t\t\t<div class=\"elementor-container elementor-column-gap-default\">\n\t\t\t\t\t<div class=\"elementor-column elementor-col-100 elementor-top-column elementor-element elementor-element-6f36386\" data-id=\"6f36386\" data-element_type=\"column\">\n\t\t\t<div class=\"elementor-widget-wrap elementor-element-populated\">\n\t\t\t\t\t\t<div class=\"elementor-element elementor-element-b8d66ff elementor-widget elementor-widget-heading\" data-id=\"b8d66ff\" data-element_type=\"widget\" data-widget_type=\"heading.default\">\n\t\t\t\t<div class=\"elementor-widget-container\">\n\t\t\t<h2 class=\"elementor-heading-title elementor-size-xl\">HISTORIA<\/h2>\t\t<\/div>\n\t\t\t\t<\/div>\n\t\t\t\t\t<\/div>\n\t\t<\/div>\n\t\t\t\t\t<\/div>\n\t\t<\/section>\n\t\t\t\t<section class=\"elementor-section elementor-top-section elementor-element elementor-element-362cf366 elementor-section-boxed elementor-section-height-default elementor-section-height-default\" data-id=\"362cf366\" data-element_type=\"section\">\n\t\t\t\t\t\t<div class=\"elementor-container elementor-column-gap-default\">\n\t\t\t\t\t<div class=\"elementor-column elementor-col-100 elementor-top-column elementor-element elementor-element-1ebabeb\" data-id=\"1ebabeb\" data-element_type=\"column\">\n\t\t\t<div class=\"elementor-widget-wrap elementor-element-populated\">\n\t\t\t\t\t\t<div class=\"elementor-element elementor-element-1bacfbe7 elementor-widget elementor-widget-text-editor\" data-id=\"1bacfbe7\" data-element_type=\"widget\" data-widget_type=\"text-editor.default\">\n\t\t\t\t<div class=\"elementor-widget-container\">\n\t\t\t\t\t\t\t<p><span style=\"color: #000000;\"><strong><em>Desde 1986.<\/em><\/strong><\/span><\/p><p><span style=\"color: #000000;\">Durangaldea es un valle situado en el centro del Pa\u00eds Vasco, con una amplia tradici\u00f3n en la elaboraci\u00f3n del txakoli hasta principios del siglo XIX cuando la plaga de la filoxera arras\u00f3 con la pr\u00e1ctica totalidad de sus vi\u00f1edos.<\/span><\/p><p><img fetchpriority=\"high\" decoding=\"async\" class=\"wp-image-144 aligncenter\" src=\"http:\/\/txakoliarritxola.com\/wp-content\/uploads\/2020\/04\/Durangaldea-Imanol-Aragon-1024x577-1-300x169.jpg\" alt=\"\" width=\"500\" height=\"282\" srcset=\"https:\/\/txakoliarritxola.com\/wp-content\/uploads\/2020\/04\/Durangaldea-Imanol-Aragon-1024x577-1-300x169.jpg 300w, https:\/\/txakoliarritxola.com\/wp-content\/uploads\/2020\/04\/Durangaldea-Imanol-Aragon-1024x577-1-768x433.jpg 768w, https:\/\/txakoliarritxola.com\/wp-content\/uploads\/2020\/04\/Durangaldea-Imanol-Aragon-1024x577-1-820x462.jpg 820w, https:\/\/txakoliarritxola.com\/wp-content\/uploads\/2020\/04\/Durangaldea-Imanol-Aragon-1024x577-1-600x338.jpg 600w, https:\/\/txakoliarritxola.com\/wp-content\/uploads\/2020\/04\/Durangaldea-Imanol-Aragon-1024x577-1.jpg 1024w\" sizes=\"(max-width: 500px) 100vw, 500px\" \/><\/p><p><span style=\"color: #000000;\">As\u00ed se mantuvo hasta el a\u00f1o 1986, cuando Juan Antonio Sarasketa Legina (fundador de <strong>Txakoli Arritxola<\/strong>) junto a media docena de agricultores del resto de Bizkaia, realizaron una compra conjunta de vides y material de bodega, a trav\u00e9s de la Diputaci\u00f3n vizca\u00edna para realizar nuevas plantaciones experimentales ese mismo a\u00f1o, que conducir\u00edan de nuevo a producir de txakoli en este valle.<\/span><\/p><p><span style=\"color: #000000;\">Poco despu\u00e9s la Bodega <strong>Txakoli Arritxola<\/strong> participa en la creaci\u00f3n de Bialtxa (Asociaci\u00f3n de txakolineros de Bizkaia) y posteriormente, en el a\u00f1o 1994, forma parte de las bodegas que crean la Denominaci\u00f3n de Origen Txakoli de Bizkaia\/BizkaikoTxakolina, junto al Gobierno Vasco y la Diputaci\u00f3n Foral de Bizkaia.<\/span><\/p><p><span style=\"color: #000000;\">Actualmente la familia Sarasketa &#8211; Divass\u00f3n junto a sus hijas, regenta esta bodega y destiler\u00eda <strong>Txakoli Arritxola<\/strong>.<\/span><\/p><p><img decoding=\"async\" class=\"aligncenter size-full wp-image-145\" src=\"http:\/\/txakoliarritxola.com\/wp-content\/uploads\/2020\/04\/unnamed.gif\" alt=\"\" width=\"307\" height=\"89\" \/><\/p>\t\t\t\t\t\t<\/div>\n\t\t\t\t<\/div>\n\t\t\t\t\t<\/div>\n\t\t<\/div>\n\t\t\t\t\t<\/div>\n\t\t<\/section>\n\t\t\t\t<section class=\"elementor-section elementor-top-section elementor-element elementor-element-bfb80ad elementor-section-boxed elementor-section-height-default elementor-section-height-default\" data-id=\"bfb80ad\" data-element_type=\"section\">\n\t\t\t\t\t\t<div class=\"elementor-container elementor-column-gap-default\">\n\t\t\t\t\t<div class=\"elementor-column elementor-col-100 elementor-top-column elementor-element elementor-element-85b875c\" data-id=\"85b875c\" data-element_type=\"column\">\n\t\t\t<div class=\"elementor-widget-wrap elementor-element-populated\">\n\t\t\t\t\t\t<div class=\"elementor-element elementor-element-ecf039a elementor-widget elementor-widget-image\" data-id=\"ecf039a\" data-element_type=\"widget\" data-widget_type=\"image.default\">\n\t\t\t\t<div class=\"elementor-widget-container\">\n\t\t\t\t\t\t\t\t\t\t\t\t\t<img decoding=\"async\" width=\"281\" height=\"179\" src=\"https:\/\/txakoliarritxola.com\/wp-content\/uploads\/2020\/04\/images.jpg\" class=\"attachment-large size-large wp-image-175\" alt=\"\" \/>\t\t\t\t\t\t\t\t\t\t\t\t\t<\/div>\n\t\t\t\t<\/div>\n\t\t\t\t\t<\/div>\n\t\t<\/div>\n\t\t\t\t\t<\/div>\n\t\t<\/section>\n\t\t\t\t<section class=\"elementor-section elementor-top-section elementor-element elementor-element-dcfc4c2 elementor-section-boxed elementor-section-height-default elementor-section-height-default\" data-id=\"dcfc4c2\" data-element_type=\"section\">\n\t\t\t\t\t\t<div class=\"elementor-container elementor-column-gap-default\">\n\t\t\t\t\t<div class=\"elementor-column elementor-col-100 elementor-top-column elementor-element elementor-element-8556050\" data-id=\"8556050\" data-element_type=\"column\">\n\t\t\t<div class=\"elementor-widget-wrap elementor-element-populated\">\n\t\t\t\t\t\t<div class=\"elementor-element elementor-element-13b2de9 elementor-align-center elementor-widget elementor-widget-button\" data-id=\"13b2de9\" data-element_type=\"widget\" data-widget_type=\"button.default\">\n\t\t\t\t<div class=\"elementor-widget-container\">\n\t\t\t\t\t<div class=\"elementor-button-wrapper\">\n\t\t\t<a class=\"elementor-button elementor-button-link elementor-size-sm\" href=\"https:\/\/tienda.txakoliarritxola.com\/es\/\" target=\"_blank\">\n\t\t\t\t\t\t<span class=\"elementor-button-content-wrapper\">\n\t\t\t\t\t\t\t\t\t<span class=\"elementor-button-text\">Haz clic aqu\u00ed<\/span>\n\t\t\t\t\t<\/span>\n\t\t\t\t\t<\/a>\n\t\t<\/div>\n\t\t\t\t<\/div>\n\t\t\t\t<\/div>\n\t\t\t\t\t<\/div>\n\t\t<\/div>\n\t\t\t\t\t<\/div>\n\t\t<\/section>\n\t\t\t\t<section class=\"elementor-section elementor-top-section elementor-element elementor-element-8c107c8 elementor-section-boxed elementor-section-height-default elementor-section-height-default\" data-id=\"8c107c8\" data-element_type=\"section\">\n\t\t\t\t\t\t<div class=\"elementor-container elementor-column-gap-default\">\n\t\t\t\t\t<div class=\"elementor-column elementor-col-100 elementor-top-column elementor-element elementor-element-7e5fa93\" data-id=\"7e5fa93\" data-element_type=\"column\">\n\t\t\t<div class=\"elementor-widget-wrap elementor-element-populated\">\n\t\t\t\t\t\t<div class=\"elementor-element elementor-element-118331c elementor-widget elementor-widget-image\" data-id=\"118331c\" data-element_type=\"widget\" data-widget_type=\"image.default\">\n\t\t\t\t<div class=\"elementor-widget-container\">\n\t\t\t\t\t\t\t\t\t\t\t\t\t\t<a href=\"https:\/\/tienda.txakoliarritxola.com\/es\/\" target=\"_blank\">\n\t\t\t\t\t\t\t<img loading=\"lazy\" decoding=\"async\" width=\"350\" height=\"232\" src=\"https:\/\/txakoliarritxola.com\/wp-content\/uploads\/2020\/04\/venta.jpg\" class=\"attachment-large size-large wp-image-66\" alt=\"\" srcset=\"https:\/\/txakoliarritxola.com\/wp-content\/uploads\/2020\/04\/venta.jpg 350w, https:\/\/txakoliarritxola.com\/wp-content\/uploads\/2020\/04\/venta-300x199.jpg 300w\" sizes=\"(max-width: 350px) 100vw, 350px\" \/>\t\t\t\t\t\t\t\t<\/a>\n\t\t\t\t\t\t\t\t\t\t\t\t\t<\/div>\n\t\t\t\t<\/div>\n\t\t\t\t\t<\/div>\n\t\t<\/div>\n\t\t\t\t\t<\/div>\n\t\t<\/section>\n\t\t\t\t<\/div>\n\t\t","protected":false},"excerpt":{"rendered":"<p>HISTORIA Desde 1986. Durangaldea es un valle situado en el centro del Pa\u00eds Vasco, con una amplia tradici\u00f3n en la elaboraci\u00f3n del txakoli hasta principios del siglo XIX cuando la plaga de la filoxera arras\u00f3 con la pr\u00e1ctica totalidad de sus vi\u00f1edos. As\u00ed se mantuvo hasta el a\u00f1o 1986, cuando Juan Antonio Sarasketa Legina (fundador [&hellip;]<\/p>\n","protected":false},"author":1,"featured_media":0,"parent":0,"menu_order":0,"comment_status":"closed","ping_status":"closed","template":"elementor_header_footer","meta":{"om_disable_all_campaigns":false,"_monsterinsights_skip_tracking":false,"_monsterinsights_sitenote_active":false,"_monsterinsights_sitenote_note":"","_monsterinsights_sitenote_category":0,"_uf_show_specific_survey":0,"_uf_disable_surveys":false,"footnotes":""},"class_list":["post-143","page","type-page","status-publish","hentry"],"aioseo_notices":[],"yoast_head":"<!-- This site is optimized with the Yoast SEO plugin v23.5 - https:\/\/yoast.com\/wordpress\/plugins\/seo\/ -->\n<title>HISTORIA - Bodega Txakoli Arritxola upategia<\/title>\n<meta name=\"robots\" content=\"index, follow, max-snippet:-1, max-image-preview:large, max-video-preview:-1\" \/>\n<link rel=\"canonical\" href=\"https:\/\/txakoliarritxola.com\/?page_id=143\" \/>\n<meta property=\"og:locale\" content=\"es_ES\" \/>\n<meta property=\"og:type\" content=\"article\" \/>\n<meta property=\"og:title\" content=\"HISTORIA - Bodega Txakoli Arritxola upategia\" \/>\n<meta property=\"og:description\" content=\"HISTORIA Desde 1986. Durangaldea es un valle situado en el centro del Pa\u00eds Vasco, con una amplia tradici\u00f3n en la elaboraci\u00f3n del txakoli hasta principios del siglo XIX cuando la plaga de la filoxera arras\u00f3 con la pr\u00e1ctica totalidad de sus vi\u00f1edos. As\u00ed se mantuvo hasta el a\u00f1o 1986, cuando Juan Antonio Sarasketa Legina (fundador [&hellip;]\" \/>\n<meta property=\"og:url\" content=\"https:\/\/txakoliarritxola.com\/?page_id=143\" \/>\n<meta property=\"og:site_name\" content=\"Bodega Txakoli Arritxola upategia\" \/>\n<meta property=\"article:modified_time\" content=\"2023-01-13T07:05:50+00:00\" \/>\n<meta property=\"og:image\" content=\"http:\/\/txakoliarritxola.com\/wp-content\/uploads\/2020\/04\/Durangaldea-Imanol-Aragon-1024x577-1-300x169.jpg\" \/>\n<meta name=\"twitter:card\" content=\"summary_large_image\" \/>\n<meta name=\"twitter:label1\" content=\"Tiempo de lectura\" \/>\n\t<meta name=\"twitter:data1\" content=\"1 minuto\" \/>\n<script type=\"application\/ld+json\" class=\"yoast-schema-graph\">{\"@context\":\"https:\/\/schema.org\",\"@graph\":[{\"@type\":\"WebPage\",\"@id\":\"https:\/\/txakoliarritxola.com\/?page_id=143\",\"url\":\"https:\/\/txakoliarritxola.com\/?page_id=143\",\"name\":\"HISTORIA - Bodega Txakoli Arritxola upategia\",\"isPartOf\":{\"@id\":\"https:\/\/txakoliarritxola.com\/#website\"},\"primaryImageOfPage\":{\"@id\":\"https:\/\/txakoliarritxola.com\/?page_id=143#primaryimage\"},\"image\":{\"@id\":\"https:\/\/txakoliarritxola.com\/?page_id=143#primaryimage\"},\"thumbnailUrl\":\"http:\/\/txakoliarritxola.com\/wp-content\/uploads\/2020\/04\/Durangaldea-Imanol-Aragon-1024x577-1-300x169.jpg\",\"datePublished\":\"2020-04-18T13:51:12+00:00\",\"dateModified\":\"2023-01-13T07:05:50+00:00\",\"breadcrumb\":{\"@id\":\"https:\/\/txakoliarritxola.com\/?page_id=143#breadcrumb\"},\"inLanguage\":\"es\",\"potentialAction\":[{\"@type\":\"ReadAction\",\"target\":[\"https:\/\/txakoliarritxola.com\/?page_id=143\"]}]},{\"@type\":\"ImageObject\",\"inLanguage\":\"es\",\"@id\":\"https:\/\/txakoliarritxola.com\/?page_id=143#primaryimage\",\"url\":\"https:\/\/txakoliarritxola.com\/wp-content\/uploads\/2020\/04\/Durangaldea-Imanol-Aragon-1024x577-1.jpg\",\"contentUrl\":\"https:\/\/txakoliarritxola.com\/wp-content\/uploads\/2020\/04\/Durangaldea-Imanol-Aragon-1024x577-1.jpg\",\"width\":1024,\"height\":577},{\"@type\":\"BreadcrumbList\",\"@id\":\"https:\/\/txakoliarritxola.com\/?page_id=143#breadcrumb\",\"itemListElement\":[{\"@type\":\"ListItem\",\"position\":1,\"name\":\"Portada\",\"item\":\"https:\/\/txakoliarritxola.com\/\"},{\"@type\":\"ListItem\",\"position\":2,\"name\":\"HISTORIA\"}]},{\"@type\":\"WebSite\",\"@id\":\"https:\/\/txakoliarritxola.com\/#website\",\"url\":\"https:\/\/txakoliarritxola.com\/\",\"name\":\"Bodega Txakoli Arritxola upategia\",\"description\":\"Txakoli y destilados exclusivos en la Ribera del Ibaizabal\",\"potentialAction\":[{\"@type\":\"SearchAction\",\"target\":{\"@type\":\"EntryPoint\",\"urlTemplate\":\"https:\/\/txakoliarritxola.com\/?s={search_term_string}\"},\"query-input\":{\"@type\":\"PropertyValueSpecification\",\"valueRequired\":true,\"valueName\":\"search_term_string\"}}],\"inLanguage\":\"es\"}]}<\/script>\n<!-- \/ Yoast SEO plugin. -->","yoast_head_json":{"title":"HISTORIA - Bodega Txakoli Arritxola upategia","robots":{"index":"index","follow":"follow","max-snippet":"max-snippet:-1","max-image-preview":"max-image-preview:large","max-video-preview":"max-video-preview:-1"},"canonical":"https:\/\/txakoliarritxola.com\/?page_id=143","og_locale":"es_ES","og_type":"article","og_title":"HISTORIA - Bodega Txakoli Arritxola upategia","og_description":"HISTORIA Desde 1986. Durangaldea es un valle situado en el centro del Pa\u00eds Vasco, con una amplia tradici\u00f3n en la elaboraci\u00f3n del txakoli hasta principios del siglo XIX cuando la plaga de la filoxera arras\u00f3 con la pr\u00e1ctica totalidad de sus vi\u00f1edos. As\u00ed se mantuvo hasta el a\u00f1o 1986, cuando Juan Antonio Sarasketa Legina (fundador [&hellip;]","og_url":"https:\/\/txakoliarritxola.com\/?page_id=143","og_site_name":"Bodega Txakoli Arritxola upategia","article_modified_time":"2023-01-13T07:05:50+00:00","og_image":[{"url":"http:\/\/txakoliarritxola.com\/wp-content\/uploads\/2020\/04\/Durangaldea-Imanol-Aragon-1024x577-1-300x169.jpg"}],"twitter_card":"summary_large_image","twitter_misc":{"Tiempo de lectura":"1 minuto"},"schema":{"@context":"https:\/\/schema.org","@graph":[{"@type":"WebPage","@id":"https:\/\/txakoliarritxola.com\/?page_id=143","url":"https:\/\/txakoliarritxola.com\/?page_id=143","name":"HISTORIA - Bodega Txakoli Arritxola upategia","isPartOf":{"@id":"https:\/\/txakoliarritxola.com\/#website"},"primaryImageOfPage":{"@id":"https:\/\/txakoliarritxola.com\/?page_id=143#primaryimage"},"image":{"@id":"https:\/\/txakoliarritxola.com\/?page_id=143#primaryimage"},"thumbnailUrl":"http:\/\/txakoliarritxola.com\/wp-content\/uploads\/2020\/04\/Durangaldea-Imanol-Aragon-1024x577-1-300x169.jpg","datePublished":"2020-04-18T13:51:12+00:00","dateModified":"2023-01-13T07:05:50+00:00","breadcrumb":{"@id":"https:\/\/txakoliarritxola.com\/?page_id=143#breadcrumb"},"inLanguage":"es","potentialAction":[{"@type":"ReadAction","target":["https:\/\/txakoliarritxola.com\/?page_id=143"]}]},{"@type":"ImageObject","inLanguage":"es","@id":"https:\/\/txakoliarritxola.com\/?page_id=143#primaryimage","url":"https:\/\/txakoliarritxola.com\/wp-content\/uploads\/2020\/04\/Durangaldea-Imanol-Aragon-1024x577-1.jpg","contentUrl":"https:\/\/txakoliarritxola.com\/wp-content\/uploads\/2020\/04\/Durangaldea-Imanol-Aragon-1024x577-1.jpg","width":1024,"height":577},{"@type":"BreadcrumbList","@id":"https:\/\/txakoliarritxola.com\/?page_id=143#breadcrumb","itemListElement":[{"@type":"ListItem","position":1,"name":"Portada","item":"https:\/\/txakoliarritxola.com\/"},{"@type":"ListItem","position":2,"name":"HISTORIA"}]},{"@type":"WebSite","@id":"https:\/\/txakoliarritxola.com\/#website","url":"https:\/\/txakoliarritxola.com\/","name":"Bodega Txakoli Arritxola upategia","description":"Txakoli y destilados exclusivos en la Ribera del Ibaizabal","potentialAction":[{"@type":"SearchAction","target":{"@type":"EntryPoint","urlTemplate":"https:\/\/txakoliarritxola.com\/?s={search_term_string}"},"query-input":{"@type":"PropertyValueSpecification","valueRequired":true,"valueName":"search_term_string"}}],"inLanguage":"es"}]}},"_links":{"self":[{"href":"https:\/\/txakoliarritxola.com\/index.php?rest_route=\/wp\/v2\/pages\/143"}],"collection":[{"href":"https:\/\/txakoliarritxola.com\/index.php?rest_route=\/wp\/v2\/pages"}],"about":[{"href":"https:\/\/txakoliarritxola.com\/index.php?rest_route=\/wp\/v2\/types\/page"}],"author":[{"embeddable":true,"href":"https:\/\/txakoliarritxola.com\/index.php?rest_route=\/wp\/v2\/users\/1"}],"replies":[{"embeddable":true,"href":"https:\/\/txakoliarritxola.com\/index.php?rest_route=%2Fwp%2Fv2%2Fcomments&post=143"}],"version-history":[{"count":13,"href":"https:\/\/txakoliarritxola.com\/index.php?rest_route=\/wp\/v2\/pages\/143\/revisions"}],"predecessor-version":[{"id":489,"href":"https:\/\/txakoliarritxola.com\/index.php?rest_route=\/wp\/v2\/pages\/143\/revisions\/489"}],"wp:attachment":[{"href":"https:\/\/txakoliarritxola.com\/index.php?rest_route=%2Fwp%2Fv2%2Fmedia&parent=143"}],"curies":[{"name":"wp","href":"https:\/\/api.w.org\/{rel}","templated":true}]}}