{"id":138,"date":"2020-04-18T13:39:36","date_gmt":"2020-04-18T13:39:36","guid":{"rendered":"https:\/\/txakoliarritxola.com\/?page_id=138"},"modified":"2023-01-13T07:06:24","modified_gmt":"2023-01-13T07:06:24","slug":"nuestra-tierra","status":"publish","type":"page","link":"https:\/\/txakoliarritxola.com\/?page_id=138","title":{"rendered":"NUESTRA TIERRA"},"content":{"rendered":"\t\t<div data-elementor-type=\"wp-page\" data-elementor-id=\"138\" class=\"elementor elementor-138\">\n\t\t\t\t\t\t<section class=\"elementor-section elementor-top-section elementor-element elementor-element-013c5f6 elementor-section-boxed elementor-section-height-default elementor-section-height-default\" data-id=\"013c5f6\" data-element_type=\"section\">\n\t\t\t\t\t\t<div class=\"elementor-container elementor-column-gap-default\">\n\t\t\t\t\t<div class=\"elementor-column elementor-col-100 elementor-top-column elementor-element elementor-element-cb0b1f7\" data-id=\"cb0b1f7\" data-element_type=\"column\">\n\t\t\t<div class=\"elementor-widget-wrap elementor-element-populated\">\n\t\t\t\t\t\t<div class=\"elementor-element elementor-element-a6d910d elementor-widget elementor-widget-heading\" data-id=\"a6d910d\" data-element_type=\"widget\" data-widget_type=\"heading.default\">\n\t\t\t\t<div class=\"elementor-widget-container\">\n\t\t\t<h2 class=\"elementor-heading-title elementor-size-xl\">NUESTRA TIERRA<\/h2>\t\t<\/div>\n\t\t\t\t<\/div>\n\t\t\t\t\t<\/div>\n\t\t<\/div>\n\t\t\t\t\t<\/div>\n\t\t<\/section>\n\t\t\t\t<section class=\"elementor-section elementor-top-section elementor-element elementor-element-30092de8 elementor-section-boxed elementor-section-height-default elementor-section-height-default\" data-id=\"30092de8\" data-element_type=\"section\">\n\t\t\t\t\t\t<div class=\"elementor-container elementor-column-gap-default\">\n\t\t\t\t\t<div class=\"elementor-column elementor-col-100 elementor-top-column elementor-element elementor-element-7b9f8d0b\" data-id=\"7b9f8d0b\" data-element_type=\"column\">\n\t\t\t<div class=\"elementor-widget-wrap elementor-element-populated\">\n\t\t\t\t\t\t<div class=\"elementor-element elementor-element-45b641e3 elementor-widget elementor-widget-text-editor\" data-id=\"45b641e3\" data-element_type=\"widget\" data-widget_type=\"text-editor.default\">\n\t\t\t\t<div class=\"elementor-widget-container\">\n\t\t\t\t\t\t\t<p><span style=\"color: #000000;\"><strong><em>Durango, Pa\u00eds Vasco, Euskal Herria, Basque Country<\/em><\/strong><\/span><\/p><p><span style=\"color: #000000;\">En Durangaldea (Valle de Durango) entre la Ribera del R\u00edo Ibaizabal y junto a las laderas del Monte Anboto, en el centro del Pa\u00eds Vasco, se ubican nuestros vi\u00f1edos, bodega y destiler\u00eda. <strong>Txakoli Arritxola<\/strong>, una explotaci\u00f3n agraria familiar que a\u00fana historia, tradici\u00f3n, tierra, txakoli y mitolog\u00eda. Pues la Dama de Anboto cuida nuestra vivienda y cosechas e inspira nuestros licores espirituales como agua de vida y salud.<\/span><\/p><p><span style=\"color: #000000;\">\u00a0<\/span><\/p><p><img fetchpriority=\"high\" decoding=\"async\" class=\"wp-image-43 aligncenter\" src=\"http:\/\/txakoliarritxola.com\/wp-content\/uploads\/2020\/04\/parque-natural-de-Urkiola-300x204.jpg\" alt=\"\" width=\"600\" height=\"408\" srcset=\"https:\/\/txakoliarritxola.com\/wp-content\/uploads\/2020\/04\/parque-natural-de-Urkiola-300x204.jpg 300w, https:\/\/txakoliarritxola.com\/wp-content\/uploads\/2020\/04\/parque-natural-de-Urkiola-600x408.jpg 600w, https:\/\/txakoliarritxola.com\/wp-content\/uploads\/2020\/04\/parque-natural-de-Urkiola.jpg 735w\" sizes=\"(max-width: 600px) 100vw, 600px\" \/><\/p>\t\t\t\t\t\t<\/div>\n\t\t\t\t<\/div>\n\t\t\t\t\t<\/div>\n\t\t<\/div>\n\t\t\t\t\t<\/div>\n\t\t<\/section>\n\t\t\t\t<section class=\"elementor-section elementor-top-section elementor-element elementor-element-a325bb0 elementor-section-boxed elementor-section-height-default elementor-section-height-default\" data-id=\"a325bb0\" data-element_type=\"section\">\n\t\t\t\t\t\t<div class=\"elementor-container elementor-column-gap-default\">\n\t\t\t\t\t<div class=\"elementor-column elementor-col-100 elementor-top-column elementor-element elementor-element-fc3e169\" data-id=\"fc3e169\" data-element_type=\"column\">\n\t\t\t<div class=\"elementor-widget-wrap elementor-element-populated\">\n\t\t\t\t\t\t<div class=\"elementor-element elementor-element-190bd88 elementor-align-center elementor-widget elementor-widget-button\" data-id=\"190bd88\" data-element_type=\"widget\" data-widget_type=\"button.default\">\n\t\t\t\t<div class=\"elementor-widget-container\">\n\t\t\t\t\t<div class=\"elementor-button-wrapper\">\n\t\t\t<a class=\"elementor-button elementor-button-link elementor-size-sm\" href=\"https:\/\/tienda.txakoliarritxola.com\/es\/\" target=\"_blank\">\n\t\t\t\t\t\t<span class=\"elementor-button-content-wrapper\">\n\t\t\t\t\t\t\t\t\t<span class=\"elementor-button-text\">Haz clic aqu\u00ed<\/span>\n\t\t\t\t\t<\/span>\n\t\t\t\t\t<\/a>\n\t\t<\/div>\n\t\t\t\t<\/div>\n\t\t\t\t<\/div>\n\t\t\t\t\t<\/div>\n\t\t<\/div>\n\t\t\t\t\t<\/div>\n\t\t<\/section>\n\t\t\t\t<section class=\"elementor-section elementor-top-section elementor-element elementor-element-be9a12b elementor-section-boxed elementor-section-height-default elementor-section-height-default\" data-id=\"be9a12b\" data-element_type=\"section\">\n\t\t\t\t\t\t<div class=\"elementor-container elementor-column-gap-default\">\n\t\t\t\t\t<div class=\"elementor-column elementor-col-100 elementor-top-column elementor-element elementor-element-ab8e581\" data-id=\"ab8e581\" data-element_type=\"column\">\n\t\t\t<div class=\"elementor-widget-wrap elementor-element-populated\">\n\t\t\t\t\t\t<div class=\"elementor-element elementor-element-9dc4271 elementor-widget elementor-widget-image\" data-id=\"9dc4271\" data-element_type=\"widget\" data-widget_type=\"image.default\">\n\t\t\t\t<div class=\"elementor-widget-container\">\n\t\t\t\t\t\t\t\t\t\t\t\t\t\t<a href=\"https:\/\/tienda.txakoliarritxola.com\/es\/\" target=\"_blank\">\n\t\t\t\t\t\t\t<img decoding=\"async\" width=\"350\" height=\"232\" src=\"https:\/\/txakoliarritxola.com\/wp-content\/uploads\/2020\/04\/venta.jpg\" class=\"attachment-large size-large wp-image-66\" alt=\"\" srcset=\"https:\/\/txakoliarritxola.com\/wp-content\/uploads\/2020\/04\/venta.jpg 350w, https:\/\/txakoliarritxola.com\/wp-content\/uploads\/2020\/04\/venta-300x199.jpg 300w\" sizes=\"(max-width: 350px) 100vw, 350px\" \/>\t\t\t\t\t\t\t\t<\/a>\n\t\t\t\t\t\t\t\t\t\t\t\t\t<\/div>\n\t\t\t\t<\/div>\n\t\t\t\t\t<\/div>\n\t\t<\/div>\n\t\t\t\t\t<\/div>\n\t\t<\/section>\n\t\t\t\t<\/div>\n\t\t","protected":false},"excerpt":{"rendered":"<p>NUESTRA TIERRA Durango, Pa\u00eds Vasco, Euskal Herria, Basque Country En Durangaldea (Valle de Durango) entre la Ribera del R\u00edo Ibaizabal y junto a las laderas del Monte Anboto, en el centro del Pa\u00eds Vasco, se ubican nuestros vi\u00f1edos, bodega y destiler\u00eda. Txakoli Arritxola, una explotaci\u00f3n agraria familiar que a\u00fana historia, tradici\u00f3n, tierra, txakoli y mitolog\u00eda. [&hellip;]<\/p>\n","protected":false},"author":1,"featured_media":0,"parent":0,"menu_order":0,"comment_status":"closed","ping_status":"closed","template":"elementor_header_footer","meta":{"om_disable_all_campaigns":false,"_monsterinsights_skip_tracking":false,"_monsterinsights_sitenote_active":false,"_monsterinsights_sitenote_note":"","_monsterinsights_sitenote_category":0,"_uf_show_specific_survey":0,"_uf_disable_surveys":false,"footnotes":""},"class_list":["post-138","page","type-page","status-publish","hentry"],"aioseo_notices":[],"yoast_head":"<!-- This site is optimized with the Yoast SEO plugin v23.5 - https:\/\/yoast.com\/wordpress\/plugins\/seo\/ -->\n<title>NUESTRA TIERRA - Bodega Txakoli Arritxola upategia<\/title>\n<meta name=\"robots\" content=\"index, follow, max-snippet:-1, max-image-preview:large, max-video-preview:-1\" \/>\n<link rel=\"canonical\" href=\"https:\/\/txakoliarritxola.com\/?page_id=138\" \/>\n<meta property=\"og:locale\" content=\"es_ES\" \/>\n<meta property=\"og:type\" content=\"article\" \/>\n<meta property=\"og:title\" content=\"NUESTRA TIERRA - Bodega Txakoli Arritxola upategia\" \/>\n<meta property=\"og:description\" content=\"NUESTRA TIERRA Durango, Pa\u00eds Vasco, Euskal Herria, Basque Country En Durangaldea (Valle de Durango) entre la Ribera del R\u00edo Ibaizabal y junto a las laderas del Monte Anboto, en el centro del Pa\u00eds Vasco, se ubican nuestros vi\u00f1edos, bodega y destiler\u00eda. Txakoli Arritxola, una explotaci\u00f3n agraria familiar que a\u00fana historia, tradici\u00f3n, tierra, txakoli y mitolog\u00eda. [&hellip;]\" \/>\n<meta property=\"og:url\" content=\"https:\/\/txakoliarritxola.com\/?page_id=138\" \/>\n<meta property=\"og:site_name\" content=\"Bodega Txakoli Arritxola upategia\" \/>\n<meta property=\"article:modified_time\" content=\"2023-01-13T07:06:24+00:00\" \/>\n<meta property=\"og:image\" content=\"http:\/\/txakoliarritxola.com\/wp-content\/uploads\/2020\/04\/parque-natural-de-Urkiola-300x204.jpg\" \/>\n<meta name=\"twitter:card\" content=\"summary_large_image\" \/>\n<script type=\"application\/ld+json\" class=\"yoast-schema-graph\">{\"@context\":\"https:\/\/schema.org\",\"@graph\":[{\"@type\":\"WebPage\",\"@id\":\"https:\/\/txakoliarritxola.com\/?page_id=138\",\"url\":\"https:\/\/txakoliarritxola.com\/?page_id=138\",\"name\":\"NUESTRA TIERRA - Bodega Txakoli Arritxola upategia\",\"isPartOf\":{\"@id\":\"https:\/\/txakoliarritxola.com\/#website\"},\"primaryImageOfPage\":{\"@id\":\"https:\/\/txakoliarritxola.com\/?page_id=138#primaryimage\"},\"image\":{\"@id\":\"https:\/\/txakoliarritxola.com\/?page_id=138#primaryimage\"},\"thumbnailUrl\":\"http:\/\/txakoliarritxola.com\/wp-content\/uploads\/2020\/04\/parque-natural-de-Urkiola-300x204.jpg\",\"datePublished\":\"2020-04-18T13:39:36+00:00\",\"dateModified\":\"2023-01-13T07:06:24+00:00\",\"breadcrumb\":{\"@id\":\"https:\/\/txakoliarritxola.com\/?page_id=138#breadcrumb\"},\"inLanguage\":\"es\",\"potentialAction\":[{\"@type\":\"ReadAction\",\"target\":[\"https:\/\/txakoliarritxola.com\/?page_id=138\"]}]},{\"@type\":\"ImageObject\",\"inLanguage\":\"es\",\"@id\":\"https:\/\/txakoliarritxola.com\/?page_id=138#primaryimage\",\"url\":\"https:\/\/txakoliarritxola.com\/wp-content\/uploads\/2020\/04\/parque-natural-de-Urkiola.jpg\",\"contentUrl\":\"https:\/\/txakoliarritxola.com\/wp-content\/uploads\/2020\/04\/parque-natural-de-Urkiola.jpg\",\"width\":735,\"height\":500},{\"@type\":\"BreadcrumbList\",\"@id\":\"https:\/\/txakoliarritxola.com\/?page_id=138#breadcrumb\",\"itemListElement\":[{\"@type\":\"ListItem\",\"position\":1,\"name\":\"Portada\",\"item\":\"https:\/\/txakoliarritxola.com\/\"},{\"@type\":\"ListItem\",\"position\":2,\"name\":\"NUESTRA TIERRA\"}]},{\"@type\":\"WebSite\",\"@id\":\"https:\/\/txakoliarritxola.com\/#website\",\"url\":\"https:\/\/txakoliarritxola.com\/\",\"name\":\"Bodega Txakoli Arritxola upategia\",\"description\":\"Txakoli y destilados exclusivos en la Ribera del Ibaizabal\",\"potentialAction\":[{\"@type\":\"SearchAction\",\"target\":{\"@type\":\"EntryPoint\",\"urlTemplate\":\"https:\/\/txakoliarritxola.com\/?s={search_term_string}\"},\"query-input\":{\"@type\":\"PropertyValueSpecification\",\"valueRequired\":true,\"valueName\":\"search_term_string\"}}],\"inLanguage\":\"es\"}]}<\/script>\n<!-- \/ Yoast SEO plugin. -->","yoast_head_json":{"title":"NUESTRA TIERRA - Bodega Txakoli Arritxola upategia","robots":{"index":"index","follow":"follow","max-snippet":"max-snippet:-1","max-image-preview":"max-image-preview:large","max-video-preview":"max-video-preview:-1"},"canonical":"https:\/\/txakoliarritxola.com\/?page_id=138","og_locale":"es_ES","og_type":"article","og_title":"NUESTRA TIERRA - Bodega Txakoli Arritxola upategia","og_description":"NUESTRA TIERRA Durango, Pa\u00eds Vasco, Euskal Herria, Basque Country En Durangaldea (Valle de Durango) entre la Ribera del R\u00edo Ibaizabal y junto a las laderas del Monte Anboto, en el centro del Pa\u00eds Vasco, se ubican nuestros vi\u00f1edos, bodega y destiler\u00eda. Txakoli Arritxola, una explotaci\u00f3n agraria familiar que a\u00fana historia, tradici\u00f3n, tierra, txakoli y mitolog\u00eda. [&hellip;]","og_url":"https:\/\/txakoliarritxola.com\/?page_id=138","og_site_name":"Bodega Txakoli Arritxola upategia","article_modified_time":"2023-01-13T07:06:24+00:00","og_image":[{"url":"http:\/\/txakoliarritxola.com\/wp-content\/uploads\/2020\/04\/parque-natural-de-Urkiola-300x204.jpg"}],"twitter_card":"summary_large_image","schema":{"@context":"https:\/\/schema.org","@graph":[{"@type":"WebPage","@id":"https:\/\/txakoliarritxola.com\/?page_id=138","url":"https:\/\/txakoliarritxola.com\/?page_id=138","name":"NUESTRA TIERRA - Bodega Txakoli Arritxola upategia","isPartOf":{"@id":"https:\/\/txakoliarritxola.com\/#website"},"primaryImageOfPage":{"@id":"https:\/\/txakoliarritxola.com\/?page_id=138#primaryimage"},"image":{"@id":"https:\/\/txakoliarritxola.com\/?page_id=138#primaryimage"},"thumbnailUrl":"http:\/\/txakoliarritxola.com\/wp-content\/uploads\/2020\/04\/parque-natural-de-Urkiola-300x204.jpg","datePublished":"2020-04-18T13:39:36+00:00","dateModified":"2023-01-13T07:06:24+00:00","breadcrumb":{"@id":"https:\/\/txakoliarritxola.com\/?page_id=138#breadcrumb"},"inLanguage":"es","potentialAction":[{"@type":"ReadAction","target":["https:\/\/txakoliarritxola.com\/?page_id=138"]}]},{"@type":"ImageObject","inLanguage":"es","@id":"https:\/\/txakoliarritxola.com\/?page_id=138#primaryimage","url":"https:\/\/txakoliarritxola.com\/wp-content\/uploads\/2020\/04\/parque-natural-de-Urkiola.jpg","contentUrl":"https:\/\/txakoliarritxola.com\/wp-content\/uploads\/2020\/04\/parque-natural-de-Urkiola.jpg","width":735,"height":500},{"@type":"BreadcrumbList","@id":"https:\/\/txakoliarritxola.com\/?page_id=138#breadcrumb","itemListElement":[{"@type":"ListItem","position":1,"name":"Portada","item":"https:\/\/txakoliarritxola.com\/"},{"@type":"ListItem","position":2,"name":"NUESTRA TIERRA"}]},{"@type":"WebSite","@id":"https:\/\/txakoliarritxola.com\/#website","url":"https:\/\/txakoliarritxola.com\/","name":"Bodega Txakoli Arritxola upategia","description":"Txakoli y destilados exclusivos en la Ribera del Ibaizabal","potentialAction":[{"@type":"SearchAction","target":{"@type":"EntryPoint","urlTemplate":"https:\/\/txakoliarritxola.com\/?s={search_term_string}"},"query-input":{"@type":"PropertyValueSpecification","valueRequired":true,"valueName":"search_term_string"}}],"inLanguage":"es"}]}},"_links":{"self":[{"href":"https:\/\/txakoliarritxola.com\/index.php?rest_route=\/wp\/v2\/pages\/138"}],"collection":[{"href":"https:\/\/txakoliarritxola.com\/index.php?rest_route=\/wp\/v2\/pages"}],"about":[{"href":"https:\/\/txakoliarritxola.com\/index.php?rest_route=\/wp\/v2\/types\/page"}],"author":[{"embeddable":true,"href":"https:\/\/txakoliarritxola.com\/index.php?rest_route=\/wp\/v2\/users\/1"}],"replies":[{"embeddable":true,"href":"https:\/\/txakoliarritxola.com\/index.php?rest_route=%2Fwp%2Fv2%2Fcomments&post=138"}],"version-history":[{"count":11,"href":"https:\/\/txakoliarritxola.com\/index.php?rest_route=\/wp\/v2\/pages\/138\/revisions"}],"predecessor-version":[{"id":462,"href":"https:\/\/txakoliarritxola.com\/index.php?rest_route=\/wp\/v2\/pages\/138\/revisions\/462"}],"wp:attachment":[{"href":"https:\/\/txakoliarritxola.com\/index.php?rest_route=%2Fwp%2Fv2%2Fmedia&parent=138"}],"curies":[{"name":"wp","href":"https:\/\/api.w.org\/{rel}","templated":true}]}}